{"id":5462,"date":"2022-12-23T11:56:37","date_gmt":"2022-12-23T11:56:37","guid":{"rendered":"https:\/\/coralforyou.eu\/?post_type=product&#038;p=5462"},"modified":"2025-04-12T13:29:01","modified_gmt":"2025-04-12T13:29:01","slug":"assimilator-coral-club","status":"publish","type":"product","link":"https:\/\/coralforyou.eu\/de\/produkt\/assimilator-coral-club\/","title":{"rendered":"Assimilator Coral Club \u2013 nat\u00fcrliche Enzyme, die die Verdauung unterst\u00fctzen"},"content":{"rendered":"<h1><\/h1>\n<h1><b><a href=\"https:\/\/coralforyou.eu\/de\/\">Assimilator Coral Club<\/a>\u00a0\u2014 nat\u00fcrliche Verdauungsenzyme<\/b><\/h1>\n<p>Assimilator ist ein Nahrungserg\u00e4nzungsmittel, das eine Mischung aus Enzymen enth\u00e4lt, die die Verdauung von Nahrungsmitteln, einschlie\u00dflich Proteinen, Kohlenhydraten und Fetten, unterst\u00fctzen. Dies kann Ihnen beim Abnehmen helfen. Enzyme spielen eine wichtige Rolle bei der Aufrechterhaltung der t\u00e4glichen Vitalit\u00e4t, indem sie eine optimale Verdauung unterst\u00fctzen, weshalb dieses Nahrungserg\u00e4nzungsmittel besonders f\u00fcr Menschen empfohlen wird, die abnehmen m\u00f6chten.<\/p>\n<h2>Assimilator \u2013 was genau ist das?<\/h2>\n<p>Assimilator ist ein Nahrungserg\u00e4nzungsmittel, das eine Mischung aus Enzymen enth\u00e4lt, die die Verdauung von Nahrungsmitteln, einschlie\u00dflich Proteinen, Kohlenhydraten und Fetten, unterst\u00fctzen. Dies kann Ihnen beim Abnehmen helfen. Enzyme spielen eine wichtige Rolle bei der Aufrechterhaltung der t\u00e4glichen Vitalit\u00e4t, indem sie eine optimale Verdauung unterst\u00fctzen, weshalb dieses Nahrungserg\u00e4nzungsmittel besonders f\u00fcr Menschen mit Gewichtsverlust empfohlen wird.<\/p>\n<p>Assimilator enth\u00e4lt au\u00dferdem Vitamin D, das zur Aufrechterhaltung des richtigen Kalziumspiegels im Blut beitr\u00e4gt, an der Regulierung des Kalzium- und Phosphatstoffwechsels beteiligt ist, die Knochenbildung unterst\u00fctzt, an der Zellteilung und Muskelfunktion beteiligt ist. Au\u00dferdem verbessert es die Durchl\u00e4ssigkeit der Darmw\u00e4nde, wodurch der K\u00f6rper N\u00e4hrstoffe aus der Nahrung besser aufnehmen kann.<\/p>\n<p>Dar\u00fcber hinaus enth\u00e4lt Assimilator Vitamin A, das das Immunsystem, die Hautgesundheit und den Eisenstoffwechsel unterst\u00fctzt. Es tr\u00e4gt auch zu einer guten Sehkraft und der ordnungsgem\u00e4\u00dfen Funktion von Haut und Schleimh\u00e4uten bei. Bewertungen deuten darauf hin, dass dieses Pr\u00e4parat das Sehverm\u00f6gen verbessern und ein gesundes Sehverm\u00f6gen unterst\u00fctzen kann.<\/p>\n<h2>Assimilator \u2013 Zusammensetzung und Vorteile<\/h2>\n<p>Dieses Nahrungserg\u00e4nzungsmittel enth\u00e4lt verschiedene Enzyme, die die Verdauung und Aufnahme von N\u00e4hrstoffen unterst\u00fctzen. Lipase ist eines dieser Enzyme und seine Aufgabe besteht darin, tierische Fette im D\u00fcnndarm abzubauen und in Fetts\u00e4uren umzuwandeln, die vom K\u00f6rper leichter aufgenommen werden k\u00f6nnen. Lipase unterst\u00fctzt auch die Verdauung und Aufnahme der Vitamine A und D.<\/p>\n<p>Ein weiteres im Nahrungserg\u00e4nzungsmittel enthaltenes Enzym ist Protease, das Proteine in leichter verdauliche Aminos\u00e4uren spaltet. Protease verhindert die Bildung von Nahrungsr\u00fcckst\u00e4nden an den Darmw\u00e4nden, reduziert die Bildung von Ablagerungen und verbessert den Proteinstoffwechsel. Dar\u00fcber hinaus fungiert es als starke Abwehr gegen pathogene Mikroorganismen und unterst\u00fctzt die k\u00f6rpereigenen Immunprozesse.<\/p>\n<p>Cellulose, ein weiteres Enzym im Nahrungserg\u00e4nzungsmittel, unterst\u00fctzt die Verdauung von Pflanzenfasern, die f\u00fcr die Erhaltung eines gesunden Darms wichtig sind. Zellulose spaltet Ballaststoffe in Glukose auf, die den Hauptbrennstoff des K\u00f6rpers darstellt. Es erh\u00f6ht auch den N\u00e4hrwert von Getreide, Obst und Gem\u00fcse.<\/p>\n<h3>Assimilator \u2013 wer kann ihn nutzen?<\/h3>\n<p>Assimilator ist ein Nahrungserg\u00e4nzungsmittel f\u00fcr Erwachsene, die ihre allgemeine Gesundheit und ihr Wohlbefinden durch die F\u00f6rderung einer optimalen Verdauung unterst\u00fctzen m\u00f6chten. Es wird Menschen empfohlen, die abnehmen, die Verdauung verbessern und das Energieniveau steigern m\u00f6chten.<\/p>\n<p>Es wird besonders f\u00fcr Menschen empfohlen, die Probleme mit der Verdauung von Fetten, Proteinen und Kohlenhydraten haben, da die in Assimilator enthaltenen Enzyme beim Abbau dieser N\u00e4hrstoffe und bei deren Aufnahme helfen k\u00f6nnen. Es enth\u00e4lt au\u00dferdem die Vitamine A und D, die verschiedene gesundheitliche Vorteile haben, wie z. B. die Unterst\u00fctzung des Immunsystems, der Hautgesundheit und des Eisenstoffwechsels.<\/p>\n<p>Bitte beachten Sie au\u00dferdem, dass Assimilator ein Nahrungserg\u00e4nzungsmittel ist und nicht als Ersatz f\u00fcr eine ausgewogene Ern\u00e4hrung und einen gesunden Lebensstil verwendet werden sollte. Es ist au\u00dferdem wichtig, dass Sie Ihren Arzt konsultieren, bevor Sie Assimilator verwenden, insbesondere wenn Sie unter Vorerkrankungen leiden oder Medikamente einnehmen.<\/p>\n<h3>Assimilator \u2013 Rezensionen<\/h3>\n<h6>Was sagen Verbraucher zu diesem Produkt?<\/h6>\n<blockquote><p>\u201eIch benutze Assimilator jetzt seit ein paar Wochen und ich muss sagen, dass ich von den Ergebnissen beeindruckt bin. Ich k\u00e4mpfe schon seit einiger Zeit mit Verdauungsproblemen und dieses Nahrungserg\u00e4nzungsmittel hat mir wirklich geholfen, mich besser zu f\u00fchlen.<\/p>\n<p>Die im Assimilator enthaltenen Enzyme wie Lipase, Protease und Cellulose haben mir dabei geholfen, die Nahrung effizienter aufzuspalten und ich habe eine deutliche Verbesserung meiner Verdauung festgestellt. Ich f\u00fchle mich nach dem Essen nicht mehr aufgebl\u00e4ht oder unwohl und auch mein Energielevel ist gestiegen.<\/p>\n<p>Eine weitere Sache, die mir aufgefallen ist, ist, dass ich abgenommen habe, seit ich mit der Einnahme des Nahrungserg\u00e4nzungsmittels begonnen habe. Ich denke, das Nahrungserg\u00e4nzungsmittel hilft mir, Fette und Kohlenhydrate besser zu verdauen, was mir beim Abnehmen hilft.<\/p>\n<p>Ich sch\u00e4tze auch, dass das Nahrungserg\u00e4nzungsmittel die Vitamine A und D enth\u00e4lt, die verschiedene gesundheitsf\u00f6rdernde Eigenschaften haben. Ich habe festgestellt, dass meine Haut besser aussieht und mein Immunsystem gest\u00e4rkt ist.<\/p>\n<p>Insgesamt kann ich Assimilator jedem w\u00e4rmstens empfehlen, der mit Verdauungsproblemen zu k\u00e4mpfen hat oder abnehmen m\u00f6chte. Es ist eine gro\u00dfartige Erg\u00e4nzung, die wirklich funktioniert!\u201c\u00a0<strong>Sia, 29 Jahre alt.<\/strong><\/p>\n<p>\u201eIch habe vor kurzem mit der Verwendung von Assimilator begonnen und bin mit den Ergebnissen sehr zufrieden. Das Nahrungserg\u00e4nzungsmittel enth\u00e4lt eine Mischung aus Enzymen, die die Verdauung von Nahrungsmitteln unterst\u00fctzen, darunter Proteine, Kohlenhydrate und Fette. Es hat mir geholfen, meine Verdauung zu verbessern und die Ansammlung von Giftstoffen zu reduzieren. Mir ist auch aufgefallen, dass ich tags\u00fcber mehr Energie habe.<\/p>\n<p>Das Nahrungserg\u00e4nzungsmittel enth\u00e4lt au\u00dferdem Vitamin D, das zur Aufrechterhaltung des richtigen Kalziumspiegels im Blut beitr\u00e4gt, an der Regulierung des Kalzium- und Phosphorstoffwechsels beteiligt ist, die Knochenbildung unterst\u00fctzt und an der Zellteilung und Muskelfunktion beteiligt ist. Vitamin A unterst\u00fctzt das Immunsystem, die Hautgesundheit und den Eisenstoffwechsel.<\/p>\n<p>Ich sch\u00e4tze auch, dass das Nahrungserg\u00e4nzungsmittel einfach einzunehmen ist, da es in praktischer Pulverform vorliegt, die ich mit Wasser oder Saft mischen kann. Ich kann Assimilator jedem w\u00e4rmstens empfehlen, der seine Verdauung und seine allgemeine Gesundheit verbessern m\u00f6chte. In Kombination mit dem <a href=\"https:\/\/immer.fit\/produkte\/fitline-powercocktail\/\" rel=\"noopener\">Powercocktail<\/a> kann es die Vitalit\u00e4t und das Wohlbefinden noch weiter steigern.\u201c,\u00a0<strong>Michael, 41 Jahre alt.<\/strong><\/p><\/blockquote>\n<h3>Assimilator \u2013 wo kaufen und zu welchem Preis?<\/h3>\n<p>Der Assimilator ist ein exklusives Coral Club-Produkt und kann nur in offiziellen Coral Club-Gesch\u00e4ften erworben werden \u2013 <a href=\"https:\/\/pl.coral.club\/shop\/assimilator.html?language=pl&amp;REF_CODE=455344920720&amp;utm_source=copy-link&amp;utm_medium=prod-recom\" rel=\"nofollow noopener\">HIER<\/a>. Wir raten Ihnen dringend, Plattformen von Drittanbietern wie Amazon oder E-Bay zu meiden. Dar\u00fcber hinaus, wenn Sie das Produkt kaufen\u00a0\u00a0<a href=\"https:\/\/pl.coral.club\/shop\/assimilator.html?language=pl&amp;REF_CODE=455344920720&amp;utm_source=copy-link&amp;utm_medium=prod-recom\" target=\"_blank\" rel=\"noopener nofollow\">HIER<\/a>\u00a0erhalten Sie den Assimilator-Preis um 20% niedriger.<\/p>\n<p>WICHTIG: Nahrungserg\u00e4nzungsmittel k\u00f6nnen nicht als Ersatz f\u00fcr eine abwechslungsreiche Ern\u00e4hrung verwendet werden. Das Nahrungserg\u00e4nzungsmittel sollte au\u00dferhalb der Reichweite von Kleinkindern aufbewahrt werden. Nicht anwenden bei Unvertr\u00e4glichkeit gegen\u00fcber einem der Inhaltsstoffe des Nahrungserg\u00e4nzungsmittels. DIESES PRODUKT IST NICHT ZUR DIAGNOSE, BEHANDLUNG ODER VORBEUGUNG VON KRANKHEITEN BESTIMMT.<\/p>\n<p>&nbsp;<\/p>\n<h2 style=\"text-align: center;\"><a class=\"przycisk\" href=\"https:\/\/pl.coral.club\/shop\/assimilator.html?language=pl&amp;REF_CODE=455344920720&amp;utm_source=copy-link&amp;utm_medium=prod-recom\" target=\"_blank\" rel=\"noopener nofollow\"><span class=\"VIpgJd-yAWNEb-VIpgJd-fmcmS-sn54Q\">KAUFEN SIE HIER DEN ASSIMILATOR CORAL CLUB<\/span><\/a><\/h2>\n<h2><\/h2>\n<h4 style=\"text-align: center;\">\u00dcber Coral Club<\/h4>\n<p>&nbsp;<\/p>\n<div class=\"ast-oembed-container\" style=\"height: 100%;\"><iframe title=\"Coral Club - Englisch | YourCoral.com\" width=\"500\" height=\"281\" src=\"https:\/\/www.youtube.com\/embed\/VwOMr-Ax9H0?feature=oembed\" frameborder=\"0\" allow=\"accelerometer; autoplay; clipboard-write; encrypted-media; gyroscope; picture-in-picture; web-share\" referrerpolicy=\"strict-origin-when-cross-origin\" allowfullscreen><\/iframe><\/div>","protected":false},"excerpt":{"rendered":"<p><span class=\"VIpgJd-yAWNEb-VIpgJd-fmcmS-sn54Q\">Assimilator ist ein Nahrungserg\u00e4nzungsmittel, das eine Mischung aus Enzymen enth\u00e4lt, die die Verdauung von Nahrungsmitteln, einschlie\u00dflich Proteinen, Kohlenhydraten und Fetten, unterst\u00fctzen.\u00a0<\/span>Dies kann Ihnen beim Abnehmen helfen. Enzyme spielen eine wichtige Rolle bei der Aufrechterhaltung der t\u00e4glichen Vitalit\u00e4t, indem sie eine optimale Verdauung unterst\u00fctzen, weshalb dieses Nahrungserg\u00e4nzungsmittel besonders f\u00fcr Menschen empfohlen wird, die abnehmen m\u00f6chten.<\/p>","protected":false},"featured_media":6283,"comment_status":"open","ping_status":"closed","template":"","meta":{"_monsterinsights_skip_tracking":false,"_monsterinsights_sitenote_active":false,"_monsterinsights_sitenote_note":"","_monsterinsights_sitenote_category":0,"site-sidebar-layout":"default","site-content-layout":"default","ast-site-content-layout":"default","site-content-style":"default","site-sidebar-style":"default","ast-global-header-display":"","ast-banner-title-visibility":"","ast-main-header-display":"","ast-hfb-above-header-display":"","ast-hfb-below-header-display":"","ast-hfb-mobile-header-display":"","site-post-title":"","ast-breadcrumbs-content":"","ast-featured-img":"","footer-sml-layout":"","theme-transparent-header-meta":"default","adv-header-id-meta":"","stick-header-meta":"","header-above-stick-meta":"","header-main-stick-meta":"","header-below-stick-meta":"","astra-migrate-meta-layouts":"set","ast-page-background-enabled":"default","ast-page-background-meta":{"desktop":{"background-color":"","background-image":"","background-repeat":"repeat","background-position":"center center","background-size":"auto","background-attachment":"scroll","background-type":"","background-media":"","overlay-type":"","overlay-color":"","overlay-opacity":"","overlay-gradient":""},"tablet":{"background-color":"","background-image":"","background-repeat":"repeat","background-position":"center center","background-size":"auto","background-attachment":"scroll","background-type":"","background-media":"","overlay-type":"","overlay-color":"","overlay-opacity":"","overlay-gradient":""},"mobile":{"background-color":"","background-image":"","background-repeat":"repeat","background-position":"center center","background-size":"auto","background-attachment":"scroll","background-type":"","background-media":"","overlay-type":"","overlay-color":"","overlay-opacity":"","overlay-gradient":""}},"ast-content-background-meta":{"desktop":{"background-color":"var(--ast-global-color-5)","background-image":"","background-repeat":"repeat","background-position":"center center","background-size":"auto","background-attachment":"scroll","background-type":"","background-media":"","overlay-type":"","overlay-color":"","overlay-opacity":"","overlay-gradient":""},"tablet":{"background-color":"var(--ast-global-color-5)","background-image":"","background-repeat":"repeat","background-position":"center center","background-size":"auto","background-attachment":"scroll","background-type":"","background-media":"","overlay-type":"","overlay-color":"","overlay-opacity":"","overlay-gradient":""},"mobile":{"background-color":"var(--ast-global-color-5)","background-image":"","background-repeat":"repeat","background-position":"center center","background-size":"auto","background-attachment":"scroll","background-type":"","background-media":"","overlay-type":"","overlay-color":"","overlay-opacity":"","overlay-gradient":""}}},"product_brand":[],"product_cat":[58,60],"product_tag":[],"class_list":{"0":"post-5462","1":"product","2":"type-product","3":"status-publish","4":"has-post-thumbnail","6":"product_cat-all","7":"product_cat-detox","8":"desktop-align-center","9":"tablet-align-center","10":"mobile-align-center","12":"first","13":"instock","14":"shipping-taxable","15":"product-type-external"},"_links":{"self":[{"href":"https:\/\/coralforyou.eu\/de\/wp-json\/wp\/v2\/product\/5462","targetHints":{"allow":["GET"]}}],"collection":[{"href":"https:\/\/coralforyou.eu\/de\/wp-json\/wp\/v2\/product"}],"about":[{"href":"https:\/\/coralforyou.eu\/de\/wp-json\/wp\/v2\/types\/product"}],"replies":[{"embeddable":true,"href":"https:\/\/coralforyou.eu\/de\/wp-json\/wp\/v2\/comments?post=5462"}],"version-history":[{"count":0,"href":"https:\/\/coralforyou.eu\/de\/wp-json\/wp\/v2\/product\/5462\/revisions"}],"wp:featuredmedia":[{"embeddable":true,"href":"https:\/\/coralforyou.eu\/de\/wp-json\/wp\/v2\/media\/6283"}],"wp:attachment":[{"href":"https:\/\/coralforyou.eu\/de\/wp-json\/wp\/v2\/media?parent=5462"}],"wp:term":[{"taxonomy":"product_brand","embeddable":true,"href":"https:\/\/coralforyou.eu\/de\/wp-json\/wp\/v2\/product_brand?post=5462"},{"taxonomy":"product_cat","embeddable":true,"href":"https:\/\/coralforyou.eu\/de\/wp-json\/wp\/v2\/product_cat?post=5462"},{"taxonomy":"product_tag","embeddable":true,"href":"https:\/\/coralforyou.eu\/de\/wp-json\/wp\/v2\/product_tag?post=5462"}],"curies":[{"name":"wp","href":"https:\/\/api.w.org\/{rel}","templated":true}]}}