{"id":5465,"date":"2022-12-23T11:57:47","date_gmt":"2022-12-23T11:57:47","guid":{"rendered":"https:\/\/coralforyou.eu\/?post_type=product&#038;p=5465"},"modified":"2023-08-01T20:43:51","modified_gmt":"2023-08-01T20:43:51","slug":"parashield-coral-club","status":"publish","type":"product","link":"https:\/\/coralforyou.eu\/de\/produkt\/parashield-coral-club\/","title":{"rendered":"Parashield Coral Club \u2013 Nat\u00fcrlicher antiparasit\u00e4rer Komplex"},"content":{"rendered":"<h1><a href=\"https:\/\/coralforyou.eu\/de\/\">Parashield Coral Club<\/a> &#8211; <span style=\"font-size: 18pt;\">Nat\u00fcrlicher antiparasit\u00e4rer Komplex<\/span><\/h1>\n<p>ParaShield Pack ist eine umfassende L\u00f6sung zum Schutz vor Darmparasiten. Es handelt sich um eine Kombination aus nat\u00fcrlichen Nahrungserg\u00e4nzungsmitteln, die gemeinsam unerw\u00fcnschte W\u00fcrmer wirksam und sicher aus dem K\u00f6rper entfernen. Das Kit enth\u00e4lt f\u00fcnf verschiedene Produkte, die auf verschiedene Aspekte der Parasitenbeseitigung wirken, darunter den Schutz des Verdauungssystems, die Entgiftung des K\u00f6rpers, die St\u00e4rkung der Immunit\u00e4t und die Aufrechterhaltung eines gesunden Gleichgewichts der Darmflora.<\/p>\n<ul>\n<li><strong>Was ist Parashield? <\/strong><\/li>\n<li><strong>Zusammensetzung und Vorteile seiner Verwendung? <\/strong><\/li>\n<li><strong>Wer kann Parashield verwenden? <\/strong><\/li>\n<li><strong>Was sagen Verbraucher zu diesem Produkt? Wo kann ich Parashield kaufen und f\u00fcr wie viel?<\/strong><\/li>\n<\/ul>\n<p>Experten zufolge ist eine regelm\u00e4\u00dfige antiparasit\u00e4re Prophylaxe von entscheidender Bedeutung, da Daten der Weltgesundheitsorganisation darauf hinweisen, dass fast 75% der Bev\u00f6lkerung unabh\u00e4ngig von Alter oder Geschlecht von parasit\u00e4ren Infektionen betroffen sind. ParaShield Pack wird denjenigen empfohlen, die eine umfassende und effektive L\u00f6sung zur Wurmbek\u00e4mpfung suchen.<\/p>\n<h6>Parashield \u2013 Zusammensetzung und Vorteile Das ParaShield-Set besteht aus f\u00fcnf Elementen:<\/h6>\n<ul>\n<li>Parafight - 1 Flasche (90 Kapseln)<\/li>\n<li>Korallenklettenwurzel \u2013 1 Flasche (90 Kapseln)<\/li>\n<li>MSM \u2013 1 Flasche (60 Gem\u00fcsekapseln)<\/li>\n<li>Super Flora - 1 Flasche (90 vegetarische Kapseln)<\/li>\n<li>Coral Mine \u2013 3 Packungen (30 Beutel)<\/li>\n<\/ul>\n<p>ParaShield Pack von Coral Club ist eine umfassende und nat\u00fcrliche L\u00f6sung zum Schutz vor Darmparasiten. Das Kit enth\u00e4lt f\u00fcnf verschiedene Produkte, die speziell zur Bek\u00e4mpfung verschiedener Aspekte von Parasitenbefall entwickelt wurden.<\/p>\n<p>Die ParaFight-Formel, hergestellt aus einer Mischung aus 12 verschiedenen Pflanzen, hemmt wirksam pathogene Bakterien und verbessert die Darmfunktion.<\/p>\n<p>Korallenklettenwurzel hilft, den Stoffwechsel zu normalisieren und Giftstoffe und Verunreinigungen aus dem K\u00f6rper zu entfernen.<\/p>\n<p>MSM enth\u00e4lt eine bioaktive Form von Organoschwefel, Vitamin C und Biotin, um Giftstoffe zu entfernen, antioxidativen Schutz zu bieten und den Zustand von Haut, Haaren und N\u00e4geln zu verbessern.<\/p>\n<p>Super-Flora ist eine Kombination aus Probiotika und Inulin, die ein gesundes Gleichgewicht der Darmflora wiederherstellt, w\u00e4hrend Coral-Mine ein Naturprodukt aus Japan ist, reich an Mineralien, das das Wachstum von Knochen und Bindegewebe f\u00f6rdert und eine milde tonisierende Wirkung hat. Zusammen sch\u00fctzen diese Produkte das Verdauungssystem, entgiften den K\u00f6rper, unterst\u00fctzen die Immunit\u00e4t und erhalten eine gesunde Darmflora.<\/p>\n<h3>Parashield \u2013 wer k\u00f6nnte es nutzen?<\/h3>\n<p>ParaShield Pack Coral Club ist ein Nahrungserg\u00e4nzungsmittel, das die allgemeine Gesundheit und das Wohlbefinden unterst\u00fctzen soll, indem es zum Schutz des Darmsystems, zur Entgiftung des K\u00f6rpers, zur Unterst\u00fctzung der Immunit\u00e4t und zur Aufrechterhaltung einer gesunden Darmflora beitr\u00e4gt. Es wird Personen empfohlen, die eine Prophylaxe gegen Darmparasiten durchf\u00fchren m\u00f6chten. Es wird empfohlen, die Einnahme unter Anleitung eines medizinischen Fachpersonals und als Erg\u00e4nzung zu einem gesunden Lebensstil durchzuf\u00fchren.<\/p>\n<h3>Parashield-Bewertungen<\/h3>\n<h4>Was sagen Verbraucher zu diesem Produkt?<\/h4>\n<blockquote><p>&quot;\u00a0<i>Die Entwurmung ist ein wichtiger Schritt zur Erhaltung der allgemeinen Gesundheit und des Wohlbefindens. Eine regelm\u00e4\u00dfige Entwurmung kann dazu beitragen, den Befall mit Darmparasiten zu verhindern, die verschiedene gesundheitliche Probleme wie Durchfall, Bauchschmerzen und Unterern\u00e4hrung verursachen k\u00f6nnen.\u00a0<\/i><i>Es gibt viele Entwurmungsprodukte auf dem Markt und es ist wichtig, eines zu w\u00e4hlen, das wirksam und sicher ist.\u00a0<\/i><i>Das von Coral Club angebotene ParaShield-Paket ist ein solches Produkt, das von den Benutzern positive Bewertungen erhalten hat.\u00a0<\/i><i>Die Packung enth\u00e4lt eine Kombination aus nat\u00fcrlichen Nahrungserg\u00e4nzungsmitteln, die sorgf\u00e4ltig zusammengestellt wurden, um eine wirksame und gesunde Entwurmung zu gew\u00e4hrleisten.<\/i><i><br \/>\n<\/i><i><\/i><\/p>\n<p><i><br \/>\n<\/i><i>Einer der Hauptbestandteile des ParaShield Packs ist ParaFight, eine Mischung aus Extrakten aus 12 Pflanzen, die f\u00fcr ihre antiparasit\u00e4ren Eigenschaften bekannt sind. Andere verpackte Produkte wie Coral Burdock Root, MSM, Super-Flora und Coral Mine bieten ebenfalls zus\u00e4tzliche Vorteile bei der Entgiftung des K\u00f6rpers, der Unterst\u00fctzung der Immunit\u00e4t und der Aufrechterhaltung einer gesunden Darmflora. Ich empfehle ParaShield Pack jedem, der eine umfassende und wirksame Entwurmungsl\u00f6sung sucht. Es ist wichtig zu beachten, dass dieses Produkt unter Aufsicht eines medizinischen Fachpersonals und als Erg\u00e4nzung zu einem gesunden Lebensstil eingenommen werden sollte<\/i>\u00a0&quot;,\u00a0<strong>Valery, 56 Jahre alt.<\/strong><\/p><\/blockquote>\n<h4>Parashield \u2013 Was sagen Gesundheitsexperten dazu?<\/h4>\n<blockquote><p>\u201eEntwurmung und Entgiftung sind zwei wichtige Aspekte zur Erhaltung der allgemeinen Gesundheit und des Wohlbefindens. Unter Entwurmung versteht man die Entfernung von Darmparasiten aus dem K\u00f6rper, die unbehandelt zu verschiedenen Gesundheitsproblemen f\u00fchren k\u00f6nnen. Diese Parasiten k\u00f6nnen durch kontaminierte Lebensmittel und Wasser oder durch Kontakt mit infizierten Tieren \u00fcbertragen werden. Um zu verhindern, dass diese Parasiten Ihrem K\u00f6rper schaden, ist eine regelm\u00e4\u00dfige Entwurmung unerl\u00e4sslich.<\/p>\n<p>Unter Detox hingegen versteht man den Prozess der Entfernung von Giftstoffen aus dem K\u00f6rper. Giftstoffe k\u00f6nnen aus einer Vielzahl von Quellen stammen, darunter Schadstoffe in der Umwelt, Chemikalien in Lebensmitteln und K\u00f6rperpflegeprodukten und sogar Stress und schlechte Ern\u00e4hrung. Entgiftung ist wichtig, um die nat\u00fcrliche Selbstreinigungsf\u00e4higkeit des K\u00f6rpers aufrechtzuerhalten und die sch\u00e4dlichen Auswirkungen von Giftstoffen auf den K\u00f6rper zu verhindern.<\/p>\n<p>Wenn es um Entwurmung und Entgiftung geht, wenden Sie sich am besten an einen Arzt, um eine individuelle Beratung zu erhalten. Sie k\u00f6nnen Sie durch die besten Protokolle und Produkte f\u00fchren, die sicher, effektiv und f\u00fcr Sie geeignet sind.<\/p>\n<p>Insgesamt kann ein gesunder Lebensstil mit ausgewogener Ern\u00e4hrung, regelm\u00e4\u00dfiger Bewegung und Stressbew\u00e4ltigung die nat\u00fcrliche Entgiftungs- und Entwurmungsf\u00e4higkeit des K\u00f6rpers unterst\u00fctzen. Dar\u00fcber hinaus sind verschiedene Nahrungserg\u00e4nzungsmittel und Produkte erh\u00e4ltlich, die den Entgiftungs- und Entwurmungsprozess unterst\u00fctzen k\u00f6nnen. Es ist jedoch wichtig zu wissen, dass nicht alle Nahrungserg\u00e4nzungsmittel gleich sind. Daher ist es wichtig, qualitativ hochwertige Produkte auszuw\u00e4hlen und diese unter Anleitung eines medizinischen Fachpersonals zu verwenden.<\/p>\n<p>Es ist wichtig zu bedenken, dass Entwurmung und Entgiftung als langfristige Ma\u00dfnahme zur Erhaltung der allgemeinen Gesundheit und nicht als einmalige oder gelegentliche Behandlung betrachtet werden sollten. Regelm\u00e4\u00dfige Entwurmung und Entgiftung k\u00f6nnen dazu beitragen, die Ansammlung von Giftstoffen und Parasiten im K\u00f6rper zu verhindern und zur Aufrechterhaltung einer optimalen Gesundheit und eines optimalen Wohlbefindens beizutragen.\u201c \u00a0\u00a0<strong>Michael, Gesundheits- und Ern\u00e4hrungsspezialist.<\/strong><\/p><\/blockquote>\n<h5>Parashield \u2013 Wo kann ich es kaufen und zu welchem Preis?<\/h5>\n<p>Parashield ist ein exklusives Coral Club-Produkt und kann nur in offiziellen Coral Club-Gesch\u00e4ften erworben werden \u2013 HIER. Wir raten Ihnen dringend, Plattformen von Drittanbietern wie Amazon oder E-Bay zu meiden. Dar\u00fcber hinaus, wenn Sie das Produkt kaufen\u00a0\u00a0<a href=\"https:\/\/us.coral.club\/shop\/parashield.html?language=us&amp;REF_CODE=881407598803&amp;utm_source=copy-link&amp;utm_medium=prod-recom\" target=\"_blank\" rel=\"noopener\">HIER<\/a>\u00a0, erhalten Sie den Parashield-Preis um 20% niedriger.<\/p>\n<p>WICHTIG: Nahrungserg\u00e4nzungsmittel k\u00f6nnen nicht als Ersatz f\u00fcr eine abwechslungsreiche Ern\u00e4hrung verwendet werden. Das Nahrungserg\u00e4nzungsmittel sollte au\u00dferhalb der Reichweite von Kleinkindern aufbewahrt werden. Nicht anwenden bei Unvertr\u00e4glichkeit gegen\u00fcber einem der Inhaltsstoffe des Nahrungserg\u00e4nzungsmittels.\u00a0<span class=\"VIpgJd-yAWNEb-VIpgJd-fmcmS-sn54Q\">DIESES PRODUKT IST NICHT ZUR DIAGNOSE, BEHANDLUNG ODER VORBEUGUNG VON KRANKHEITEN BESTIMMT.<\/span><\/p>\n<p>&nbsp;<\/p>\n<h2 style=\"text-align: center;\"><a class=\"przycisk\" href=\"https:\/\/cci.coral.club\/shop\/parashield-plus.html?language=pl&amp;REF_CODE=160536579867&amp;utm_source=copy-link&amp;utm_medium=prod-recom\" target=\"_blank\" rel=\"noopener\"><span class=\"\">KAUFEN SIE PARASHIELD CORAL CLUB HIER<\/span><\/a><\/h2>","protected":false},"excerpt":{"rendered":"<p>ParaShield Pack ist eine umfassende L\u00f6sung zum Schutz vor Darmparasiten. Es handelt sich um eine Kombination aus nat\u00fcrlichen Nahrungserg\u00e4nzungsmitteln, die gemeinsam unerw\u00fcnschte W\u00fcrmer wirksam und sicher aus dem K\u00f6rper entfernen. Das Kit enth\u00e4lt f\u00fcnf verschiedene Produkte, die auf verschiedene Aspekte der Parasitenbeseitigung abzielen, darunter den Schutz des Darmsystems, die Entgiftung des K\u00f6rpers, die St\u00e4rkung der Immunit\u00e4t und die Aufrechterhaltung eines gesunden Gleichgewichts der Darmflora.<\/p>","protected":false},"featured_media":6254,"comment_status":"open","ping_status":"closed","template":"","meta":{"_monsterinsights_skip_tracking":false,"_monsterinsights_sitenote_active":false,"_monsterinsights_sitenote_note":"","_monsterinsights_sitenote_category":0,"site-sidebar-layout":"default","site-content-layout":"default","ast-site-content-layout":"default","site-content-style":"default","site-sidebar-style":"default","ast-global-header-display":"","ast-banner-title-visibility":"","ast-main-header-display":"","ast-hfb-above-header-display":"","ast-hfb-below-header-display":"","ast-hfb-mobile-header-display":"","site-post-title":"","ast-breadcrumbs-content":"","ast-featured-img":"","footer-sml-layout":"","theme-transparent-header-meta":"default","adv-header-id-meta":"","stick-header-meta":"","header-above-stick-meta":"","header-main-stick-meta":"","header-below-stick-meta":"","astra-migrate-meta-layouts":"default","ast-page-background-enabled":"default","ast-page-background-meta":{"desktop":{"background-color":"","background-image":"","background-repeat":"repeat","background-position":"center center","background-size":"auto","background-attachment":"scroll","background-type":"","background-media":"","overlay-type":"","overlay-color":"","overlay-opacity":"","overlay-gradient":""},"tablet":{"background-color":"","background-image":"","background-repeat":"repeat","background-position":"center center","background-size":"auto","background-attachment":"scroll","background-type":"","background-media":"","overlay-type":"","overlay-color":"","overlay-opacity":"","overlay-gradient":""},"mobile":{"background-color":"","background-image":"","background-repeat":"repeat","background-position":"center center","background-size":"auto","background-attachment":"scroll","background-type":"","background-media":"","overlay-type":"","overlay-color":"","overlay-opacity":"","overlay-gradient":""}},"ast-content-background-meta":{"desktop":{"background-color":"var(--ast-global-color-5)","background-image":"","background-repeat":"repeat","background-position":"center center","background-size":"auto","background-attachment":"scroll","background-type":"","background-media":"","overlay-type":"","overlay-color":"","overlay-opacity":"","overlay-gradient":""},"tablet":{"background-color":"var(--ast-global-color-5)","background-image":"","background-repeat":"repeat","background-position":"center center","background-size":"auto","background-attachment":"scroll","background-type":"","background-media":"","overlay-type":"","overlay-color":"","overlay-opacity":"","overlay-gradient":""},"mobile":{"background-color":"var(--ast-global-color-5)","background-image":"","background-repeat":"repeat","background-position":"center center","background-size":"auto","background-attachment":"scroll","background-type":"","background-media":"","overlay-type":"","overlay-color":"","overlay-opacity":"","overlay-gradient":""}}},"product_brand":[],"product_cat":[58,60],"product_tag":[],"class_list":{"0":"post-5465","1":"product","2":"type-product","3":"status-publish","4":"has-post-thumbnail","6":"product_cat-all","7":"product_cat-detox","8":"desktop-align-center","9":"tablet-align-center","10":"mobile-align-center","12":"first","13":"instock","14":"shipping-taxable","15":"product-type-external"},"_links":{"self":[{"href":"https:\/\/coralforyou.eu\/de\/wp-json\/wp\/v2\/product\/5465","targetHints":{"allow":["GET"]}}],"collection":[{"href":"https:\/\/coralforyou.eu\/de\/wp-json\/wp\/v2\/product"}],"about":[{"href":"https:\/\/coralforyou.eu\/de\/wp-json\/wp\/v2\/types\/product"}],"replies":[{"embeddable":true,"href":"https:\/\/coralforyou.eu\/de\/wp-json\/wp\/v2\/comments?post=5465"}],"version-history":[{"count":0,"href":"https:\/\/coralforyou.eu\/de\/wp-json\/wp\/v2\/product\/5465\/revisions"}],"wp:featuredmedia":[{"embeddable":true,"href":"https:\/\/coralforyou.eu\/de\/wp-json\/wp\/v2\/media\/6254"}],"wp:attachment":[{"href":"https:\/\/coralforyou.eu\/de\/wp-json\/wp\/v2\/media?parent=5465"}],"wp:term":[{"taxonomy":"product_brand","embeddable":true,"href":"https:\/\/coralforyou.eu\/de\/wp-json\/wp\/v2\/product_brand?post=5465"},{"taxonomy":"product_cat","embeddable":true,"href":"https:\/\/coralforyou.eu\/de\/wp-json\/wp\/v2\/product_cat?post=5465"},{"taxonomy":"product_tag","embeddable":true,"href":"https:\/\/coralforyou.eu\/de\/wp-json\/wp\/v2\/product_tag?post=5465"}],"curies":[{"name":"wp","href":"https:\/\/api.w.org\/{rel}","templated":true}]}}