{"id":5457,"date":"2022-12-23T11:55:08","date_gmt":"2022-12-23T11:55:08","guid":{"rendered":"https:\/\/coralforyou.eu\/?post_type=product&#038;p=5457"},"modified":"2026-03-27T18:58:36","modified_gmt":"2026-03-27T18:58:36","slug":"b-luron-coral-club","status":"publish","type":"product","link":"https:\/\/coralforyou.eu\/es\/producto\/b-luron-coral-club\/","title":{"rendered":"B-Luron Coral Club - col\u00e1geno y articulaciones sanas"},"content":{"rendered":"<h1><b><a href=\"https:\/\/coralforyou.eu\/es\/\"><span class=\"VIpgJd-yAWNEb-VIpgJd-fmcmS-sn54Q\">B-Luron Coral Club<\/span><\/a><span class=\"VIpgJd-yAWNEb-VIpgJd-fmcmS-sn54Q\">\u00a0\u2013 col\u00e1geno y articulaciones sanas<\/span><\/b><\/h1>\n<p>B-Luron es un complemento alimenticio a base de \u00e1cido hialur\u00f3nico y complejo de condroitina (HCC). Se trata de un logro tecnol\u00f3gico innovador de la empresa alemana Gramme-Revit GmbH y tiene como objetivo activar la producci\u00f3n de l\u00edquido sinovial, que ayuda a reconstruir el cart\u00edlago, muy importante para nuestra movilidad.\u00a0<span class=\"Apple-converted-space\">Cuanto m\u00e1s te muevas, menos rigidez tendr\u00e1s y, por supuesto, m\u00e1s flexibilidad. Esta es la regla de oro de la salud de las articulaciones.\u00a0<\/span><\/p>\n<p>Los componentes y el mecanismo de B-Luron corresponden a los principios fundamentales de la medicina &quot;ortomolecular&quot;. Este principio consiste en restaurar y mantener la salud cambiando la concentraci\u00f3n de las sustancias responsables de la salud.<span class=\"Apple-converted-space\">\u00a0<\/span><\/p>\n<p>El fabricante ha logrado integrar una combinaci\u00f3n sin\u00e9rgica \u00fanica de dos componentes principales para la reconstrucci\u00f3n del cart\u00edlago (material el\u00e1stico que protege nuestras articulaciones): la condroitina y el \u00e1cido hialur\u00f3nico. Es importante destacar que afecta a todas las articulaciones a la vez y no pierde eficacia.<\/p>\n<p><img data-opt-id=445853632  fetchpriority=\"high\" decoding=\"async\" class=\"aligncenter wp-image-5520 size-full\" src=\"https:\/\/mlccfyajnfvu.i.optimole.com\/w:auto\/h:auto\/q:mauto\/f:best\/https:\/\/coralforyou.eu\/wp-content\/uploads\/2022\/12\/b-luron-8-Medium-1.jpeg\" alt=\"\" width=\"640\" height=\"640\" srcset=\"https:\/\/mlccfyajnfvu.i.optimole.com\/w:640\/h:640\/q:mauto\/f:best\/https:\/\/coralforyou.eu\/wp-content\/uploads\/2022\/12\/b-luron-8-Medium-1.jpeg 640w, https:\/\/mlccfyajnfvu.i.optimole.com\/w:300\/h:300\/q:mauto\/f:best\/https:\/\/coralforyou.eu\/wp-content\/uploads\/2022\/12\/b-luron-8-Medium-1.jpeg 300w, https:\/\/mlccfyajnfvu.i.optimole.com\/w:150\/h:150\/q:mauto\/f:best\/https:\/\/coralforyou.eu\/wp-content\/uploads\/2022\/12\/b-luron-8-Medium-1.jpeg 150w, https:\/\/mlccfyajnfvu.i.optimole.com\/w:600\/h:600\/q:mauto\/f:best\/https:\/\/coralforyou.eu\/wp-content\/uploads\/2022\/12\/b-luron-8-Medium-1.jpeg 600w, https:\/\/mlccfyajnfvu.i.optimole.com\/w:100\/h:100\/q:mauto\/f:best\/https:\/\/coralforyou.eu\/wp-content\/uploads\/2022\/12\/b-luron-8-Medium-1.jpeg 100w\" sizes=\"(max-width: 640px) 100vw, 640px\" \/><\/p>\n<h2>B-Lur\u00f3n \u2013\u00a0<b>Composici\u00f3n y beneficios\u00a0<\/b><b><span class=\"Apple-converted-space\">\u00a0<\/span><\/b><b><\/b><\/h2>\n<p>El \u00e1cido hialur\u00f3nico y la condroitina son los ingredientes principales de B-Luron: sulfato de condroitina: 300 mg, \u00e1cido hialur\u00f3nico: 150 mg, vitamina E: 15 mg, ingredientes complementarios.<\/p>\n<p>Ambos ingredientes juntos protegen mucho mejor las articulaciones. Si estas sustancias se toman simult\u00e1neamente, funcionan sin\u00e9rgicamente entre s\u00ed. Se complementan entre s\u00ed en la protecci\u00f3n y nutrici\u00f3n del tejido del cart\u00edlago y funcionan incomparablemente m\u00e1s eficazmente que cada uno de ellos por separado.<span class=\"Apple-converted-space\">\u00a0<\/span><\/p>\n<p>Debido a la estructura molecular modificada, el \u00e1cido hialur\u00f3nico en HCC no se destruye cuando se toma, sino que permanece estable. A act\u00faa por un lado como jeringa, aumentando mec\u00e1nicamente la cantidad de \u00e1cido hialur\u00f3nico ex\u00f3geno en la articulaci\u00f3n, y por otro como catalizador; activa el proceso de s\u00edntesis de \u00e1cido hialur\u00f3nico propio (end\u00f3geno) por los condrocitos. Al mismo tiempo, HCC afecta a todas las articulaciones simult\u00e1neamente.<span class=\"Apple-converted-space\">\u00a0<\/span><\/p>\n<p>De este modo <a href=\"https:\/\/deincoral.de\/produkte\/b-luron-coral-club\/\" rel=\"noopener\">B-Lur\u00f3n<\/a> Ayuda a mantener la salud y la movilidad de las articulaciones. Se debe tomar una taza medidora de 30 ml de B-Luron (equivalente a 450 mg de HCC) diariamente durante un mes. La mejora no se nota inmediatamente, puede ser m\u00e1s visible despu\u00e9s de 2-3 semanas (o m\u00e1s tarde) cuando el nivel de \u00e1cido hialur\u00f3nico es mayor.<\/p>\n<h3><b>\u00bfQui\u00e9n puede usar B-Luron?<\/b><\/h3>\n<p>Utilizado como complemento para fortalecer el \u00e1cido hialur\u00f3nico, B-luron es un producto recomendado para todas las personas a partir de los 30 a\u00f1os. Este producto tambi\u00e9n puede ser utilizado para tratamientos en los casos en que:<\/p>\n<ul>\n<li>\n<ul>\n<li>Sufres de artritis y otros problemas articulares.<span class=\"Apple-converted-space\">\u00a0<\/span><\/li>\n<li>Tiene problemas relacionados con la edad que afectan sus articulaciones.<span class=\"Apple-converted-space\">\u00a0<\/span><\/li>\n<li>Tienes problemas de peso en las articulaciones.<span class=\"Apple-converted-space\">\u00a0<\/span><\/li>\n<li>Sus articulaciones experimentan una presi\u00f3n excesiva debido al peso, el trabajo o el ejercicio.<span class=\"Apple-converted-space\">\u00a0<\/span><\/li>\n<li>Participas en intensas actividades deportivas y competiciones.<span class=\"Apple-converted-space\">\u00a0<\/span><\/li>\n<li>Tiene patolog\u00edas discales (protrusi\u00f3n, protuberancia discal, colapso discal)<span class=\"Apple-converted-space\">\u00a0<\/span><\/li>\n<li>Est\u00e1s en el per\u00edodo de rehabilitaci\u00f3n despu\u00e9s de una cirug\u00eda articular (saneamiento artrosc\u00f3pico)<span class=\"Apple-converted-space\">\u00a0<\/span><\/li>\n<li>Sufres de &quot;piernas torcidas&quot; y &quot;rodillas torcidas&quot;.<\/li>\n<li>Sufres de osteocondropat\u00eda en adolescentes. sufres de gota<span class=\"Apple-converted-space\">\u00a0<\/span><\/li>\n<\/ul>\n<\/li>\n<\/ul>\n<p>Es muy importante mencionar que B-luron no tiene efectos secundarios y puede usarse f\u00e1cilmente junto con otros productos. Este suplemento natural se puede combinar con fisioterapia y medicamentos para obtener resultados duraderos, hasta 3-5 meses despu\u00e9s del tratamiento. No contiene efectos secundarios y es muy f\u00e1cil de administrar.<\/p>\n<p>B-luron se enfoca en la causa ra\u00edz de los problemas de las articulaciones, funciona al nivel m\u00e1s peque\u00f1o para corregir los desequilibrios a nivel molecular y ayuda a todas las articulaciones del cuerpo.<\/p>\n<h3><b>Rese\u00f1as de B-Lur\u00f3n<\/b><\/h3>\n<h6><b>\u00bfQu\u00e9 dicen los consumidores sobre este producto?<\/b><\/h6>\n<blockquote><p>&quot;\u00a0<i>He estado usando B-luron durante tres meses y veo una gran mejora en mis articulaciones. Encontr\u00e9 este producto por pura casualidad mientras buscaba el mejor suplemento natural para tratar la artritis. Sin exagerar, este producto realmente hace su trabajo. Tengo m\u00e1s flexibilidad, no m\u00e1s dolor al hacer deporte, y mis rodillas ya no hacen ruidos de &quot;crujidos&quot;. Recomiendo B-luron de todo coraz\u00f3n<\/i> &quot;, <strong>Hola<\/strong><strong>, 55 a\u00f1os<\/strong><\/p>\n<p>&quot;\u00a0<i>B-luron literalmente me ayud\u00f3 a recuperar mi movilidad. No pude moverme durante casi un mes debido a un peque\u00f1o accidente este oto\u00f1o, y hoy me alegro de que ya no tengo dolor. Mi hija me recomend\u00f3 este producto y se lo agradezco mucho. Es f\u00e1cil de tomar, sabe como un buen jarabe, \u00a1e incluso he notado algunos cambios agradables en mi cara! Ahora disfruto de articulaciones sanas y piel radiante. Continuar\u00e9 tomando B-luron durante los pr\u00f3ximos 2 meses porque he le\u00eddo que el mejor tratamiento debe usarse durante al menos 3 meses.<\/i>\u00a0&quot;,\u00a0<strong>Lily, 36 a\u00f1os<\/strong><\/p>\n<p>\u201c\u00a0<i>Empec\u00e9 a tomar este suplemento a partir de los 30 a\u00f1os, principalmente con fines preventivos. Me gustan sus efectos y beneficios, me gustan los resultados en mi piel, mi nivel de energ\u00eda y el 100% en mis articulaciones. \u00a1Hago ejercicio regularmente y definitivamente cuido mucho mis piernas, brazos y, por supuesto, todas las partes de mi cuerpo!\u00a0<span class=\"VIpgJd-yAWNEb-VIpgJd-fmcmS-sn54Q\">B-Luron me ayuda a mantener todo mi cuerpo en buena forma y mi piel muy firme y el\u00e1stica todos los d\u00edas.\u00a0<\/span>Se lo recomiendo a todo el mundo.<\/i>\u00a0&quot;,\u00a0<strong>M\u00f3nica, 33 a\u00f1os<\/strong><\/p><\/blockquote>\n<h3><img data-opt-id=1881268189  fetchpriority=\"high\" decoding=\"async\" class=\"alignnone size-large wp-image-5621\" src=\"https:\/\/mlccfyajnfvu.i.optimole.com\/w:1024\/h:1024\/q:mauto\/f:best\/https:\/\/coralforyou.eu\/wp-content\/uploads\/2023\/01\/B-LURON33.jpeg\" alt=\"\" width=\"1024\" height=\"1024\" srcset=\"https:\/\/mlccfyajnfvu.i.optimole.com\/w:1024\/h:1024\/q:mauto\/f:best\/https:\/\/coralforyou.eu\/wp-content\/uploads\/2023\/01\/B-LURON33.jpeg 1024w, https:\/\/mlccfyajnfvu.i.optimole.com\/w:300\/h:300\/q:mauto\/f:best\/https:\/\/coralforyou.eu\/wp-content\/uploads\/2023\/01\/B-LURON33.jpeg 300w, https:\/\/mlccfyajnfvu.i.optimole.com\/w:150\/h:150\/q:mauto\/f:best\/https:\/\/coralforyou.eu\/wp-content\/uploads\/2023\/01\/B-LURON33.jpeg 150w, https:\/\/mlccfyajnfvu.i.optimole.com\/w:768\/h:768\/q:mauto\/f:best\/https:\/\/coralforyou.eu\/wp-content\/uploads\/2023\/01\/B-LURON33.jpeg 768w, https:\/\/mlccfyajnfvu.i.optimole.com\/w:600\/h:600\/q:mauto\/f:best\/https:\/\/coralforyou.eu\/wp-content\/uploads\/2023\/01\/B-LURON33.jpeg 600w, https:\/\/mlccfyajnfvu.i.optimole.com\/w:100\/h:100\/q:mauto\/f:best\/https:\/\/coralforyou.eu\/wp-content\/uploads\/2023\/01\/B-LURON33.jpeg 100w, https:\/\/mlccfyajnfvu.i.optimole.com\/w:1080\/h:1080\/q:mauto\/f:best\/https:\/\/coralforyou.eu\/wp-content\/uploads\/2023\/01\/B-LURON33.jpeg 1080w\" sizes=\"(max-width: 1000px) 100vw, 1000px\" \/><\/h3>\n<h3><\/h3>\n<h3><b>\u00bfQu\u00e9 dicen los profesionales de la salud sobre este producto?<br \/>\n<\/b><\/h3>\n<blockquote><p><i>\u201cB-Luron es un producto innovador que se puede reemplazar en gran medida con todos los tratamientos dolorosos con hialur\u00f3n. Es un producto natural que puede ser tomado por pr\u00e1cticamente cualquier persona sin efectos secundarios. Como suplemento diario o producto curativo, B-luron hace el trabajo y lo hace muy bien.\u00a0<\/i>&quot;,\u00a0<strong>Adriana Sochirca, especialista en salud, nutrici\u00f3n y regeneraci\u00f3n celular<\/strong> <b style=\"font-size: 1.1em; font-style: inherit;\">\u00bfD\u00f3nde puedo comprar B-Luron ya qu\u00e9 precio?<\/b><\/p><\/blockquote>\n<p>B-Luron es un producto exclusivo de Coral Club y solo se puede comprar en las tiendas oficiales de Coral Club - AQU\u00cd. Le recomendamos encarecidamente que evite cualquier plataforma de terceros como Amazon o E-bay. Adem\u00e1s, si compras el producto\u00a0\u00a0<a href=\"https:\/\/us.coral.club\/shop\/b-luron.html?language=us&amp;REF_CODE=881407598803&amp;utm_source=copy-link&amp;utm_medium=prod-recom\" target=\"_blank\" rel=\"noopener\">AQU\u00cd<\/a>\u00a0, obtienes B-Luron Coral Club por 20% menos.<\/p>\n<p>IMPORTANTE: Los complementos alimenticios no pueden utilizarse como sustituto de una dieta variada. El suplemento diet\u00e9tico debe almacenarse fuera del alcance de los ni\u00f1os peque\u00f1os.\u00a0<span class=\"VIpgJd-yAWNEb-VIpgJd-fmcmS-sn54Q\">No usar en caso de intolerancia a alguno de los ingredientes del complemento alimenticio.\u00a0<\/span>ESTE PRODUCTO NO EST\u00c1 DISE\u00d1ADO PARA DIAGNOSTICAR, TRATAR O PREVENIR NINGUNA ENFERMEDAD.<\/p>\n<p>&nbsp;<\/p>\n<div class=\"ast-oembed-container\" style=\"height: 100%;\"><iframe title=\"B Luron - \u00a1articulaciones sanas para una vida activa!\" width=\"500\" height=\"281\" src=\"https:\/\/www.youtube.com\/embed\/JIWowSwS1dY?feature=oembed\" frameborder=\"0\" allow=\"accelerometer; autoplay; clipboard-write; encrypted-media; gyroscope; picture-in-picture; web-share\" referrerpolicy=\"strict-origin-when-cross-origin\" allowfullscreen><\/iframe><\/div>\n<p>&nbsp;<\/p>\n<h3 style=\"text-align: center;\"><a class=\"przycisk\" href=\"https:\/\/us.coral.club\/shop\/b-luron.html?language=us&amp;REF_CODE=881407598803&amp;utm_source=copy-link&amp;utm_medium=prod-recom\" target=\"_blank\" rel=\"noopener\"><span class=\"VIpgJd-yAWNEb-VIpgJd-fmcmS-sn54Q\">COMPRAR B-LURON CORAL CLUB AQU\u00cd<\/span><\/a><\/h3>\n<h3 style=\"text-align: center;\"><\/h3>","protected":false},"excerpt":{"rendered":"<p><span class=\"VIpgJd-yAWNEb-VIpgJd-fmcmS-sn54Q\">B-Luron es un complemento alimenticio a base de \u00e1cido hialur\u00f3nico y complejo de condroitina (HCC).\u00a0<\/span>Se trata de un logro tecnol\u00f3gico innovador de la empresa alemana Gramme-Revit GmbH y tiene como objetivo activar la producci\u00f3n de l\u00edquido sinovial, que ayuda a reconstruir el cart\u00edlago, muy importante para nuestra movilidad.<span class=\"Apple-converted-space\">\u00a0<\/span><\/p>","protected":false},"featured_media":6279,"comment_status":"open","ping_status":"closed","template":"","meta":{"_monsterinsights_skip_tracking":false,"_monsterinsights_sitenote_active":false,"_monsterinsights_sitenote_note":"","_monsterinsights_sitenote_category":0,"site-sidebar-layout":"default","site-content-layout":"default","ast-site-content-layout":"default","site-content-style":"default","site-sidebar-style":"default","ast-global-header-display":"","ast-banner-title-visibility":"","ast-main-header-display":"","ast-hfb-above-header-display":"","ast-hfb-below-header-display":"","ast-hfb-mobile-header-display":"","site-post-title":"","ast-breadcrumbs-content":"","ast-featured-img":"","footer-sml-layout":"","theme-transparent-header-meta":"default","adv-header-id-meta":"","stick-header-meta":"","header-above-stick-meta":"","header-main-stick-meta":"","header-below-stick-meta":"","astra-migrate-meta-layouts":"set","ast-page-background-enabled":"default","ast-page-background-meta":{"desktop":{"background-color":"","background-image":"","background-repeat":"repeat","background-position":"center center","background-size":"auto","background-attachment":"scroll","background-type":"","background-media":"","overlay-type":"","overlay-color":"","overlay-opacity":"","overlay-gradient":""},"tablet":{"background-color":"","background-image":"","background-repeat":"repeat","background-position":"center center","background-size":"auto","background-attachment":"scroll","background-type":"","background-media":"","overlay-type":"","overlay-color":"","overlay-opacity":"","overlay-gradient":""},"mobile":{"background-color":"","background-image":"","background-repeat":"repeat","background-position":"center center","background-size":"auto","background-attachment":"scroll","background-type":"","background-media":"","overlay-type":"","overlay-color":"","overlay-opacity":"","overlay-gradient":""}},"ast-content-background-meta":{"desktop":{"background-color":"var(--ast-global-color-5)","background-image":"","background-repeat":"repeat","background-position":"center center","background-size":"auto","background-attachment":"scroll","background-type":"","background-media":"","overlay-type":"","overlay-color":"","overlay-opacity":"","overlay-gradient":""},"tablet":{"background-color":"var(--ast-global-color-5)","background-image":"","background-repeat":"repeat","background-position":"center center","background-size":"auto","background-attachment":"scroll","background-type":"","background-media":"","overlay-type":"","overlay-color":"","overlay-opacity":"","overlay-gradient":""},"mobile":{"background-color":"var(--ast-global-color-5)","background-image":"","background-repeat":"repeat","background-position":"center center","background-size":"auto","background-attachment":"scroll","background-type":"","background-media":"","overlay-type":"","overlay-color":"","overlay-opacity":"","overlay-gradient":""}}},"product_brand":[],"product_cat":[58,56,59],"product_tag":[],"class_list":{"0":"post-5457","1":"product","2":"type-product","3":"status-publish","4":"has-post-thumbnail","6":"product_cat-all","7":"product_cat-collagen","8":"product_cat-hyaluronic-acid","9":"desktop-align-center","10":"tablet-align-center","11":"mobile-align-center","13":"first","14":"instock","15":"shipping-taxable","16":"product-type-external"},"_links":{"self":[{"href":"https:\/\/coralforyou.eu\/es\/wp-json\/wp\/v2\/product\/5457","targetHints":{"allow":["GET"]}}],"collection":[{"href":"https:\/\/coralforyou.eu\/es\/wp-json\/wp\/v2\/product"}],"about":[{"href":"https:\/\/coralforyou.eu\/es\/wp-json\/wp\/v2\/types\/product"}],"replies":[{"embeddable":true,"href":"https:\/\/coralforyou.eu\/es\/wp-json\/wp\/v2\/comments?post=5457"}],"version-history":[{"count":1,"href":"https:\/\/coralforyou.eu\/es\/wp-json\/wp\/v2\/product\/5457\/revisions"}],"predecessor-version":[{"id":6440,"href":"https:\/\/coralforyou.eu\/es\/wp-json\/wp\/v2\/product\/5457\/revisions\/6440"}],"wp:featuredmedia":[{"embeddable":true,"href":"https:\/\/coralforyou.eu\/es\/wp-json\/wp\/v2\/media\/6279"}],"wp:attachment":[{"href":"https:\/\/coralforyou.eu\/es\/wp-json\/wp\/v2\/media?parent=5457"}],"wp:term":[{"taxonomy":"product_brand","embeddable":true,"href":"https:\/\/coralforyou.eu\/es\/wp-json\/wp\/v2\/product_brand?post=5457"},{"taxonomy":"product_cat","embeddable":true,"href":"https:\/\/coralforyou.eu\/es\/wp-json\/wp\/v2\/product_cat?post=5457"},{"taxonomy":"product_tag","embeddable":true,"href":"https:\/\/coralforyou.eu\/es\/wp-json\/wp\/v2\/product_tag?post=5457"}],"curies":[{"name":"wp","href":"https:\/\/api.w.org\/{rel}","templated":true}]}}