{"id":5458,"date":"2022-12-23T11:55:24","date_gmt":"2022-12-23T11:55:24","guid":{"rendered":"https:\/\/coralforyou.eu\/?post_type=product&#038;p=5458"},"modified":"2024-12-01T14:23:27","modified_gmt":"2024-12-01T14:23:27","slug":"coral-mine-coral-club","status":"publish","type":"product","link":"https:\/\/coralforyou.eu\/es\/producto\/coral-mina-coral-club\/","title":{"rendered":"Coral Mine Coral Club - un mineral de coral japon\u00e9s natural"},"content":{"rendered":"<h1><a href=\"https:\/\/coralforyou.eu\/es\/\">Coral Mine Coral Club<\/a> \u2013 un mineral natural<\/h1>\n<p>El agua es la sustancia m\u00e1s familiar en la Tierra, tanto que ya no la notamos. Hay m\u00e1s de 5,5 millones de especies de organismos vivos en el mundo. Todos menos nosotros solo bebemos agua. Bebemos de todo excepto lo que nos hace saludables.<span class=\"Apple-converted-space\">\u00a0<\/span><\/p>\n<p>\u00bfSon opciones saludables el t\u00e9 verde y negro, el caf\u00e9, el chocolate caliente y las bebidas energ\u00e9ticas? \u00bfEs realmente necesario dar bebidas dulces a los m\u00e1s peque\u00f1os desde la infancia? \u00bfEstos h\u00e1bitos los har\u00e1n m\u00e1s saludables? Responder a estas preguntas no es f\u00e1cil y requerir\u00eda una extensa investigaci\u00f3n interdisciplinaria. Sin embargo, la variedad de bebidas en el mercado se ampl\u00eda constantemente, los envases se vuelven m\u00e1s atractivos, las t\u00e1cticas de marketing se vuelven m\u00e1s agresivas y cada d\u00eda descubrimos nuevas causas de enfermedades existentes. Es probable que nada nos ayude a vivir m\u00e1s tiempo y de manera m\u00e1s saludable a menos que volvamos a beber agua corriente como todos los dem\u00e1s seres vivos del planeta.<span class=\"Apple-converted-space\">\u00a0<\/span><\/p>\n<p>Esta riqueza debe administrarse con cuidado. Actualmente, un litro de agua limpia cuesta casi lo mismo que un litro de gasolina. La \u00fanica diferencia es que de alguna manera podr\u00edamos prescindir del gas, pero una persona muere de sed en solo tres d\u00edas.<span class=\"Apple-converted-space\">\u00a0<\/span><\/p>\n<ul>\n<li><strong>\u00bfQu\u00e9 es Coral Mine y d\u00f3nde se produce?<\/strong><\/li>\n<li><strong>\u00bfComposici\u00f3n y beneficios de consumir Coral Mine?<\/strong><\/li>\n<li><strong>\u00bfC\u00f3mo beber agua de Coral Mine?<\/strong><\/li>\n<li><strong>\u00bfCu\u00e1les son las consecuencias de la deshidrataci\u00f3n?<\/strong><\/li>\n<li><strong>\u00bfQu\u00e9 dicen los consumidores sobre Coral Mine?<\/strong><\/li>\n<li><strong>\u00bfQu\u00e9 dicen los profesionales de la salud sobre este producto?<\/strong><\/li>\n<li><strong>\u00bfD\u00f3nde puedo comprar Coral Mine ya qu\u00e9 precio?<\/strong><\/li>\n<\/ul>\n<h2>Coral Mine Coral Club: \u00bfqu\u00e9 es y d\u00f3nde se produce?<\/h2>\n<p>Seg\u00fan datos de la Organizaci\u00f3n Mundial de la Salud, la esperanza de vida media en Jap\u00f3n es de 82 a\u00f1os, mientras que en las islas de Okinawa es entre 10 y 15 a\u00f1os m\u00e1s alta que en el resto del pa\u00eds. Los estudios han confirmado que la alta longevidad de los isle\u00f1os est\u00e1 relacionada con la calidad del agua potable. El \u00edndice de calcio org\u00e1nico del agua potable en la ciudad de Nago (Prefectura de Okinawa) es el m\u00e1s alto no solo de Jap\u00f3n, sino del mundo entero. Dado que las islas est\u00e1n ubicadas en atolones de coral, los corales filtran el agua y la enriquecen con iones minerales. Entre las 2.500 especies de corales, los corales Scleratinia blancos son los \u00fanicos que tienen un efecto beneficioso sobre la salud humana.\u00a0<span class=\"VIpgJd-yAWNEb-VIpgJd-fmcmS-sn54Q\">Los an\u00e1lisis han demostrado que contienen calcio, magnesio, potasio, sodio y grandes cantidades de micronutrientes extremadamente importantes.\u00a0<\/span>Hoy, el coral se extrae alrededor de Okinawa. El producto terminado se llama Coral-Mine.<span class=\"Apple-converted-space\">\u00a0<\/span><\/p>\n<div class=\"ast-oembed-container\" style=\"height: 100%;\"><iframe title=\"Coral Mine by Coral Club - Estudios e Investigaciones\" width=\"500\" height=\"281\" src=\"https:\/\/www.youtube.com\/embed\/fI6-n1bSQtc?feature=oembed\" frameborder=\"0\" allow=\"accelerometer; autoplay; clipboard-write; encrypted-media; gyroscope; picture-in-picture; web-share\" referrerpolicy=\"strict-origin-when-cross-origin\" allowfullscreen><\/iframe><\/div>\n<h2>Coral Mine - Composici\u00f3n y beneficios<\/h2>\n<p>El calcio y otros minerales alcalinos contenidos en el agua en formas biodisponibles y f\u00e1cilmente asimilables tienen propiedades particularmente fuertes para promover la salud. Los compuestos alcalinos realizan muchas funciones importantes en el cuerpo: aumentan el pH del cuerpo, mantienen el flujo sangu\u00edneo adecuado, afectan la regulaci\u00f3n del crecimiento y la actividad celular, apoyan los impulsos el\u00e9ctricos en el sistema nervioso, participan en el metabolismo, tienen propiedades antiinflamatorias y antiinflamatorias. -efectos al\u00e9rgicos, as\u00ed como propiedades de construcci\u00f3n. La deficiencia de minerales alcalinos conduce a muchas enfermedades.<span class=\"Apple-converted-space\">\u00a0<\/span><\/p>\n<h2>Coral Mine: \u00bfc\u00f3mo beber agua con ella?<\/h2>\n<p>El agua que contiene Coral-Mine se vuelve d\u00e9bilmente alcalina con importantes beneficios para la salud. Lo mejor es beberlo con el est\u00f3mago vac\u00edo, tibio o ligeramente fr\u00edo, 15-30 minutos antes de una comida o 2,5-3 horas despu\u00e9s de comer, para que el \u00e1cido clorh\u00eddrico no se neutralice durante el proceso digestivo.<span class=\"Apple-converted-space\">\u00a0<\/span><\/p>\n<p>El sobre debe colocarse en agua potable limpia, el sobre no debe romperse. Si se requiere una mayor alcalinizaci\u00f3n, se puede tomar una forma m\u00e1s concentrada agregando un sobre a 250-300 o incluso 500 ml de agua. Comience cada d\u00eda bebiendo 500 ml - 1,5 l de agua tibia con la adici\u00f3n de Coral-Mine.<span class=\"Apple-converted-space\">\u00a0<\/span><\/p>\n<h5>\u00bfCu\u00e1les son las consecuencias de la deshidrataci\u00f3n?<\/h5>\n<p>POSIBLES CONSECUENCIAS DE LA DESHIDRATACI\u00d3N: Mayor susceptibilidad a ataques card\u00edacos, derrames cerebrales, co\u00e1gulos de sangre. Aumento de toxinas en el cuerpo. Existen condiciones para el desarrollo de enfermedades como cataratas, alergias, cardiopat\u00eda isqu\u00e9mica, hipertensi\u00f3n, enfermedades al\u00e9rgicas concol\u00f3gicas, enfermedades de las articulaciones. Desarrollo de aumento de la acidez, piel y cabello secos. Mayor probabilidad de c\u00e1lculos biliares y c\u00e1lculos renales.<span class=\"Apple-converted-space\">\u00a0<\/span><\/p>\n<h2>Rese\u00f1as de Coral Mine Coral Club<\/h2>\n<h5>\u00bfQu\u00e9 dicen los consumidores sobre este producto?<\/h5>\n<blockquote><p>\u201cCoral-Mine realmente me ha ayudado a resolver mis problemas de deshidrataci\u00f3n, como piel muy seca, momentos constantes de fatiga y un sistema urinario que funciona muy mal. He estado usando este producto durante casi dos a\u00f1os y no puedo imaginar beber otra agua. Me encanta su efecto en mi cuerpo, mente y bienestar\u201d. <strong>Laura, 28 a\u00f1os.<\/strong><\/p>\n<p>\u201cHe visto algunas pel\u00edculas sobre la vida en Okinawa y estoy muy inspirado por las personas que viven all\u00ed, su estilo de vida, su dieta y el agua que beben. Creo que Jap\u00f3n es un pa\u00eds y una cultura de la que tenemos mucho que aprender, empezando por conocer nuestro ikigai para elegir lo que comemos y bebemos. Eleg\u00ed Coral-Mine hace 5 a\u00f1os y cambi\u00f3 mi vida. Enteramente. Adem\u00e1s, soy m\u00e1s activo, m\u00e1s creativo y m\u00e1s saludable, y siento que mi sangre es realmente suave y limpia. Muchas gracias a Coral Club por traer un pedacito de Okinawa a nuestros hogares\u201d <strong>Maciej, 63 a\u00f1os.<\/strong><\/p>\n<p>\u201cCoral Mine es realmente un producto que cambia la vida. Estoy muy agradecida de conocer y utilizar este producto. Es una innovaci\u00f3n que ha cambiado la vida de mi familia, principalmente porque veo a mis hijos beber agua ahora, con m\u00e1s regularidad, y c\u00f3mo mi cuerpo simplemente tiene m\u00e1s energ\u00eda. El agua es vida, esa es la verdad, y la calidad del agua es primordial&quot;.\u00a0<strong>Huber, 31 a\u00f1os.<\/strong><\/p><\/blockquote>\n<h5>Coral Mine Coral Club: \u00bfd\u00f3nde comprarlo ya qu\u00e9 precio?<\/h5>\n<p>Coral-Mine es un producto exclusivo de Coral Club y solo se puede comprar en las tiendas oficiales de Coral Club - <a href=\"https:\/\/pl.coral.club\/shop\/coral-mine.html?language=pl&amp;REF_CODE=160536579867&amp;offer=2220&amp;utm_source=copy-link&amp;utm_medium=prod-recom\" rel=\"nofollow noopener\">AQU\u00cd<\/a>. Le recomendamos encarecidamente que evite cualquier plataforma de terceros como Amazon o E-bay. Adem\u00e1s, si compras el producto\u00a0\u00a0<a href=\"https:\/\/pl.coral.club\/shop\/coral-mine.html?language=pl&amp;REF_CODE=160536579867&amp;offer=2220&amp;utm_source=copy-link&amp;utm_medium=prod-recom\" target=\"_blank\" rel=\"noopener nofollow\">AQU\u00cd<\/a>\u00a0, obtendr\u00e1 un precio Coral-Mine 20% m\u00e1s bajo.<\/p>\n<p><em><strong>IMPORTANTE:<\/strong>\u00a0Los suplementos diet\u00e9ticos no pueden utilizarse como sustituto de una dieta variada. El suplemento diet\u00e9tico debe almacenarse fuera del alcance de los ni\u00f1os peque\u00f1os. No usar en caso de intolerancia a alguno de los ingredientes del complemento alimenticio. ESTE PRODUCTO NO EST\u00c1 DISE\u00d1ADO PARA DIAGNOSTICAR, TRATAR O PREVENIR NINGUNA ENFERMEDAD.<\/em><\/p>\n<h6><\/h6>\n<h2 style=\"text-align: center;\"><a class=\"przycisk\" href=\"https:\/\/pl.coral.club\/shop\/coral-mine.html?language=pl&amp;REF_CODE=160536579867&amp;offer=2220&amp;utm_source=copy-link&amp;utm_medium=prod-recom\" target=\"_blank\" rel=\"noopener nofollow\"><span class=\"VIpgJd-yAWNEb-VIpgJd-fmcmS-sn54Q\">COMPRAR CORAL MINE CORAL CLUB AQU\u00cd<\/span><\/a><\/h2>\n<h6><\/h6>\n<h6 style=\"text-align: center;\"><span class=\"VIpgJd-yAWNEb-VIpgJd-fmcmS-sn54Q\">Sobre el Coral Club<\/span><\/h6>\n<p>&nbsp;<\/p>\n<div class=\"ast-oembed-container\" style=\"height: 100%;\"><iframe title=\"Coral Club - Ingl\u00e9s | TuCoral.com\" width=\"500\" height=\"281\" src=\"https:\/\/www.youtube.com\/embed\/VwOMr-Ax9H0?feature=oembed\" frameborder=\"0\" allow=\"accelerometer; autoplay; clipboard-write; encrypted-media; gyroscope; picture-in-picture; web-share\" referrerpolicy=\"strict-origin-when-cross-origin\" allowfullscreen><\/iframe><\/div>\n<p>&nbsp;<\/p>\n<h2 style=\"text-align: center;\"><span style=\"color: #ffffff;\"><a class=\"przycisk\" style=\"color: #ffffff;\" href=\"https:\/\/us.coral.club\/shop\/coral-mine.html?language=us&amp;REF_CODE=881407598803&amp;offer=2220&amp;utm_source=copy-link&amp;utm_medium=prod-recom\" rel=\"noopener\"><strong>COMPRAR AQU\u00cd CORAL MINE CORAL CLUB<\/strong><\/a><\/span><\/h2>","protected":false},"excerpt":{"rendered":"<p><span class=\"\">Coral-Mine es una estructura formada biol\u00f3gicamente compuesta por esqueletos de peque\u00f1os animales marinos llamados p\u00f3lipos de coral.\u00a0<\/span><span class=\"\">Al ser una estructura basada en carbonato de calcio, Coral se puede usar para tratar el agua agregando coral triturado al agua para elevar el nivel de pH.<\/span><\/p>\n<p>Los arrecifes de coral se forman durante miles de a\u00f1os a medida que los p\u00f3lipos de coral secretan carbonato de calcio para formar la estructura del arrecife. Los arrecifes de coral no son una fuente de agua, pero juegan un papel importante en los ecosistemas marinos al proporcionar h\u00e1bitats para una amplia variedad de vida marina y proteger las costas de la erosi\u00f3n y las marejadas cicl\u00f3nicas. Los arrecifes de coral tambi\u00e9n tienen potencial para aplicaciones m\u00e9dicas y muchos otros campos.<\/p>","protected":false},"featured_media":6274,"comment_status":"open","ping_status":"closed","template":"","meta":{"_monsterinsights_skip_tracking":false,"_monsterinsights_sitenote_active":false,"_monsterinsights_sitenote_note":"","_monsterinsights_sitenote_category":0,"site-sidebar-layout":"default","site-content-layout":"default","ast-site-content-layout":"default","site-content-style":"default","site-sidebar-style":"default","ast-global-header-display":"","ast-banner-title-visibility":"","ast-main-header-display":"","ast-hfb-above-header-display":"","ast-hfb-below-header-display":"","ast-hfb-mobile-header-display":"","site-post-title":"","ast-breadcrumbs-content":"","ast-featured-img":"","footer-sml-layout":"","theme-transparent-header-meta":"default","adv-header-id-meta":"","stick-header-meta":"","header-above-stick-meta":"","header-main-stick-meta":"","header-below-stick-meta":"","astra-migrate-meta-layouts":"set","ast-page-background-enabled":"default","ast-page-background-meta":{"desktop":{"background-color":"","background-image":"","background-repeat":"repeat","background-position":"center center","background-size":"auto","background-attachment":"scroll","background-type":"","background-media":"","overlay-type":"","overlay-color":"","overlay-opacity":"","overlay-gradient":""},"tablet":{"background-color":"","background-image":"","background-repeat":"repeat","background-position":"center center","background-size":"auto","background-attachment":"scroll","background-type":"","background-media":"","overlay-type":"","overlay-color":"","overlay-opacity":"","overlay-gradient":""},"mobile":{"background-color":"","background-image":"","background-repeat":"repeat","background-position":"center center","background-size":"auto","background-attachment":"scroll","background-type":"","background-media":"","overlay-type":"","overlay-color":"","overlay-opacity":"","overlay-gradient":""}},"ast-content-background-meta":{"desktop":{"background-color":"var(--ast-global-color-5)","background-image":"","background-repeat":"repeat","background-position":"center center","background-size":"auto","background-attachment":"scroll","background-type":"","background-media":"","overlay-type":"","overlay-color":"","overlay-opacity":"","overlay-gradient":""},"tablet":{"background-color":"var(--ast-global-color-5)","background-image":"","background-repeat":"repeat","background-position":"center center","background-size":"auto","background-attachment":"scroll","background-type":"","background-media":"","overlay-type":"","overlay-color":"","overlay-opacity":"","overlay-gradient":""},"mobile":{"background-color":"var(--ast-global-color-5)","background-image":"","background-repeat":"repeat","background-position":"center center","background-size":"auto","background-attachment":"scroll","background-type":"","background-media":"","overlay-type":"","overlay-color":"","overlay-opacity":"","overlay-gradient":""}}},"product_brand":[],"product_cat":[61,58],"product_tag":[],"class_list":{"0":"post-5458","1":"product","2":"type-product","3":"status-publish","4":"has-post-thumbnail","6":"product_cat-alkaline-water","7":"product_cat-all","8":"desktop-align-center","9":"tablet-align-center","10":"mobile-align-center","12":"first","13":"instock","14":"shipping-taxable","15":"product-type-external"},"_links":{"self":[{"href":"https:\/\/coralforyou.eu\/es\/wp-json\/wp\/v2\/product\/5458","targetHints":{"allow":["GET"]}}],"collection":[{"href":"https:\/\/coralforyou.eu\/es\/wp-json\/wp\/v2\/product"}],"about":[{"href":"https:\/\/coralforyou.eu\/es\/wp-json\/wp\/v2\/types\/product"}],"replies":[{"embeddable":true,"href":"https:\/\/coralforyou.eu\/es\/wp-json\/wp\/v2\/comments?post=5458"}],"version-history":[{"count":1,"href":"https:\/\/coralforyou.eu\/es\/wp-json\/wp\/v2\/product\/5458\/revisions"}],"predecessor-version":[{"id":6439,"href":"https:\/\/coralforyou.eu\/es\/wp-json\/wp\/v2\/product\/5458\/revisions\/6439"}],"wp:featuredmedia":[{"embeddable":true,"href":"https:\/\/coralforyou.eu\/es\/wp-json\/wp\/v2\/media\/6274"}],"wp:attachment":[{"href":"https:\/\/coralforyou.eu\/es\/wp-json\/wp\/v2\/media?parent=5458"}],"wp:term":[{"taxonomy":"product_brand","embeddable":true,"href":"https:\/\/coralforyou.eu\/es\/wp-json\/wp\/v2\/product_brand?post=5458"},{"taxonomy":"product_cat","embeddable":true,"href":"https:\/\/coralforyou.eu\/es\/wp-json\/wp\/v2\/product_cat?post=5458"},{"taxonomy":"product_tag","embeddable":true,"href":"https:\/\/coralforyou.eu\/es\/wp-json\/wp\/v2\/product_tag?post=5458"}],"curies":[{"name":"wp","href":"https:\/\/api.w.org\/{rel}","templated":true}]}}