{"id":5459,"date":"2022-12-23T11:55:41","date_gmt":"2022-12-23T11:55:41","guid":{"rendered":"https:\/\/coralforyou.eu\/?post_type=product&#038;p=5459"},"modified":"2024-07-18T11:12:47","modified_gmt":"2024-07-18T11:12:47","slug":"go-detox-program-colo-vada-plus-coral-club","status":"publish","type":"product","link":"https:\/\/coralforyou.eu\/es\/producto\/go-detox-program-colo-vada-plus-coral-club\/","title":{"rendered":"Colo-Vada Plus Coral Club"},"content":{"rendered":"<h1>Colo-Vada Plus <a href=\"https:\/\/coralforyou.eu\/es\/\">Coral Club<\/a><\/h1>\n<p>Go Detox - El programa Colo-Vada Plus Coral Club es una forma efectiva de limpiar y restaurar el equilibrio en el cuerpo. Elimina los dep\u00f3sitos del tracto digestivo y de todo el cuerpo, lo que lleva a la p\u00e9rdida de peso como efecto secundario. Desarrollado en Canad\u00e1, el programa utiliza ingredientes naturales y seguros para mantener una microflora intestinal saludable y vitaminas y minerales equilibrados. Es f\u00e1cil de usar y no requiere ning\u00fan dispositivo o sustancia adicional.<\/p>\n<p>Los consumidores han informado resultados positivos como efectos antioxidantes, efectos laxantes suaves, apoyo intestinal y normalizaci\u00f3n de la microflora gastrointestinal. El programa se recomienda a intervalos m\u00e1s largos y en combinaci\u00f3n con una cantidad adecuada de agua, especialmente agua alcalina, y el suplemento H-500, que ayuda a proteger el cuerpo contra los radicales libres y mejora la nutrici\u00f3n celular.<\/p>\n<h2>Colo-Vada Plus - composici\u00f3n y acci\u00f3n<\/h2>\n<p>Colo-Vada Plus es una mezcla de ingredientes naturales que trabajan juntos para apoyar los procesos de limpieza y reconstrucci\u00f3n del cuerpo. Los ingredientes principales son:<\/p>\n<ul>\n<li><b>C\u00e1scara Sagrada<\/b>\u00a0es un laxante suave que ayuda a eliminar los dep\u00f3sitos y promueve los movimientos intestinales regulares sin irritaci\u00f3n.<\/li>\n<li><b>hojas de nogal negro<\/b>\u00a0tienen un proceso lento de pudrici\u00f3n y cementaci\u00f3n de los intestinos, y tambi\u00e9n tienen un efecto laxante suave.<\/li>\n<li><b>\u00daltimo<\/b>\u00a0, es una rica fuente de vitaminas y minerales que apoyan la regeneraci\u00f3n del cuerpo y el metabolismo.<\/li>\n<li><b>Alfalfa coralina<\/b>\u00a0, es un suplemento diet\u00e9tico que contiene alfalfa, que ayuda a reducir el apetito y favorece la p\u00e9rdida de peso.<\/li>\n<li><b>Mezcla Colo Vada<\/b>\u00a0es una fuente de fibra diet\u00e9tica saludable que ayuda a limpiar los intestinos y ayuda a la digesti\u00f3n.<\/li>\n<li><b>digerible<\/b>\u00a0que es responsable de complementar las enzimas digestivas que faltan y ayuda al cuerpo a absorber los nutrientes.<\/li>\n<\/ul>\n<h4>Colo-Vada Plus - \u00bfQui\u00e9n puede beneficiarse?<\/h4>\n<p>El programa Colo-Vada Plus es solo para adultos. El complejo no se recomienda para personas que sufren problemas serios con el cuerpo, tienen problemas con la digesti\u00f3n. Adem\u00e1s, este complejo no se recomienda para mujeres embarazadas.<\/p>\n<h5>Colo-Vada Plus - paso a paso<\/h5>\n<p>El programa Colo Vada Plus de Coral Club es un programa de desintoxicaci\u00f3n de 14 d\u00edas dividido en tres etapas. Cada etapa est\u00e1 dise\u00f1ada para ayudar a eliminar toxinas y dep\u00f3sitos del cuerpo, mejorar el funcionamiento del sistema digestivo, mantener un equilibrio saludable de microflora intestinal, vitaminas y minerales y minimizar las molestias.<\/p>\n<ul>\n<li><b>Etapa preparatoria<\/b>\u00a0: La primera fase del programa dura 7 d\u00edas y consta de 14 sobres marcados con &quot;1&quot;. Los sobres contienen los suplementos Ultimate, Vitamin C, Coral Alfalfa, Cascara Sagrada, Combination Two y Black Walnut Leaves.<\/li>\n<li><b>Etapa de purificaci\u00f3n<\/b>\u00a0: La segunda fase del programa dura 4 d\u00edas y consta de 8 sobres marcados con &quot;2&quot; y 16 sobres de polvo Colo-Vada Mix. Los sobres contienen los suplementos Ultimate, Vitamin C, Coral Alfalfa, Cascara Sagrada, Combination Two y Black Walnut Leaves.<\/li>\n<li><b>Etapa de regeneraci\u00f3n<\/b>\u00a0: La \u00faltima etapa del programa es un per\u00edodo de 3 d\u00edas durante los cuales utilizar\u00e1 6 sobres marcados con &quot;3&quot;. Cada sobre contiene los suplementos Ultimate, Vitamin C, Coral Alfalfa, Cascara Sagrada y DigestAble.<\/li>\n<\/ul>\n<h4>Colo-Vada Plus \u2013 opiniones<\/h4>\n<blockquote><p>\u201cHace poco prob\u00e9 el programa Colo Vada Plus de Coral Club y qued\u00e9 impresionado con los resultados. El programa tiene como objetivo limpiar y restaurar el equilibrio natural del cuerpo, y definitivamente lo logr\u00e9. El programa se divide en tres etapas: preparaci\u00f3n, limpieza y regeneraci\u00f3n. Cada etapa est\u00e1 dise\u00f1ada para ayudar a eliminar toxinas y dep\u00f3sitos del cuerpo, mejorar el funcionamiento del sistema digestivo, mantener un equilibrio saludable de microflora intestinal, vitaminas y minerales y minimizar las molestias.<\/p>\n<p>La primera etapa es la etapa preparatoria, que dura 7 d\u00edas. Los sobres contienen los suplementos Ultimate, Vitamin C, Coral Alfalfa, Cascara Sagrada, Combination Two y Black Walnut Leaves. Este paso me ayud\u00f3 a empezar a sentir los efectos del programa y fue f\u00e1cil de seguir.<\/p>\n<p>La segunda etapa es la etapa de purificaci\u00f3n, que dura 4 d\u00edas. Este paso incluye 8 sobres marcados con &quot;2&quot; y 16 sobres de polvo Colo-Vada Mix. Los sobres contienen los suplementos Ultimate, Vitamin C, Coral Alfalfa, Cascara Sagrada, Combination Two y Black Walnut Leaves. Encontr\u00e9 esta etapa un poco m\u00e1s intensa, pero vali\u00f3 la pena porque me ayud\u00f3 a sentirme a\u00fan mejor.<\/p>\n<p>La \u00faltima etapa es la etapa de regeneraci\u00f3n, es decir, un per\u00edodo de 3 d\u00edas durante los cuales utilizar\u00e1 6 sobres marcados con &quot;3&quot;. Cada sobre contiene los suplementos Ultimate, Vitamin C, Coral Alfalfa, Cascara Sagrada y DigestAble. Este paso me ayud\u00f3 a sentirme a\u00fan m\u00e1s energizado y pude ver los resultados del programa m\u00e1s claramente.<\/p>\n<p>En general, recomiendo encarecidamente el programa Colo Vada Plus de Coral Club a cualquiera que busque desintoxicarse y limpiar su cuerpo. El programa es f\u00e1cil de seguir y los resultados definitivamente valen la pena. Me siento mejor, tengo m\u00e1s energ\u00eda e incluso perd\u00ed peso. Es un gran espect\u00e1culo que estoy seguro que repetir\u00e9 en el futuro&quot;.\u00a0<b>B\u00e1rbara, 52 a\u00f1os.<\/b><\/p>\n<p>\u201cHace poco prob\u00e9 el programa Colo Vada Plus de Coral Club y qued\u00e9 impresionado con los resultados. El programa es una desintoxicaci\u00f3n de 14 d\u00edas dividida en tres etapas: preparaci\u00f3n, limpieza y regeneraci\u00f3n. El programa viene con sobres que est\u00e1n etiquetados para cada paso y contienen una combinaci\u00f3n de suplementos como Ultimate, Vitamin C, Coral Alfalfa, Cascara Sagrada, Black Walnut Leaves y Digest.<\/p>\n<p>El programa result\u00f3 muy f\u00e1cil de seguir y los sobres muy c\u00f3modos de usar. La fase de preparaci\u00f3n me ayud\u00f3 a prepararme para la desintoxicaci\u00f3n, la fase de limpieza fue intensa pero llevadera y la fase de recuperaci\u00f3n me ayud\u00f3 a sentirme mejor despu\u00e9s de la desintoxicaci\u00f3n. No sent\u00ed ninguna molestia importante durante el programa, lo cual fue genial.<\/p>\n<p>Una de las cosas que m\u00e1s disfrut\u00e9 del programa fue la p\u00e9rdida de peso que experiment\u00e9 como efecto secundario de la desintoxicaci\u00f3n. Tambi\u00e9n not\u00e9 que mi digesti\u00f3n mejor\u00f3 y mi nivel de energ\u00eda fue m\u00e1s alto. Tambi\u00e9n he notado que mi piel se ve m\u00e1s clara y saludable.<\/p>\n<p>En general, recomiendo encarecidamente el programa Colo Vada Plus de Coral Club a cualquiera que busque desintoxicarse y mejorar su salud en general. Es f\u00e1cil de usar, efectivo y seguro. Bebe suficiente agua alcalina y toma un suplemento H-500 para tener m\u00e1s energ\u00eda y proteger tu cuerpo de los radicales libres\u201d.\u00a0<b>Cristina, 27 a\u00f1os.<\/b><\/p><\/blockquote>\n<h5>Colo-Vada Plus: lo que dicen los expertos en salud sobre el programa<\/h5>\n<blockquote><p>\u201cComo profesional de la salud, tuve la oportunidad de revisar el programa Colo Vada Plus de Coral Club y evaluar su eficacia para promover la desintoxicaci\u00f3n y restaurar el equilibrio natural del cuerpo. El programa es un protocolo de 14 d\u00edas que utiliza una combinaci\u00f3n de suplementos naturales en tres etapas distintas: preparaci\u00f3n, limpieza y recuperaci\u00f3n.<\/p>\n<p>Los ingredientes utilizados en el programa han sido probados minuciosamente y han demostrado ser efectivos para promover la salud intestinal y la desintoxicaci\u00f3n. Por ejemplo, la c\u00e1scara sagrada es un laxante suave popular que ayuda a eliminar los desechos del cuerpo y promueve los movimientos intestinales regulares. Por otro lado, se sabe que las hojas de nogal negro retardan la putrefacci\u00f3n y cementan los intestinos, y tambi\u00e9n tienen un efecto laxante suave.<\/p>\n<p>Los suplementos Ultimate y la vitamina C en el programa son una rica fuente de vitaminas y minerales que el cuerpo necesita para apoyar la recuperaci\u00f3n y el metabolismo. Coral Alfalfa, un suplemento diet\u00e9tico a base de ingredientes naturales, ayuda a reducir el apetito y favorece la p\u00e9rdida de peso. Colo-Vada Mix es una rica fuente de fibra diet\u00e9tica que ayuda a limpiar los intestinos y ayuda a la digesti\u00f3n. DigestAble es responsable de complementar las enzimas digestivas faltantes y ayuda al cuerpo a absorber los nutrientes.<\/p>\n<p>En general, el programa Colo Vada Plus de Coral Club parece ser un protocolo seguro y efectivo para promover la desintoxicaci\u00f3n y restaurar el equilibrio natural del cuerpo. Al igual que con cualquier suplemento diet\u00e9tico, es importante consultar con su profesional de la salud antes de comenzar un programa, especialmente si tiene alguna condici\u00f3n m\u00e9dica preexistente. Adem\u00e1s, se recomienda consumir suficiente agua alcalina y usar un suplemento H-500 durante el programa para mejorar el rendimiento\u201d.\u00a0<b>Raphaelle, especialista en salud y nutrici\u00f3n<\/b><\/p><\/blockquote>\n<h5>Colo-Vada Plus - \u00bfD\u00f3nde puedo comprar y a qu\u00e9 precio?<\/h5>\n<p>Go deotox - Colo-Vada Plus es un producto exclusivo de Coral Club que solo se puede comprar en las tiendas oficiales de Coral Club -\u00a0<a href=\"https:\/\/cci.coral.club\/shop\/colo-vada-green.html?language=pl&amp;REF_CODE=455344920720&amp;utm_source=copy-link&amp;utm_medium=prod-recom\" target=\"_blank\" rel=\"noopener\">AQU\u00cd.\u00a0<\/a>Recomendamos encarecidamente evitar cualquier plataforma de terceros como Amazon o Allegro. Adem\u00e1s, si compras el producto\u00a0\u00a0<a href=\"https:\/\/cci.coral.club\/shop\/colo-vada-green.html?language=pl&amp;REF_CODE=455344920720&amp;utm_source=copy-link&amp;utm_medium=prod-recom\" target=\"_blank\" rel=\"noopener\">AQU\u00cd<\/a>\u00a0, obtendr\u00e1 el precio de Colo-Vada Plus 20% m\u00e1s bajo.<\/p>\n<p>IMPORTANTE: Los complementos alimenticios no pueden utilizarse como sustituto de una dieta variada. El suplemento diet\u00e9tico debe almacenarse fuera del alcance de los ni\u00f1os peque\u00f1os. No usar en caso de intolerancia a alguno de los ingredientes del complemento alimenticio. ESTE PRODUCTO NO EST\u00c1 DISE\u00d1ADO PARA DIAGNOSTICAR, TRATAR O PREVENIR NINGUNA ENFERMEDAD.<\/p>\n<p>&nbsp;<\/p>\n<h3 style=\"text-align: center;\"><a class=\"przycisk\" href=\"https:\/\/cci.coral.club\/shop\/colo-vada-green.html?language=pl&amp;REF_CODE=455344920720&amp;utm_source=copy-link&amp;utm_medium=prod-recom\" target=\"_blank\" rel=\"noopener\"><span class=\"VIpgJd-yAWNEb-VIpgJd-fmcmS-sn54Q\">COMPRAR COLO-VADA PLUS CORAL CLUB AQU\u00cd<\/span><\/a><\/h3>\n<h3 style=\"text-align: center;\"><\/h3>","protected":false},"excerpt":{"rendered":"<p><span class=\"\">Colo-Vada Plus Coral Club es una forma efectiva de limpiar y restaurar el equilibrio en el cuerpo.\u00a0<\/span>Elimina los dep\u00f3sitos del tracto digestivo y de todo el cuerpo, lo que lleva a la p\u00e9rdida de peso como efecto secundario. Desarrollado en Canad\u00e1, el programa utiliza ingredientes naturales y seguros para mantener una microflora intestinal saludable y vitaminas y minerales equilibrados. Es f\u00e1cil de usar y no requiere ning\u00fan dispositivo o sustancia adicional.<\/p>\n<p>Los consumidores han informado resultados positivos como efectos antioxidantes, efectos laxantes suaves, apoyo intestinal y normalizaci\u00f3n de la microflora gastrointestinal.\u00a0<span class=\"VIpgJd-yAWNEb-VIpgJd-fmcmS-sn54Q\">El programa se recomienda a intervalos m\u00e1s largos y en combinaci\u00f3n con una cantidad adecuada de agua, especialmente agua alcalina, y el suplemento H-500, que ayuda a proteger el cuerpo contra los radicales libres y mejora la nutrici\u00f3n celular.<\/span><\/p>","protected":false},"featured_media":6271,"comment_status":"open","ping_status":"closed","template":"","meta":{"_monsterinsights_skip_tracking":false,"_monsterinsights_sitenote_active":false,"_monsterinsights_sitenote_note":"","_monsterinsights_sitenote_category":0,"site-sidebar-layout":"default","site-content-layout":"default","ast-site-content-layout":"default","site-content-style":"default","site-sidebar-style":"default","ast-global-header-display":"","ast-banner-title-visibility":"","ast-main-header-display":"","ast-hfb-above-header-display":"","ast-hfb-below-header-display":"","ast-hfb-mobile-header-display":"","site-post-title":"","ast-breadcrumbs-content":"","ast-featured-img":"","footer-sml-layout":"","theme-transparent-header-meta":"default","adv-header-id-meta":"","stick-header-meta":"","header-above-stick-meta":"","header-main-stick-meta":"","header-below-stick-meta":"","astra-migrate-meta-layouts":"set","ast-page-background-enabled":"default","ast-page-background-meta":{"desktop":{"background-color":"","background-image":"","background-repeat":"repeat","background-position":"center center","background-size":"auto","background-attachment":"scroll","background-type":"","background-media":"","overlay-type":"","overlay-color":"","overlay-opacity":"","overlay-gradient":""},"tablet":{"background-color":"","background-image":"","background-repeat":"repeat","background-position":"center center","background-size":"auto","background-attachment":"scroll","background-type":"","background-media":"","overlay-type":"","overlay-color":"","overlay-opacity":"","overlay-gradient":""},"mobile":{"background-color":"","background-image":"","background-repeat":"repeat","background-position":"center center","background-size":"auto","background-attachment":"scroll","background-type":"","background-media":"","overlay-type":"","overlay-color":"","overlay-opacity":"","overlay-gradient":""}},"ast-content-background-meta":{"desktop":{"background-color":"var(--ast-global-color-5)","background-image":"","background-repeat":"repeat","background-position":"center center","background-size":"auto","background-attachment":"scroll","background-type":"","background-media":"","overlay-type":"","overlay-color":"","overlay-opacity":"","overlay-gradient":""},"tablet":{"background-color":"var(--ast-global-color-5)","background-image":"","background-repeat":"repeat","background-position":"center center","background-size":"auto","background-attachment":"scroll","background-type":"","background-media":"","overlay-type":"","overlay-color":"","overlay-opacity":"","overlay-gradient":""},"mobile":{"background-color":"var(--ast-global-color-5)","background-image":"","background-repeat":"repeat","background-position":"center center","background-size":"auto","background-attachment":"scroll","background-type":"","background-media":"","overlay-type":"","overlay-color":"","overlay-opacity":"","overlay-gradient":""}}},"product_brand":[],"product_cat":[58,60],"product_tag":[],"class_list":{"0":"post-5459","1":"product","2":"type-product","3":"status-publish","4":"has-post-thumbnail","6":"product_cat-all","7":"product_cat-detox","8":"desktop-align-center","9":"tablet-align-center","10":"mobile-align-center","12":"first","13":"instock","14":"shipping-taxable","15":"product-type-external"},"_links":{"self":[{"href":"https:\/\/coralforyou.eu\/es\/wp-json\/wp\/v2\/product\/5459","targetHints":{"allow":["GET"]}}],"collection":[{"href":"https:\/\/coralforyou.eu\/es\/wp-json\/wp\/v2\/product"}],"about":[{"href":"https:\/\/coralforyou.eu\/es\/wp-json\/wp\/v2\/types\/product"}],"replies":[{"embeddable":true,"href":"https:\/\/coralforyou.eu\/es\/wp-json\/wp\/v2\/comments?post=5459"}],"version-history":[{"count":1,"href":"https:\/\/coralforyou.eu\/es\/wp-json\/wp\/v2\/product\/5459\/revisions"}],"predecessor-version":[{"id":6438,"href":"https:\/\/coralforyou.eu\/es\/wp-json\/wp\/v2\/product\/5459\/revisions\/6438"}],"wp:featuredmedia":[{"embeddable":true,"href":"https:\/\/coralforyou.eu\/es\/wp-json\/wp\/v2\/media\/6271"}],"wp:attachment":[{"href":"https:\/\/coralforyou.eu\/es\/wp-json\/wp\/v2\/media?parent=5459"}],"wp:term":[{"taxonomy":"product_brand","embeddable":true,"href":"https:\/\/coralforyou.eu\/es\/wp-json\/wp\/v2\/product_brand?post=5459"},{"taxonomy":"product_cat","embeddable":true,"href":"https:\/\/coralforyou.eu\/es\/wp-json\/wp\/v2\/product_cat?post=5459"},{"taxonomy":"product_tag","embeddable":true,"href":"https:\/\/coralforyou.eu\/es\/wp-json\/wp\/v2\/product_tag?post=5459"}],"curies":[{"name":"wp","href":"https:\/\/api.w.org\/{rel}","templated":true}]}}