{"id":5460,"date":"2022-12-23T11:56:04","date_gmt":"2022-12-23T11:56:04","guid":{"rendered":"https:\/\/coralforyou.eu\/?post_type=product&#038;p=5460"},"modified":"2024-03-25T05:23:02","modified_gmt":"2024-03-25T05:23:02","slug":"h-500-coral-club","status":"publish","type":"product","link":"https:\/\/coralforyou.eu\/es\/producto\/h-500-coral-club\/","title":{"rendered":"H-500 Coral Club - antioxidante natural"},"content":{"rendered":"<h1>H-500\u00a0<a href=\"https:\/\/coralforyou.eu\/es\/\">Coral Club<\/a> \u2013 antioxidante natural<\/h1>\n<p>H-500 de Coral Club es un complemento alimenticio que posee fuertes propiedades antioxidantes, protegiendo eficazmente al organismo frente a los efectos nocivos de los radicales libres. Es muy valorado entre los profesionales de la salud por sus propiedades que favorecen el buen funcionamiento del organismo. Esto es especialmente beneficioso para las personas que llevan un estilo de vida estresante, viven en \u00e1reas muy industrializadas o realizan trabajos exigentes. El estilo de vida moderno, que a menudo se asocia con la falta de sue\u00f1o y el uso de estimulantes, puede afectar el cuerpo, lo que convierte a H-500 en una herramienta valiosa para mantener la salud y el bienestar en general.<\/p>\n<h3>\u00bfQu\u00e9 son los radicales libres y c\u00f3mo afectan al organismo?<\/h3>\n<p>Los radicales libres son mol\u00e9culas que tienen un electr\u00f3n desapareado. Estas mol\u00e9culas son altamente reactivas y pueden da\u00f1ar c\u00e9lulas, prote\u00ednas y ADN. Se forman en nuestro cuerpo como resultado del metabolismo normal, pero tambi\u00e9n pueden ser causados por la exposici\u00f3n a toxinas ambientales como la contaminaci\u00f3n, la radiaci\u00f3n y el humo del tabaco. El cuerpo tiene un sistema de defensa natural contra los radicales libres, pero cuando este sistema est\u00e1 sobrecargado, puede provocar da\u00f1o celular y contribuir al desarrollo de diversas enfermedades como el c\u00e1ncer, las enfermedades cardiovasculares y la enfermedad de Alzheimer. Los radicales libres tambi\u00e9n juegan un papel en el proceso de envejecimiento. Los antioxidantes pueden neutralizar los radicales libres y prevenir el da\u00f1o que pueden causar.<\/p>\n<h2>H-500 - composici\u00f3n y ventajas<\/h2>\n<p>H-500 de Coral Club es un complemento alimenticio que ayuda a reducir la sensaci\u00f3n de cansancio tras el esfuerzo f\u00edsico o mental y mejora las funciones cognitivas y mentales como la memoria y la concentraci\u00f3n. Facilita el trabajo, lo que es especialmente importante para las personas mayores, porque la cantidad de antioxidantes naturales en el cuerpo disminuye con la edad. Este suplemento ayuda a proporcionar los electrones que buscan los radicales libres, previniendo el da\u00f1o a las c\u00e9lulas sanas.<\/p>\n<p>Es importante se\u00f1alar que el da\u00f1o de los radicales libres tambi\u00e9n afecta la funci\u00f3n cerebral y el desarrollo de enfermedades como la demencia senil, el Alzheimer y el Parkinson. Los radicales libres tambi\u00e9n aumentan el riesgo de enfermedades oculares como la degeneraci\u00f3n macular y las cataratas, as\u00ed como enfermedades pulmonares como el asma, el c\u00e1ncer, la enfermedad pulmonar obstructiva cr\u00f3nica, enfermedades card\u00edacas como la presi\u00f3n arterial alta, infarto de miocardio y enfermedad de las arterias coronarias, y enfermedades del esqueleto. como la osteoartritis.<\/p>\n<p>El tabaquismo, el abuso de alcohol y drogas y la exposici\u00f3n excesiva al sol son solo algunos de los factores que aceleran la formaci\u00f3n de radicales libres en el cuerpo. Es importante ser consciente de estos factores y tratar de minimizarlos o evitarlos tanto como sea posible. H-500 tambi\u00e9n se puede utilizar de forma profil\u00e1ctica en la lucha contra los efectos de los radicales libres.<\/p>\n<h3>H-500 - \u00bfQui\u00e9n puede usarlo?<\/h3>\n<p>H-500 es un suplemento diet\u00e9tico dise\u00f1ado para adultos que desean apoyar su salud y bienestar general. Es especialmente \u00fatil para personas que llevan un estilo de vida estresante, viven en \u00e1reas muy industrializadas o realizan trabajos exigentes. Gracias a sus fuertes propiedades antioxidantes, H-500 puede ayudar a proteger el cuerpo contra los efectos nocivos de los radicales libres y apoyar el buen funcionamiento del cuerpo.<\/p>\n<p>Tambi\u00e9n es beneficioso para las personas mayores ya que los antioxidantes naturales del cuerpo disminuyen a medida que envejecemos, y este suplemento proporciona los electrones que buscan los radicales libres, previniendo el da\u00f1o a las c\u00e9lulas sanas. Tambi\u00e9n se puede utilizar como medida preventiva en la lucha contra los efectos de los radicales libres, que pueden causar enfermedades relacionadas con el funcionamiento del cerebro, enfermedades oculares, pulmonares, card\u00edacas, esquel\u00e9ticas.<\/p>\n<p>Adem\u00e1s, tenga en cuenta que H-500 es un suplemento diet\u00e9tico y no debe utilizarse como sustituto de una dieta equilibrada y un estilo de vida saludable. Tambi\u00e9n es importante consultar a su profesional de la salud antes de usar H-500, especialmente si tiene alguna condici\u00f3n m\u00e9dica preexistente o est\u00e1 tomando alg\u00fan medicamento.<\/p>\n<p><img data-opt-id=1840539763  fetchpriority=\"high\" decoding=\"async\" class=\"aligncenter wp-image-5511 size-full\" src=\"https:\/\/mlccfyajnfvu.i.optimole.com\/w:auto\/h:auto\/q:mauto\/f:best\/https:\/\/coralforyou.eu\/wp-content\/uploads\/2022\/12\/h-500-2-Medium.jpeg\" alt=\"\" width=\"640\" height=\"427\" srcset=\"https:\/\/mlccfyajnfvu.i.optimole.com\/w:640\/h:427\/q:mauto\/f:best\/https:\/\/coralforyou.eu\/wp-content\/uploads\/2022\/12\/h-500-2-Medium.jpeg 640w, https:\/\/mlccfyajnfvu.i.optimole.com\/w:300\/h:200\/q:mauto\/f:best\/https:\/\/coralforyou.eu\/wp-content\/uploads\/2022\/12\/h-500-2-Medium.jpeg 300w, https:\/\/mlccfyajnfvu.i.optimole.com\/w:600\/h:400\/q:mauto\/f:best\/https:\/\/coralforyou.eu\/wp-content\/uploads\/2022\/12\/h-500-2-Medium.jpeg 600w\" sizes=\"(max-width: 640px) 100vw, 640px\" \/><\/p>\n<h3>H-500 - opiniones<\/h3>\n<h5>\u00bfQu\u00e9 dicen los consumidores sobre el H-500?<\/h5>\n<blockquote><p>\u201cComo mujer, siempre estoy buscando formas de mantenerme joven y el H-500 me ayuda mucho en esto. Sus poderosas propiedades antioxidantes combaten los radicales libres, haciendo que mi piel y mi cuerpo se vean m\u00e1s j\u00f3venes y radiantes\u201d.\u00a0\u00a0<b>Mar\u00eda, 35 a\u00f1os.<\/b><\/p>\n<p>\u201cDescubr\u00ed que tomar antioxidantes como H-500 puede ser beneficioso para quienes tienen problemas con el sistema neurol\u00f3gico. Lo prob\u00e9 personalmente y not\u00e9 una mejora en mi bienestar general\u201d. <strong>Camelia<\/strong><b>, 58 a\u00f1os.<\/b><\/p><\/blockquote>\n<h4>H-500: lo que dicen los expertos en salud sobre este producto<\/h4>\n<blockquote><p>\u201cVale la pena se\u00f1alar que H-500 es un suplemento diet\u00e9tico cuya tarea es apoyar la salud y el bienestar general. Es un poderoso antioxidante que protege todo el cuerpo contra los radicales libres y es beneficioso para las personas que viven bajo estr\u00e9s, en \u00e1reas altamente industrializadas y que trabajan duro. Ayuda a reducir la sensaci\u00f3n de fatiga despu\u00e9s del esfuerzo f\u00edsico o mental, mejora las propiedades cognitivas y mentales, puede ser beneficioso para las personas mayores ya que la cantidad de antioxidantes naturales en el cuerpo disminuye con la edad, por lo que es tan importante el aporte de radicales libres. los electrones que buscan para prevenir el da\u00f1o a las c\u00e9lulas sanas. Debe tomarse bajo la supervisi\u00f3n de un profesional de la salud y como complemento a un estilo de vida saludable&quot;.\u00a0<b>\u00a0 Michael, especialista en salud y nutrici\u00f3n.<\/b><\/p><\/blockquote>\n<h4>H-500 - donde puedo comprarlo y a que precio<\/h4>\n<p>El H-500 es un producto exclusivo de Coral Club y solo se puede adquirir en las tiendas oficiales de Coral Club -\u00a0<a href=\"https:\/\/pl.coral.club\/shop\/h-500.html?language=pl&amp;REF_CODE=455344920720&amp;offer=91883&amp;utm_source=copy-link&amp;utm_medium=prod-recom\" target=\"_blank\" rel=\"noopener nofollow\">AQU\u00cd<\/a>\u00a0. Le recomendamos encarecidamente que evite cualquier plataforma de terceros como Amazon o E-bay. Adem\u00e1s, si compras el producto\u00a0\u00a0<a href=\"https:\/\/pl.coral.club\/shop\/h-500.html?language=pl&amp;REF_CODE=455344920720&amp;offer=91883&amp;utm_source=copy-link&amp;utm_medium=prod-recom\" target=\"_blank\" rel=\"noopener nofollow\">AQU\u00cd<\/a>\u00a0, obtendr\u00e1 el precio de H-500 20% m\u00e1s bajo.<\/p>\n<p>IMPORTANTE: Los complementos alimenticios no pueden utilizarse como sustituto de una dieta variada. El suplemento diet\u00e9tico debe almacenarse fuera del alcance de los ni\u00f1os peque\u00f1os. No usar en caso de intolerancia a alguno de los ingredientes del complemento alimenticio. ESTE PRODUCTO NO EST\u00c1 DISE\u00d1ADO PARA DIAGNOSTICAR, TRATAR O PREVENIR NINGUNA ENFERMEDAD.<\/p>\n<p>&nbsp;<\/p>\n<h3 style=\"text-align: center;\"><a class=\"przycisk\" href=\"https:\/\/pl.coral.club\/shop\/h-500.html?language=pl&amp;REF_CODE=455344920720&amp;offer=91883&amp;utm_source=copy-link&amp;utm_medium=prod-recom\" target=\"_blank\" rel=\"noopener nofollow\">COMPRAR H-500 CORAL CLUB AQU\u00cd<\/a><\/h3>\n<h3 style=\"text-align: center;\"><\/h3>","protected":false},"excerpt":{"rendered":"<p>H-500 de Coral Club es un complemento alimenticio que posee fuertes propiedades antioxidantes, protegiendo eficazmente al organismo frente a los efectos nocivos de los radicales libres. Es muy valorado entre los profesionales de la salud por sus propiedades que favorecen el buen funcionamiento del organismo.\u00a0<span class=\"VIpgJd-yAWNEb-VIpgJd-fmcmS-sn54Q\">Esto es especialmente beneficioso para las personas que llevan un estilo de vida estresante, viven en \u00e1reas muy industrializadas o realizan trabajos exigentes.\u00a0<\/span>El estilo de vida moderno, que a menudo se asocia con la falta de sue\u00f1o y el uso de estimulantes, puede afectar el cuerpo, lo que convierte a H-500 en una herramienta valiosa para mantener la salud y el bienestar en general.<\/p>","protected":false},"featured_media":6284,"comment_status":"open","ping_status":"closed","template":"","meta":{"_monsterinsights_skip_tracking":false,"_monsterinsights_sitenote_active":false,"_monsterinsights_sitenote_note":"","_monsterinsights_sitenote_category":0,"site-sidebar-layout":"default","site-content-layout":"default","ast-site-content-layout":"default","site-content-style":"default","site-sidebar-style":"default","ast-global-header-display":"","ast-banner-title-visibility":"","ast-main-header-display":"","ast-hfb-above-header-display":"","ast-hfb-below-header-display":"","ast-hfb-mobile-header-display":"","site-post-title":"","ast-breadcrumbs-content":"","ast-featured-img":"","footer-sml-layout":"","theme-transparent-header-meta":"default","adv-header-id-meta":"","stick-header-meta":"","header-above-stick-meta":"","header-main-stick-meta":"","header-below-stick-meta":"","astra-migrate-meta-layouts":"default","ast-page-background-enabled":"default","ast-page-background-meta":{"desktop":{"background-color":"","background-image":"","background-repeat":"repeat","background-position":"center center","background-size":"auto","background-attachment":"scroll","background-type":"","background-media":"","overlay-type":"","overlay-color":"","overlay-opacity":"","overlay-gradient":""},"tablet":{"background-color":"","background-image":"","background-repeat":"repeat","background-position":"center center","background-size":"auto","background-attachment":"scroll","background-type":"","background-media":"","overlay-type":"","overlay-color":"","overlay-opacity":"","overlay-gradient":""},"mobile":{"background-color":"","background-image":"","background-repeat":"repeat","background-position":"center center","background-size":"auto","background-attachment":"scroll","background-type":"","background-media":"","overlay-type":"","overlay-color":"","overlay-opacity":"","overlay-gradient":""}},"ast-content-background-meta":{"desktop":{"background-color":"var(--ast-global-color-5)","background-image":"","background-repeat":"repeat","background-position":"center center","background-size":"auto","background-attachment":"scroll","background-type":"","background-media":"","overlay-type":"","overlay-color":"","overlay-opacity":"","overlay-gradient":""},"tablet":{"background-color":"var(--ast-global-color-5)","background-image":"","background-repeat":"repeat","background-position":"center center","background-size":"auto","background-attachment":"scroll","background-type":"","background-media":"","overlay-type":"","overlay-color":"","overlay-opacity":"","overlay-gradient":""},"mobile":{"background-color":"var(--ast-global-color-5)","background-image":"","background-repeat":"repeat","background-position":"center center","background-size":"auto","background-attachment":"scroll","background-type":"","background-media":"","overlay-type":"","overlay-color":"","overlay-opacity":"","overlay-gradient":""}}},"product_brand":[],"product_cat":[58,60],"product_tag":[],"class_list":{"0":"post-5460","1":"product","2":"type-product","3":"status-publish","4":"has-post-thumbnail","6":"product_cat-all","7":"product_cat-detox","8":"desktop-align-center","9":"tablet-align-center","10":"mobile-align-center","12":"first","13":"instock","14":"shipping-taxable","15":"product-type-external"},"_links":{"self":[{"href":"https:\/\/coralforyou.eu\/es\/wp-json\/wp\/v2\/product\/5460","targetHints":{"allow":["GET"]}}],"collection":[{"href":"https:\/\/coralforyou.eu\/es\/wp-json\/wp\/v2\/product"}],"about":[{"href":"https:\/\/coralforyou.eu\/es\/wp-json\/wp\/v2\/types\/product"}],"replies":[{"embeddable":true,"href":"https:\/\/coralforyou.eu\/es\/wp-json\/wp\/v2\/comments?post=5460"}],"version-history":[{"count":0,"href":"https:\/\/coralforyou.eu\/es\/wp-json\/wp\/v2\/product\/5460\/revisions"}],"wp:featuredmedia":[{"embeddable":true,"href":"https:\/\/coralforyou.eu\/es\/wp-json\/wp\/v2\/media\/6284"}],"wp:attachment":[{"href":"https:\/\/coralforyou.eu\/es\/wp-json\/wp\/v2\/media?parent=5460"}],"wp:term":[{"taxonomy":"product_brand","embeddable":true,"href":"https:\/\/coralforyou.eu\/es\/wp-json\/wp\/v2\/product_brand?post=5460"},{"taxonomy":"product_cat","embeddable":true,"href":"https:\/\/coralforyou.eu\/es\/wp-json\/wp\/v2\/product_cat?post=5460"},{"taxonomy":"product_tag","embeddable":true,"href":"https:\/\/coralforyou.eu\/es\/wp-json\/wp\/v2\/product_tag?post=5460"}],"curies":[{"name":"wp","href":"https:\/\/api.w.org\/{rel}","templated":true}]}}