{"id":5461,"date":"2022-12-23T11:56:21","date_gmt":"2022-12-23T11:56:21","guid":{"rendered":"https:\/\/coralforyou.eu\/?post_type=product&#038;p=5461"},"modified":"2023-07-26T15:45:37","modified_gmt":"2023-07-26T15:45:37","slug":"coral-detox-coral-club","status":"publish","type":"product","link":"https:\/\/coralforyou.eu\/es\/producto\/coral-detox-coral-club\/","title":{"rendered":"Coral Detox Coral Club - desintoxicaci\u00f3n integral natural"},"content":{"rendered":"<h1><b><a href=\"https:\/\/coralforyou.eu\/es\/\">Coral Detox Coral Club<\/a>\u00a0\u2013 un complejo natural que facilita la desintoxicaci\u00f3n<\/b><\/h1>\n<p>Coral Detox de Coral Club es un conjunto de complementos alimenticios dise\u00f1ado para una limpieza eficaz del organismo, que ha recibido comentarios positivos por parte de los usuarios. Los estilos de vida modernos exponen nuestros cuerpos a las toxinas de la contaminaci\u00f3n del aire y las elecciones de alimentos poco saludables que pueden ser dif\u00edciles de eliminar. Seg\u00fan los expertos, los suplementos diet\u00e9ticos Coral de este conjunto pueden ayudar a eliminar las toxinas no deseadas del cuerpo de manera m\u00e1s efectiva, promover una buena salud y mantenerla por m\u00e1s tiempo. Los usuarios del conjunto Coral Detox informan una mejora en el bienestar y una reducci\u00f3n en los s\u00edntomas de ciertas enfermedades.<\/p>\n<h2>Coral Detox - composici\u00f3n y acci\u00f3n<\/h2>\n<p>Coral Detox es una colecci\u00f3n de productos que apoyan el proceso de desintoxicaci\u00f3n natural del cuerpo. Este enfoque integral ayuda a eliminar las impurezas, mejorar la salud celular y aumentar la vitalidad general.<\/p>\n<p><strong>El juego contiene:<\/strong><\/p>\n<ul>\n<li><b>ASIMILADOR<\/b>\u00a0, que es una mezcla de enzimas vegetales y vitaminas A y D, ayuda en el proceso digestivo y reduce la formaci\u00f3n de toxinas.<\/li>\n<li><b>H-500<\/b>\u00a0, es un antioxidante que protege al organismo contra el estr\u00e9s oxidativo y aumenta los niveles de energ\u00eda durante la actividad f\u00edsica.<\/li>\n<li><b>MINA DE CORAL<\/b>\u00a0, un producto de Jap\u00f3n, hecho de arena de corales de aguas profundas, enriquece el agua con minerales, promoviendo una mejor hidrataci\u00f3n y apoyando el proceso de desintoxicaci\u00f3n.<\/li>\n<li><b>LECITINA DE CORAL<\/b>\u00a0, es una fuente natural de fosfol\u00edpidos que protegen las membranas celulares del da\u00f1o y apoyan el buen funcionamiento del h\u00edgado.<\/li>\n<\/ul>\n<h3>Coral Detox: \u00bfqui\u00e9n puede usarlo?<\/h3>\n<p>Coral Detox es un suplemento diet\u00e9tico dise\u00f1ado para adultos que desean apoyar su salud y bienestar general apoyando la desintoxicaci\u00f3n. Se recomienda para personas que quieren mejorar la digesti\u00f3n, reducir la formaci\u00f3n de toxinas y aumentar los niveles de energ\u00eda. El conjunto incluye antioxidantes y minerales que ayudan a proteger el cuerpo del estr\u00e9s oxidativo y promueven la hidrataci\u00f3n, lo que puede ser beneficioso para personas con un estilo de vida estresante, que viven en \u00e1reas altamente industrializadas o que realizan trabajos exigentes.<\/p>\n<p>Tambi\u00e9n se incluye un producto de apoyo hep\u00e1tico que puede ser beneficioso para las personas que pueden tener problemas hep\u00e1ticos o que desean apoyar los procesos naturales de desintoxicaci\u00f3n del h\u00edgado.<\/p>\n<p>Tenga en cuenta que Coral Detox es un suplemento diet\u00e9tico y no debe utilizarse como sustituto de una dieta equilibrada y un estilo de vida saludable. Tambi\u00e9n es importante consultar a su profesional de la salud antes de usar Coral Detox, especialmente si tiene alguna condici\u00f3n m\u00e9dica preexistente o est\u00e1 tomando alg\u00fan medicamento.<\/p>\n<h3>Coral detox - opiniones<\/h3>\n<h5>\u00bfQu\u00e9 dicen los consumidores sobre Coral Detox?<\/h5>\n<blockquote><p>\u201cProb\u00e9 Coral Detox por recomendaci\u00f3n de una amiga, principalmente porque siempre me quejaba de problemas estomacales. Despu\u00e9s de usar Coral Detox varias veces en un a\u00f1o, puedo decir verdaderamente que Coral Detox ha marcado una diferencia real en mi cuerpo y mi salud. Mi presi\u00f3n arterial ha bajado, mi est\u00f3mago ya no me duele y tengo mucha m\u00e1s energ\u00eda que antes. Recomiendo encarecidamente este programa.\u201d\u00a0<b>Violetta, 29 a\u00f1os.<\/b><\/p>\n<p>\u201cCoral Detox es el principal programa de desintoxicaci\u00f3n que dirijo con mi familia, que somos yo, mi esposo y mis dos hijas de 23 y 25 a\u00f1os. Estamos muy satisfechos con sus efectos y personalmente veo cu\u00e1nto ha cambiado nuestro estilo de vida. Todos tenemos mucha m\u00e1s energ\u00eda, todos comemos m\u00e1s sano ahora e incluso baj\u00e9 de peso, lo que me preocupaba mucho. Es un programa integral muy natural y lo recomiendo mucho.\u201d\u00a0<b>Magdalena, 54 a\u00f1os.<\/b><\/p>\n<p>Recientemente comenc\u00e9 a usar Coral Detox y estoy impresionado con los efectos. El kit contiene una variedad de suplementos diet\u00e9ticos que han sido formulados espec\u00edficamente para apoyar la salud y el bienestar general al promover la desintoxicaci\u00f3n.<\/p>\n<p>Uno de los productos del kit, Assimilator, contiene enzimas que ayudan a digerir los alimentos, incluidas las prote\u00ednas, los carbohidratos y las grasas. Me ha ayudado a mejorar mi digesti\u00f3n y reducir la acumulaci\u00f3n de toxinas. Tambi\u00e9n not\u00e9 que tengo m\u00e1s energ\u00eda durante el d\u00eda.<\/p>\n<p>Otro producto H-500 es un antioxidante que protege al cuerpo contra el estr\u00e9s oxidativo y aumenta la resistencia durante el entrenamiento. Esto es especialmente \u00fatil para m\u00ed, ya que llevo un estilo de vida estresante y vivo en una zona muy industrializada.<\/p>\n<p>Otro producto de CORAL-MINE es un producto de Jap\u00f3n hecho de arena de coral de aguas profundas (escleractinios). Enriquece el agua con minerales, gracias a los cuales promueve una mejor hidrataci\u00f3n y apoya el proceso de desintoxicaci\u00f3n.<\/p>\n<p>Finalmente, la LECITINA DE CORAL es una fuente de fosfol\u00edpidos naturales. Protege las membranas celulares del da\u00f1o y apoya la funci\u00f3n hep\u00e1tica saludable.<\/p>\n<p>En general, recomiendo encarecidamente Coral Detox a cualquier persona que busque apoyar su salud y bienestar general promoviendo la desintoxicaci\u00f3n. La combinaci\u00f3n de los productos en este kit realmente me ayud\u00f3 a mejorar mi digesti\u00f3n, reducir la acumulaci\u00f3n de toxinas y aumentar mis niveles de energ\u00eda\u201d.\u00a0<b>Gregorio, 59 a\u00f1os<\/b><\/p><\/blockquote>\n<h4>Coral Detox - donde puedo comprarlo y a que precio<\/h4>\n<p>Coral Detox es un producto exclusivo de Coral Club y solo se puede comprar en las tiendas oficiales de Coral Club \u2013 <a href=\"https:\/\/pl.coral.club\/shop\/coral-detox.html?language=pl&amp;REF_CODE=455344920720&amp;utm_source=copy-link&amp;utm_medium=prod-recom\" rel=\"nofollow noopener\">AQU\u00cd<\/a>. Le recomendamos encarecidamente que evite cualquier plataforma de terceros como Amazon o E-bay. Adem\u00e1s, si compras el producto\u00a0\u00a0<a href=\"https:\/\/pl.coral.club\/shop\/coral-detox.html?language=pl&amp;REF_CODE=455344920720&amp;utm_source=copy-link&amp;utm_medium=prod-recom\" target=\"_blank\" rel=\"noopener nofollow\">AQU\u00cd<\/a>\u00a0, obtendr\u00e1s un descuento de 20% en Coral Detox.<\/p>\n<p>IMPORTANTE: Los complementos alimenticios no pueden utilizarse como sustituto de una dieta variada. El suplemento diet\u00e9tico debe almacenarse fuera del alcance de los ni\u00f1os peque\u00f1os. No usar en caso de intolerancia a alguno de los ingredientes del complemento alimenticio.\u00a0<span class=\"VIpgJd-yAWNEb-VIpgJd-fmcmS-sn54Q\">ESTE PRODUCTO NO EST\u00c1 DISE\u00d1ADO PARA DIAGNOSTICAR, TRATAR O PREVENIR NINGUNA ENFERMEDAD.<\/span><\/p>\n<p>&nbsp;<\/p>\n<h3 style=\"text-align: center;\"><a class=\"przycisk\" href=\"https:\/\/pl.coral.club\/shop\/coral-detox.html?language=pl&amp;REF_CODE=455344920720&amp;utm_source=copy-link&amp;utm_medium=prod-recom\" target=\"_blank\" rel=\"noopener nofollow\">COMPRAR CORAL DETOX CORAL CLUB AQU\u00cd<\/a><\/h3>\n<h3 style=\"text-align: center;\"><\/h3>","protected":false},"excerpt":{"rendered":"<p><span class=\"VIpgJd-yAWNEb-VIpgJd-fmcmS-sn54Q\">Coral Detox de Coral Club es un conjunto de complementos alimenticios dise\u00f1ado para una limpieza eficaz del organismo, que ha recibido comentarios positivos por parte de los usuarios.\u00a0<\/span>Los estilos de vida modernos exponen nuestros cuerpos a las toxinas de la contaminaci\u00f3n del aire y las elecciones de alimentos poco saludables que pueden ser dif\u00edciles de eliminar.<\/p>","protected":false},"featured_media":6265,"comment_status":"open","ping_status":"closed","template":"","meta":{"_monsterinsights_skip_tracking":false,"_monsterinsights_sitenote_active":false,"_monsterinsights_sitenote_note":"","_monsterinsights_sitenote_category":0,"site-sidebar-layout":"default","site-content-layout":"default","ast-site-content-layout":"default","site-content-style":"default","site-sidebar-style":"default","ast-global-header-display":"","ast-banner-title-visibility":"","ast-main-header-display":"","ast-hfb-above-header-display":"","ast-hfb-below-header-display":"","ast-hfb-mobile-header-display":"","site-post-title":"","ast-breadcrumbs-content":"","ast-featured-img":"","footer-sml-layout":"","theme-transparent-header-meta":"default","adv-header-id-meta":"","stick-header-meta":"","header-above-stick-meta":"","header-main-stick-meta":"","header-below-stick-meta":"","astra-migrate-meta-layouts":"default","ast-page-background-enabled":"default","ast-page-background-meta":{"desktop":{"background-color":"","background-image":"","background-repeat":"repeat","background-position":"center center","background-size":"auto","background-attachment":"scroll","background-type":"","background-media":"","overlay-type":"","overlay-color":"","overlay-opacity":"","overlay-gradient":""},"tablet":{"background-color":"","background-image":"","background-repeat":"repeat","background-position":"center center","background-size":"auto","background-attachment":"scroll","background-type":"","background-media":"","overlay-type":"","overlay-color":"","overlay-opacity":"","overlay-gradient":""},"mobile":{"background-color":"","background-image":"","background-repeat":"repeat","background-position":"center center","background-size":"auto","background-attachment":"scroll","background-type":"","background-media":"","overlay-type":"","overlay-color":"","overlay-opacity":"","overlay-gradient":""}},"ast-content-background-meta":{"desktop":{"background-color":"var(--ast-global-color-5)","background-image":"","background-repeat":"repeat","background-position":"center center","background-size":"auto","background-attachment":"scroll","background-type":"","background-media":"","overlay-type":"","overlay-color":"","overlay-opacity":"","overlay-gradient":""},"tablet":{"background-color":"var(--ast-global-color-5)","background-image":"","background-repeat":"repeat","background-position":"center center","background-size":"auto","background-attachment":"scroll","background-type":"","background-media":"","overlay-type":"","overlay-color":"","overlay-opacity":"","overlay-gradient":""},"mobile":{"background-color":"var(--ast-global-color-5)","background-image":"","background-repeat":"repeat","background-position":"center center","background-size":"auto","background-attachment":"scroll","background-type":"","background-media":"","overlay-type":"","overlay-color":"","overlay-opacity":"","overlay-gradient":""}}},"product_brand":[],"product_cat":[58,60],"product_tag":[],"class_list":{"0":"post-5461","1":"product","2":"type-product","3":"status-publish","4":"has-post-thumbnail","6":"product_cat-all","7":"product_cat-detox","8":"desktop-align-center","9":"tablet-align-center","10":"mobile-align-center","12":"first","13":"instock","14":"shipping-taxable","15":"product-type-external"},"_links":{"self":[{"href":"https:\/\/coralforyou.eu\/es\/wp-json\/wp\/v2\/product\/5461","targetHints":{"allow":["GET"]}}],"collection":[{"href":"https:\/\/coralforyou.eu\/es\/wp-json\/wp\/v2\/product"}],"about":[{"href":"https:\/\/coralforyou.eu\/es\/wp-json\/wp\/v2\/types\/product"}],"replies":[{"embeddable":true,"href":"https:\/\/coralforyou.eu\/es\/wp-json\/wp\/v2\/comments?post=5461"}],"version-history":[{"count":0,"href":"https:\/\/coralforyou.eu\/es\/wp-json\/wp\/v2\/product\/5461\/revisions"}],"wp:featuredmedia":[{"embeddable":true,"href":"https:\/\/coralforyou.eu\/es\/wp-json\/wp\/v2\/media\/6265"}],"wp:attachment":[{"href":"https:\/\/coralforyou.eu\/es\/wp-json\/wp\/v2\/media?parent=5461"}],"wp:term":[{"taxonomy":"product_brand","embeddable":true,"href":"https:\/\/coralforyou.eu\/es\/wp-json\/wp\/v2\/product_brand?post=5461"},{"taxonomy":"product_cat","embeddable":true,"href":"https:\/\/coralforyou.eu\/es\/wp-json\/wp\/v2\/product_cat?post=5461"},{"taxonomy":"product_tag","embeddable":true,"href":"https:\/\/coralforyou.eu\/es\/wp-json\/wp\/v2\/product_tag?post=5461"}],"curies":[{"name":"wp","href":"https:\/\/api.w.org\/{rel}","templated":true}]}}