{"id":5462,"date":"2022-12-23T11:56:37","date_gmt":"2022-12-23T11:56:37","guid":{"rendered":"https:\/\/coralforyou.eu\/?post_type=product&#038;p=5462"},"modified":"2025-04-12T13:29:01","modified_gmt":"2025-04-12T13:29:01","slug":"assimilator-coral-club","status":"publish","type":"product","link":"https:\/\/coralforyou.eu\/es\/producto\/asimilador-coral-club\/","title":{"rendered":"Assimilator Coral Club - enzimas naturales que favorecen la digesti\u00f3n"},"content":{"rendered":"<h1><\/h1>\n<h1><b><a href=\"https:\/\/coralforyou.eu\/es\/\">Assimilator Coral Club<\/a>\u00a0\u2014 enzimas digestivas naturales<\/b><\/h1>\n<p>Assimilator es un suplemento diet\u00e9tico que contiene una mezcla de enzimas para ayudar a digerir los alimentos, incluyendo prote\u00ednas, carbohidratos y grasas. Esto puede ayudarlo a perder peso. Las enzimas juegan un papel importante en el mantenimiento de la vitalidad diaria apoyando una digesti\u00f3n \u00f3ptima, por lo que este suplemento est\u00e1 especialmente recomendado para personas que desean perder peso.<\/p>\n<h2>Assimilator: \u00bfqu\u00e9 es exactamente?<\/h2>\n<p>Assimilator es un suplemento diet\u00e9tico que contiene una mezcla de enzimas para ayudar a digerir los alimentos, incluyendo prote\u00ednas, carbohidratos y grasas. Esto puede ayudarlo a perder peso. Las enzimas juegan un papel importante en el mantenimiento de la vitalidad diaria apoyando una digesti\u00f3n \u00f3ptima, por lo que este suplemento est\u00e1 especialmente recomendado para personas que adelgazan.<\/p>\n<p>Assimilator tambi\u00e9n contiene vitamina D, que ayuda a mantener el nivel adecuado de calcio en la sangre, participa en la regulaci\u00f3n del metabolismo del calcio y el fosfato, apoya la formaci\u00f3n \u00f3sea, participa en la divisi\u00f3n celular y la funci\u00f3n muscular. Tambi\u00e9n mejora la permeabilidad de las paredes intestinales, lo que permite que el cuerpo absorba mejor los nutrientes de los alimentos.<\/p>\n<p>Adem\u00e1s, Assimilator contiene vitamina A, que apoya el sistema inmunol\u00f3gico, la salud de la piel y el metabolismo del hierro. Tambi\u00e9n contribuye a la correcta visi\u00f3n y al buen funcionamiento de la piel y las mucosas. Las revisiones sugieren que esta preparaci\u00f3n puede mejorar la visi\u00f3n y apoyar una visi\u00f3n saludable.<\/p>\n<h2>Assimilator - composici\u00f3n y beneficios<\/h2>\n<p>Este suplemento diet\u00e9tico contiene varias enzimas que ayudan en la digesti\u00f3n y absorci\u00f3n de nutrientes. La lipasa es una de estas enzimas, y su funci\u00f3n es descomponer las grasas animales en el intestino delgado y convertirlas en \u00e1cidos grasos que el cuerpo absorbe m\u00e1s f\u00e1cilmente. La lipasa tambi\u00e9n ayuda en la digesti\u00f3n y absorci\u00f3n de las vitaminas A y D.<\/p>\n<p>Otra enzima contenida en el suplemento es la proteasa, que descompone las prote\u00ednas en amino\u00e1cidos m\u00e1s f\u00e1ciles de digerir. La proteasa previene la formaci\u00f3n de residuos de alimentos en las paredes intestinales, reduce la formaci\u00f3n de dep\u00f3sitos y mejora el intercambio de prote\u00ednas. Tambi\u00e9n act\u00faa como una fuerte defensa contra los microorganismos pat\u00f3genos y apoya los procesos inmunol\u00f3gicos del cuerpo.<\/p>\n<p>La celulosa, otra enzima del suplemento, ayuda en la digesti\u00f3n de las fibras vegetales, que son importantes para mantener un intestino sano. La celulosa descompone la fibra en glucosa, que es el principal combustible del cuerpo. Tambi\u00e9n aumenta el valor nutritivo de cereales, frutas y verduras.<\/p>\n<h3>Asimilator: \u00bfqui\u00e9n puede usarlo?<\/h3>\n<p>Assimilator es un suplemento diet\u00e9tico dise\u00f1ado para adultos que desean apoyar su salud y bienestar general promoviendo una digesti\u00f3n \u00f3ptima. Se recomienda para personas que desean perder peso, mejorar la digesti\u00f3n y aumentar los niveles de energ\u00eda.<\/p>\n<p>Est\u00e1 especialmente recomendado para personas que tienen problemas para digerir grasas, prote\u00ednas y carbohidratos, ya que las enzimas contenidas en Assimilator pueden ayudar a descomponer estos nutrientes y ayudar a su absorci\u00f3n. Tambi\u00e9n contiene vitaminas A y D, que tienen varios beneficios para la salud, como el apoyo al sistema inmunol\u00f3gico, la salud de la piel y el metabolismo del hierro.<\/p>\n<p>Adem\u00e1s, tenga en cuenta que Assimilator es un suplemento diet\u00e9tico y no debe utilizarse como sustituto de una dieta equilibrada y un estilo de vida saludable. Tambi\u00e9n es importante consultar a su profesional de la salud antes de usar Assimilator, especialmente si tiene alguna condici\u00f3n m\u00e9dica preexistente o est\u00e1 tomando alg\u00fan medicamento.<\/p>\n<h3>Asimilator - opiniones<\/h3>\n<h6>\u00bfQu\u00e9 dicen los consumidores sobre este producto?<\/h6>\n<blockquote><p>\u201cHe estado usando Assimilator durante algunas semanas y debo decir que estoy impresionado con los resultados. He estado luchando con problemas digestivos durante alg\u00fan tiempo y este suplemento realmente me ha ayudado a sentirme mejor.<\/p>\n<p>Las enzimas contenidas en Assimilator, como la lipasa, la proteasa y la celulosa, me han ayudado a descomponer los alimentos de manera m\u00e1s eficiente y he notado una mejora significativa en mi digesti\u00f3n. Ya no me siento hinchado o inc\u00f3modo despu\u00e9s de las comidas y mi nivel de energ\u00eda tambi\u00e9n ha aumentado.<\/p>\n<p>Otra cosa que not\u00e9 es que desde que comenc\u00e9 a tomar el suplemento, he perdido peso. Creo que el suplemento me ayuda a digerir mejor las grasas y los carbohidratos, lo que me ayuda a perder peso.<\/p>\n<p>Tambi\u00e9n aprecio que el suplemento contenga vitaminas A y D, que tienen varias propiedades que promueven la salud. He notado que mi piel luce mejor y mi sistema inmunol\u00f3gico es m\u00e1s fuerte.<\/p>\n<p>En general, recomiendo Assimilator a cualquier persona que tenga problemas digestivos o quiera perder peso. \u00a1Es un gran suplemento que realmente funciona!&quot;\u00a0<strong>Sia, 29 a\u00f1os.<\/strong><\/p>\n<p>\u201cRecientemente comenc\u00e9 a usar Assimilator y estoy muy satisfecho con los resultados. El suplemento diet\u00e9tico contiene una mezcla de enzimas que favorecen la digesti\u00f3n de los alimentos, incluidas las prote\u00ednas, los carbohidratos y las grasas. Me ha ayudado a mejorar mi digesti\u00f3n y reducir la acumulaci\u00f3n de toxinas. Tambi\u00e9n not\u00e9 que tengo m\u00e1s energ\u00eda durante el d\u00eda.<\/p>\n<p>El suplemento tambi\u00e9n contiene vitamina D, que ayuda a mantener el nivel adecuado de calcio en la sangre, participa en la regulaci\u00f3n del metabolismo del calcio y el f\u00f3sforo, apoya la formaci\u00f3n de huesos, participa en la divisi\u00f3n celular y la funci\u00f3n muscular. La vitamina A apoya el sistema inmunol\u00f3gico, la salud de la piel y el metabolismo del hierro.<\/p>\n<p>Tambi\u00e9n aprecio que el suplemento sea f\u00e1cil de tomar porque viene en una c\u00f3moda forma de polvo que puedo mezclar con agua o jugo. Recomiendo encarecidamente Assimilator a cualquiera que busque mejorar su digesti\u00f3n y su salud en general. En combinaci\u00f3n con ellos <a href=\"https:\/\/immer.fit\/produkte\/fitline-powercocktail\/\" rel=\"noopener\">C\u00f3ctel energ\u00e9tico<\/a> kann es die Vitalit\u00e4t und das Wohlbefinden noch weiter steigern.\u201d,\u00a0<strong>Miguel, 41 a\u00f1os.<\/strong><\/p><\/blockquote>\n<h3>Asimilator: \u00bfd\u00f3nde comprar y a qu\u00e9 precio?<\/h3>\n<p>El Asimilador es un producto exclusivo de Coral Club y solo se puede adquirir en las tiendas oficiales de Coral Club - <a href=\"https:\/\/pl.coral.club\/shop\/assimilator.html?language=pl&amp;REF_CODE=455344920720&amp;utm_source=copy-link&amp;utm_medium=prod-recom\" rel=\"nofollow noopener\">AQU\u00cd<\/a>. Le recomendamos encarecidamente que evite cualquier plataforma de terceros como Amazon o E-bay. Adem\u00e1s, si compras el producto\u00a0\u00a0<a href=\"https:\/\/pl.coral.club\/shop\/assimilator.html?language=pl&amp;REF_CODE=455344920720&amp;utm_source=copy-link&amp;utm_medium=prod-recom\" target=\"_blank\" rel=\"noopener nofollow\">AQU\u00cd<\/a>\u00a0, obtendr\u00e1 el precio del Asimilador 20% m\u00e1s bajo.<\/p>\n<p>IMPORTANTE: Los complementos alimenticios no pueden utilizarse como sustituto de una dieta variada. El suplemento diet\u00e9tico debe almacenarse fuera del alcance de los ni\u00f1os peque\u00f1os. No usar en caso de intolerancia a alguno de los ingredientes del complemento alimenticio. ESTE PRODUCTO NO EST\u00c1 DISE\u00d1ADO PARA DIAGNOSTICAR, TRATAR O PREVENIR NINGUNA ENFERMEDAD.<\/p>\n<p>&nbsp;<\/p>\n<h2 style=\"text-align: center;\"><a class=\"przycisk\" href=\"https:\/\/pl.coral.club\/shop\/assimilator.html?language=pl&amp;REF_CODE=455344920720&amp;utm_source=copy-link&amp;utm_medium=prod-recom\" target=\"_blank\" rel=\"noopener nofollow\"><span class=\"VIpgJd-yAWNEb-VIpgJd-fmcmS-sn54Q\">COMPRA EL ASIMILADOR CLUB CORAL AQU\u00cd<\/span><\/a><\/h2>\n<h2><\/h2>\n<h4 style=\"text-align: center;\">Sobre Coral Club<\/h4>\n<p>&nbsp;<\/p>\n<div class=\"ast-oembed-container\" style=\"height: 100%;\"><iframe title=\"Coral Club - Ingl\u00e9s | TuCoral.com\" width=\"500\" height=\"281\" src=\"https:\/\/www.youtube.com\/embed\/VwOMr-Ax9H0?feature=oembed\" frameborder=\"0\" allow=\"accelerometer; autoplay; clipboard-write; encrypted-media; gyroscope; picture-in-picture; web-share\" referrerpolicy=\"strict-origin-when-cross-origin\" allowfullscreen><\/iframe><\/div>","protected":false},"excerpt":{"rendered":"<p><span class=\"VIpgJd-yAWNEb-VIpgJd-fmcmS-sn54Q\">Assimilator es un suplemento diet\u00e9tico que contiene una mezcla de enzimas para ayudar a digerir los alimentos, incluyendo prote\u00ednas, carbohidratos y grasas.\u00a0<\/span>Esto puede ayudarlo a perder peso. Las enzimas juegan un papel importante en el mantenimiento de la vitalidad diaria apoyando una digesti\u00f3n \u00f3ptima, por lo que este suplemento est\u00e1 especialmente recomendado para personas que desean perder peso.<\/p>","protected":false},"featured_media":6283,"comment_status":"open","ping_status":"closed","template":"","meta":{"_monsterinsights_skip_tracking":false,"_monsterinsights_sitenote_active":false,"_monsterinsights_sitenote_note":"","_monsterinsights_sitenote_category":0,"site-sidebar-layout":"default","site-content-layout":"default","ast-site-content-layout":"default","site-content-style":"default","site-sidebar-style":"default","ast-global-header-display":"","ast-banner-title-visibility":"","ast-main-header-display":"","ast-hfb-above-header-display":"","ast-hfb-below-header-display":"","ast-hfb-mobile-header-display":"","site-post-title":"","ast-breadcrumbs-content":"","ast-featured-img":"","footer-sml-layout":"","theme-transparent-header-meta":"default","adv-header-id-meta":"","stick-header-meta":"","header-above-stick-meta":"","header-main-stick-meta":"","header-below-stick-meta":"","astra-migrate-meta-layouts":"set","ast-page-background-enabled":"default","ast-page-background-meta":{"desktop":{"background-color":"","background-image":"","background-repeat":"repeat","background-position":"center center","background-size":"auto","background-attachment":"scroll","background-type":"","background-media":"","overlay-type":"","overlay-color":"","overlay-opacity":"","overlay-gradient":""},"tablet":{"background-color":"","background-image":"","background-repeat":"repeat","background-position":"center center","background-size":"auto","background-attachment":"scroll","background-type":"","background-media":"","overlay-type":"","overlay-color":"","overlay-opacity":"","overlay-gradient":""},"mobile":{"background-color":"","background-image":"","background-repeat":"repeat","background-position":"center center","background-size":"auto","background-attachment":"scroll","background-type":"","background-media":"","overlay-type":"","overlay-color":"","overlay-opacity":"","overlay-gradient":""}},"ast-content-background-meta":{"desktop":{"background-color":"var(--ast-global-color-5)","background-image":"","background-repeat":"repeat","background-position":"center center","background-size":"auto","background-attachment":"scroll","background-type":"","background-media":"","overlay-type":"","overlay-color":"","overlay-opacity":"","overlay-gradient":""},"tablet":{"background-color":"var(--ast-global-color-5)","background-image":"","background-repeat":"repeat","background-position":"center center","background-size":"auto","background-attachment":"scroll","background-type":"","background-media":"","overlay-type":"","overlay-color":"","overlay-opacity":"","overlay-gradient":""},"mobile":{"background-color":"var(--ast-global-color-5)","background-image":"","background-repeat":"repeat","background-position":"center center","background-size":"auto","background-attachment":"scroll","background-type":"","background-media":"","overlay-type":"","overlay-color":"","overlay-opacity":"","overlay-gradient":""}}},"product_brand":[],"product_cat":[58,60],"product_tag":[],"class_list":{"0":"post-5462","1":"product","2":"type-product","3":"status-publish","4":"has-post-thumbnail","6":"product_cat-all","7":"product_cat-detox","8":"desktop-align-center","9":"tablet-align-center","10":"mobile-align-center","12":"first","13":"instock","14":"shipping-taxable","15":"product-type-external"},"_links":{"self":[{"href":"https:\/\/coralforyou.eu\/es\/wp-json\/wp\/v2\/product\/5462","targetHints":{"allow":["GET"]}}],"collection":[{"href":"https:\/\/coralforyou.eu\/es\/wp-json\/wp\/v2\/product"}],"about":[{"href":"https:\/\/coralforyou.eu\/es\/wp-json\/wp\/v2\/types\/product"}],"replies":[{"embeddable":true,"href":"https:\/\/coralforyou.eu\/es\/wp-json\/wp\/v2\/comments?post=5462"}],"version-history":[{"count":0,"href":"https:\/\/coralforyou.eu\/es\/wp-json\/wp\/v2\/product\/5462\/revisions"}],"wp:featuredmedia":[{"embeddable":true,"href":"https:\/\/coralforyou.eu\/es\/wp-json\/wp\/v2\/media\/6283"}],"wp:attachment":[{"href":"https:\/\/coralforyou.eu\/es\/wp-json\/wp\/v2\/media?parent=5462"}],"wp:term":[{"taxonomy":"product_brand","embeddable":true,"href":"https:\/\/coralforyou.eu\/es\/wp-json\/wp\/v2\/product_brand?post=5462"},{"taxonomy":"product_cat","embeddable":true,"href":"https:\/\/coralforyou.eu\/es\/wp-json\/wp\/v2\/product_cat?post=5462"},{"taxonomy":"product_tag","embeddable":true,"href":"https:\/\/coralforyou.eu\/es\/wp-json\/wp\/v2\/product_tag?post=5462"}],"curies":[{"name":"wp","href":"https:\/\/api.w.org\/{rel}","templated":true}]}}