{"id":5463,"date":"2022-12-23T11:56:58","date_gmt":"2022-12-23T11:56:58","guid":{"rendered":"https:\/\/coralforyou.eu\/?post_type=product&#038;p=5463"},"modified":"2024-07-08T15:31:12","modified_gmt":"2024-07-08T15:31:12","slug":"parafight-coral-club","status":"publish","type":"product","link":"https:\/\/coralforyou.eu\/es\/producto\/parafight-coral-club\/","title":{"rendered":"ParaFight Coral Club - limpieza natural de par\u00e1sitos"},"content":{"rendered":"<h1><b><a href=\"https:\/\/coralforyou.eu\/es\/\"><span class=\"\">ParaFight Coral Club<\/span><\/a><span class=\"\">\u00a0\u00a0\u2013 limpieza natural de par\u00e1sitos<\/span><\/b><\/h1>\n<p>ParaFight es un suplemento diet\u00e9tico dise\u00f1ado para respaldar la salud y el bienestar general mediante el apoyo a la desintoxicaci\u00f3n y la eliminaci\u00f3n natural de par\u00e1sitos. El producto es un fuerte agente antiparasitario que optimiza el trabajo del tracto digestivo e intensifica el efecto antiparasitario.<\/p>\n<h2>ParaFight - composici\u00f3n y ventajas<\/h2>\n<p>El ingrediente principal del producto es un extracto del pericarpio y hojas de nuez negra y juglone. Las hojas de nuez negra son conocidas por su intenso aroma y se han asociado con muchos beneficios para la salud, como la reducci\u00f3n del riesgo de enfermedades card\u00edacas y la p\u00e9rdida de peso. Las propiedades antioxidantes y antibacterianas de las nueces negras las hacen \u00fatiles en el tratamiento natural de infecciones parasitarias y bacterianas.<\/p>\n<p>Otro ingrediente importante en el producto Parafight es la juglona, que inhibe activamente la acci\u00f3n de bacterias y hongos pat\u00f3genos. Ayuda a mejorar la funci\u00f3n intestinal y asegura la formaci\u00f3n de un asiento blando. Los flavonoides y la tintura relajan los m\u00fasculos lisos, reducen la irritaci\u00f3n y la inflamaci\u00f3n de las mucosas y contribuyen a su regeneraci\u00f3n.<\/p>\n<p>Adem\u00e1s del efecto antiparasitario, Parafight tiene un efecto integral en todo el cuerpo. Muchos consumidores han informado que es un beb\u00e9 milagroso en t\u00e9rminos de efectividad y beneficios generales para la salud.<\/p>\n<p>Se recomienda su uso bajo la supervisi\u00f3n de un profesional sanitario y como complemento a un estilo de vida saludable.<\/p>\n<h3><strong>Beneficios de usar Parafight:<\/strong><\/h3>\n<ul>\n<li>Efecto de limpieza natural de par\u00e1sitos: El producto est\u00e1 dise\u00f1ado para combatir y eliminar las infecciones parasitarias en el cuerpo.<\/li>\n<li>Mejora de la funci\u00f3n digestiva: Los ingredientes activos contenidos en Parafight ayudan a optimizar la funci\u00f3n del tracto digestivo y mejoran la regularidad de las deposiciones.<\/li>\n<li>Intensificaci\u00f3n del efecto antiparasitario: El producto ayuda a eliminar elementos no deseados y toxinas del organismo, lo que puede ayudar a mantener la salud y el buen estado durante m\u00e1s tiempo.<\/li>\n<li>Propiedades antioxidantes y antibacterianas: Las hojas de nogal negro, ingrediente clave del producto, contienen propiedades antioxidantes y antibacterianas que ayudan a proteger el organismo contra diversas enfermedades.<\/li>\n<li>Reducci\u00f3n del riesgo de enfermedades card\u00edacas: se sabe que las hojas de nogal negro reducen el riesgo de enfermedades card\u00edacas.<\/li>\n<li>P\u00e9rdida de peso: se dice que el producto ayuda a perder peso al reducir el apetito y la digesti\u00f3n.<\/li>\n<li>Aumento de los niveles de energ\u00eda: el producto aumenta la capacidad del cuerpo para eliminar toxinas, lo que a su vez puede ayudar a mejorar los niveles de energ\u00eda.<\/li>\n<li>Bienestar general mejorado: muchos consumidores han informado que el uso de Parafight los ha ayudado a sentirse mejor en general, reduciendo los s\u00edntomas de ciertas afecciones.<\/li>\n<\/ul>\n<p>Vale la pena mencionar que, al igual que con cualquier suplemento diet\u00e9tico, es importante consultar con su profesional de la salud antes de tomar Parafight para asegurarse de que sea apropiado para usted y analizar las posibles interacciones con otros medicamentos o suplementos que pueda estar tomando.<\/p>\n<h3>ParaFight - \u00bfQui\u00e9n puede usarlo?<\/h3>\n<p>Parafight es un producto antiparasitario destinado a personas que pueden estar en riesgo de infecciones parasitarias o que pueden desarrollar s\u00edntomas de una infecci\u00f3n parasitaria. Se recomienda su uso bajo la supervisi\u00f3n de un profesional sanitario. Es beneficioso para las personas que quieren optimizar el trabajo del tubo digestivo y aumentar el efecto antiparasitario, y tambi\u00e9n se recomienda como prevenci\u00f3n general del organismo.<\/p>\n<h3>Rese\u00f1as de Parafight<\/h3>\n<h5>\u00bfQu\u00e9 dicen los consumidores sobre este producto?<\/h5>\n<blockquote><p>\u201cHe estado usando Parafight durante algunas semanas y ya he notado una mejora significativa en mi digesti\u00f3n y bienestar general. El producto consta de ingredientes naturales como hojas de nogal negro y juglone, que juntos combaten eficazmente las infecciones parasitarias.<\/p>\n<p>Tambi\u00e9n aprecio que ayuda a mejorar la funci\u00f3n general de mi tracto digestivo. Recomiendo encarecidamente este producto a cualquiera que busque una forma natural de combatir las infecciones parasitarias\u201d. <strong>mi<\/strong><b>va, 23 a\u00f1os<\/b><\/p>\n<p>\u201cRecientemente comenc\u00e9 a usar Parafight y estoy muy satisfecho con los resultados. Como persona propensa a las infecciones parasitarias, buscaba una soluci\u00f3n natural y eficaz a este problema. Parafight contiene una poderosa mezcla de ingredientes como hojas de nogal negro y juglone que tienen propiedades antiparasitarias y antibacterianas.<\/p>\n<p>Desde que comenc\u00e9 a usar este suplemento, not\u00e9 una mejora en mi digesti\u00f3n general y regularidad intestinal. Tambi\u00e9n me siento con m\u00e1s energ\u00eda y menos propensa a las infecciones. Aprecio que est\u00e9 hecho de ingredientes naturales y que apoye la salud y el bienestar general.<\/p>\n<p>Tenga en cuenta que es importante seguir la dosis recomendada y consultar a su profesional de la salud antes de usar, especialmente si est\u00e1 embarazada o tiene alguna condici\u00f3n m\u00e9dica. En general, recomiendo encarecidamente Parafight a cualquiera que busque una forma natural y eficaz de apoyar su salud y bienestar en general\u201d. <strong>Marca<\/strong><b>, 38 a\u00f1os<\/b><\/p><\/blockquote>\n<h3>ParaFight: \u00bfd\u00f3nde comprar y a qu\u00e9 precio?<\/h3>\n<p>Parafight es un producto exclusivo de Coral Club y solo se puede comprar en las tiendas oficiales de Coral Club -\u00a0<a href=\"https:\/\/pl.coral.club\/shop\/parafight.html?language=pl&amp;REF_CODE=160536579867&amp;utm_source=copy-link&amp;utm_medium=prod-recom\" target=\"_blank\" rel=\"noopener nofollow\">AQU\u00cd<\/a>\u00a0. Le recomendamos encarecidamente que evite cualquier plataforma de terceros como Amazon o E-bay. Adem\u00e1s, si compras el producto\u00a0\u00a0<a href=\"https:\/\/pl.coral.club\/shop\/parafight.html?language=pl&amp;REF_CODE=160536579867&amp;utm_source=copy-link&amp;utm_medium=prod-recom\" target=\"_blank\" rel=\"noopener nofollow\">AQU\u00cd<\/a>\u00a0, obtendr\u00e1 el precio de Parafight 20% m\u00e1s bajo.<\/p>\n<p>IMPORTANTE: Los complementos alimenticios no pueden utilizarse como sustituto de una dieta variada. El suplemento diet\u00e9tico debe almacenarse fuera del alcance de los ni\u00f1os peque\u00f1os. No usar en caso de intolerancia a alguno de los ingredientes del complemento alimenticio.\u00a0<span class=\"VIpgJd-yAWNEb-VIpgJd-fmcmS-sn54Q\">ESTE PRODUCTO NO EST\u00c1 DISE\u00d1ADO PARA DIAGNOSTICAR, TRATAR O PREVENIR NINGUNA ENFERMEDAD.<\/span><\/p>\n<p>&nbsp;<\/p>\n<h3 style=\"text-align: center;\"><a class=\"przycisk\" href=\"https:\/\/pl.coral.club\/shop\/parafight.html?language=pl&amp;REF_CODE=160536579867&amp;utm_source=copy-link&amp;utm_medium=prod-recom\" target=\"_blank\" rel=\"noopener nofollow\"><span class=\"VIpgJd-yAWNEb-VIpgJd-fmcmS-sn54Q\">COMPRA EL CLUB CORAL DE PARAFIGHT AQU\u00cd<\/span><\/a><\/h3>","protected":false},"excerpt":{"rendered":"<p><span class=\"\">ParaFight es un suplemento diet\u00e9tico dise\u00f1ado para apoyar la salud y el bienestar general al ayudar a la desintoxicaci\u00f3n.\u00a0<\/span>El producto es un fuerte agente antiparasitario que optimiza el trabajo del tracto digestivo e intensifica el efecto antiparasitario.<\/p>","protected":false},"featured_media":5506,"comment_status":"open","ping_status":"closed","template":"","meta":{"_monsterinsights_skip_tracking":false,"_monsterinsights_sitenote_active":false,"_monsterinsights_sitenote_note":"","_monsterinsights_sitenote_category":0,"site-sidebar-layout":"default","site-content-layout":"default","ast-site-content-layout":"default","site-content-style":"default","site-sidebar-style":"default","ast-global-header-display":"","ast-banner-title-visibility":"","ast-main-header-display":"","ast-hfb-above-header-display":"","ast-hfb-below-header-display":"","ast-hfb-mobile-header-display":"","site-post-title":"","ast-breadcrumbs-content":"","ast-featured-img":"","footer-sml-layout":"","theme-transparent-header-meta":"default","adv-header-id-meta":"","stick-header-meta":"","header-above-stick-meta":"","header-main-stick-meta":"","header-below-stick-meta":"","astra-migrate-meta-layouts":"default","ast-page-background-enabled":"default","ast-page-background-meta":{"desktop":{"background-color":"","background-image":"","background-repeat":"repeat","background-position":"center center","background-size":"auto","background-attachment":"scroll","background-type":"","background-media":"","overlay-type":"","overlay-color":"","overlay-opacity":"","overlay-gradient":""},"tablet":{"background-color":"","background-image":"","background-repeat":"repeat","background-position":"center center","background-size":"auto","background-attachment":"scroll","background-type":"","background-media":"","overlay-type":"","overlay-color":"","overlay-opacity":"","overlay-gradient":""},"mobile":{"background-color":"","background-image":"","background-repeat":"repeat","background-position":"center center","background-size":"auto","background-attachment":"scroll","background-type":"","background-media":"","overlay-type":"","overlay-color":"","overlay-opacity":"","overlay-gradient":""}},"ast-content-background-meta":{"desktop":{"background-color":"var(--ast-global-color-5)","background-image":"","background-repeat":"repeat","background-position":"center center","background-size":"auto","background-attachment":"scroll","background-type":"","background-media":"","overlay-type":"","overlay-color":"","overlay-opacity":"","overlay-gradient":""},"tablet":{"background-color":"var(--ast-global-color-5)","background-image":"","background-repeat":"repeat","background-position":"center center","background-size":"auto","background-attachment":"scroll","background-type":"","background-media":"","overlay-type":"","overlay-color":"","overlay-opacity":"","overlay-gradient":""},"mobile":{"background-color":"var(--ast-global-color-5)","background-image":"","background-repeat":"repeat","background-position":"center center","background-size":"auto","background-attachment":"scroll","background-type":"","background-media":"","overlay-type":"","overlay-color":"","overlay-opacity":"","overlay-gradient":""}}},"product_brand":[],"product_cat":[58,60],"product_tag":[],"class_list":{"0":"post-5463","1":"product","2":"type-product","3":"status-publish","4":"has-post-thumbnail","6":"product_cat-all","7":"product_cat-detox","8":"desktop-align-center","9":"tablet-align-center","10":"mobile-align-center","12":"first","13":"instock","14":"shipping-taxable","15":"product-type-external"},"_links":{"self":[{"href":"https:\/\/coralforyou.eu\/es\/wp-json\/wp\/v2\/product\/5463","targetHints":{"allow":["GET"]}}],"collection":[{"href":"https:\/\/coralforyou.eu\/es\/wp-json\/wp\/v2\/product"}],"about":[{"href":"https:\/\/coralforyou.eu\/es\/wp-json\/wp\/v2\/types\/product"}],"replies":[{"embeddable":true,"href":"https:\/\/coralforyou.eu\/es\/wp-json\/wp\/v2\/comments?post=5463"}],"version-history":[{"count":0,"href":"https:\/\/coralforyou.eu\/es\/wp-json\/wp\/v2\/product\/5463\/revisions"}],"wp:featuredmedia":[{"embeddable":true,"href":"https:\/\/coralforyou.eu\/es\/wp-json\/wp\/v2\/media\/5506"}],"wp:attachment":[{"href":"https:\/\/coralforyou.eu\/es\/wp-json\/wp\/v2\/media?parent=5463"}],"wp:term":[{"taxonomy":"product_brand","embeddable":true,"href":"https:\/\/coralforyou.eu\/es\/wp-json\/wp\/v2\/product_brand?post=5463"},{"taxonomy":"product_cat","embeddable":true,"href":"https:\/\/coralforyou.eu\/es\/wp-json\/wp\/v2\/product_cat?post=5463"},{"taxonomy":"product_tag","embeddable":true,"href":"https:\/\/coralforyou.eu\/es\/wp-json\/wp\/v2\/product_tag?post=5463"}],"curies":[{"name":"wp","href":"https:\/\/api.w.org\/{rel}","templated":true}]}}