{"id":5458,"date":"2022-12-23T11:55:24","date_gmt":"2022-12-23T11:55:24","guid":{"rendered":"https:\/\/coralforyou.eu\/?post_type=product&#038;p=5458"},"modified":"2024-12-01T14:23:27","modified_gmt":"2024-12-01T14:23:27","slug":"coral-mine-coral-club","status":"publish","type":"product","link":"https:\/\/coralforyou.eu\/fr\/produit\/coral-mine-coral-club\/","title":{"rendered":"Coral Mine Coral Club - un min\u00e9ral naturel de corail japonais"},"content":{"rendered":"<h1><a href=\"https:\/\/coralforyou.eu\/fr\/\">Coral Mine Coral Club<\/a> \u2013 un min\u00e9ral naturel<\/h1>\n<p>L&#039;eau est la substance la plus famili\u00e8re sur Terre - \u00e0 tel point que nous ne la remarquons plus. Il existe plus de 5,5 millions d&#039;esp\u00e8ces d&#039;organismes vivants dans le monde. Tout le monde sauf nous ne boit que de l&#039;eau. Nous buvons tout sauf ce qui nous rend en bonne sant\u00e9.<span class=\"Apple-converted-space\">\u00a0<\/span><\/p>\n<p>Le th\u00e9 vert et noir, le caf\u00e9, le chocolat chaud et les boissons \u00e9nergisantes sont-ils des options saines ? Est-il vraiment n\u00e9cessaire de donner des boissons sucr\u00e9es aux petits d\u00e8s la petite enfance ? Ces habitudes les rendront-elles plus saines ? R\u00e9pondre \u00e0 ces questions n&#039;est pas facile et n\u00e9cessiterait des recherches interdisciplinaires approfondies. Cependant, la vari\u00e9t\u00e9 des boissons sur le march\u00e9 ne cesse de s&#039;\u00e9largir, les emballages deviennent plus attrayants, les tactiques de marketing deviennent plus agressives et chaque jour, nous d\u00e9couvrons de nouvelles causes de maladies existantes. Rien n&#039;est susceptible de nous aider \u00e0 vivre plus longtemps et en meilleure sant\u00e9 si nous ne revenons pas \u00e0 boire de l&#039;eau ordinaire comme tous les autres \u00eatres vivants de la plan\u00e8te.<span class=\"Apple-converted-space\">\u00a0<\/span><\/p>\n<p>Cette richesse doit \u00eatre g\u00e9r\u00e9e avec soin. Actuellement, un litre d&#039;eau propre co\u00fbte presque autant qu&#039;un litre d&#039;essence. La seule diff\u00e9rence est que nous pourrions en quelque sorte nous passer de gaz, mais une personne meurt de soif en seulement trois jours.<span class=\"Apple-converted-space\">\u00a0<\/span><\/p>\n<ul>\n<li><strong>Qu&#039;est-ce que la Coral Mine et o\u00f9 est-elle produite ?<\/strong><\/li>\n<li><strong>Composition et bienfaits de la consommation de Coral Mine ?<\/strong><\/li>\n<li><strong>Comment boire l&#039;eau de Coral Mine ?<\/strong><\/li>\n<li><strong>Quelles sont les cons\u00e9quences de la d\u00e9shydratation ?<\/strong><\/li>\n<li><strong>Que disent les consommateurs de Coral Mine ?<\/strong><\/li>\n<li><strong>Que disent les professionnels de sant\u00e9 de ce produit ?<\/strong><\/li>\n<li><strong>O\u00f9 puis-je acheter Coral Mine et \u00e0 quel prix ?<\/strong><\/li>\n<\/ul>\n<h2>Coral Mine - qu'est-ce que c'est et o\u00f9 est-elle produite ?<\/h2>\n<p>D&#039;apr\u00e8s les donn\u00e9es de l&#039;Organisation mondiale de la sant\u00e9, l&#039;esp\u00e9rance de vie moyenne au Japon est de 82 ans, tandis que dans les \u00eeles d&#039;Okinawa, elle est de 10 \u00e0 15 ans sup\u00e9rieure \u00e0 celle du reste du pays. Des \u00e9tudes ont confirm\u00e9 que la long\u00e9vit\u00e9 \u00e9lev\u00e9e des insulaires est li\u00e9e \u00e0 la qualit\u00e9 de l&#039;eau potable. L&#039;indice de calcium organique de l&#039;eau potable de la ville de Nago (pr\u00e9fecture d&#039;Okinawa) est le plus \u00e9lev\u00e9 non seulement au Japon, mais dans le monde entier. Les \u00eeles \u00e9tant situ\u00e9es sur des atolls coralliens, l&#039;eau est filtr\u00e9e par les coraux et enrichie en ions min\u00e9raux. Parmi les 2 500 esp\u00e8ces de coraux, les coraux blancs Scleratinia sont les seuls \u00e0 avoir un effet b\u00e9n\u00e9fique sur la sant\u00e9 humaine.\u00a0<span class=\"VIpgJd-yAWNEb-VIpgJd-fmcmS-sn54Q\">Des analyses ont montr\u00e9 qu&#039;ils contiennent du calcium, du magn\u00e9sium, du potassium, du sodium et de grandes quantit\u00e9s de micronutriments extr\u00eamement importants.\u00a0<\/span>Aujourd&#039;hui, le corail est exploit\u00e9 autour d&#039;Okinawa. Le produit fini s&#039;appelle Coral-Mine.<span class=\"Apple-converted-space\">\u00a0<\/span><\/p>\n<div class=\"ast-oembed-container\" style=\"height: 100%;\"><iframe title=\"Coral Mine par Coral Club - Etudes et investigations\" width=\"500\" height=\"281\" src=\"https:\/\/www.youtube.com\/embed\/fI6-n1bSQtc?feature=oembed\" frameborder=\"0\" allow=\"accelerometer; autoplay; clipboard-write; encrypted-media; gyroscope; picture-in-picture; web-share\" referrerpolicy=\"strict-origin-when-cross-origin\" allowfullscreen><\/iframe><\/div>\n<h2>Coral Mine - Composition et bienfaits<\/h2>\n<p>Le calcium et les autres min\u00e9raux alcalins contenus dans l&#039;eau sous des formes biodisponibles et facilement assimilables ont des propri\u00e9t\u00e9s particuli\u00e8rement b\u00e9n\u00e9fiques pour la sant\u00e9. Les compos\u00e9s alcalins remplissent de nombreuses fonctions importantes dans le corps\u00a0: ils augmentent le pH du corps, maintiennent une bonne circulation sanguine, affectent la r\u00e9gulation de la croissance et de l&#039;activit\u00e9 des cellules, soutiennent les impulsions \u00e9lectriques dans le syst\u00e8me nerveux, participent au m\u00e9tabolisme, ont des propri\u00e9t\u00e9s anti-inflammatoires et anti-allergiques. effets, et ont des propri\u00e9t\u00e9s de construction. La carence en min\u00e9raux alcalins entra\u00eene de nombreuses maladies.<span class=\"Apple-converted-space\">\u00a0<\/span><\/p>\n<h2>Coral Mine - comment boire de l'eau avec ?<\/h2>\n<p>L&#039;eau contenant Coral-Mine devient faiblement alcaline avec des avantages significatifs pour la sant\u00e9. Il est pr\u00e9f\u00e9rable de le boire \u00e0 jeun, ti\u00e8de ou l\u00e9g\u00e8rement frais 15 \u00e0 30 minutes avant un repas ou 2,5 \u00e0 3 heures apr\u00e8s avoir mang\u00e9, afin que l&#039;acide chlorhydrique ne soit pas neutralis\u00e9 pendant le processus de digestion.<span class=\"Apple-converted-space\">\u00a0<\/span><\/p>\n<p>Le sachet doit \u00eatre plac\u00e9 dans de l&#039;eau potable propre, le sachet ne doit pas \u00eatre cass\u00e9. Si une alcalinisation suppl\u00e9mentaire est n\u00e9cessaire, une forme plus concentr\u00e9e peut \u00eatre prise en ajoutant un sachet \u00e0 250-300 ou m\u00eame 500 ml d&#039;eau. Commencez chaque journ\u00e9e en buvant 500 ml - 1,5 l d&#039;eau ti\u00e8de additionn\u00e9e de Coral-Mine.<span class=\"Apple-converted-space\">\u00a0<\/span><\/p>\n<h5>Quelles sont les cons\u00e9quences de la d\u00e9shydratation ?<\/h5>\n<p>CONS\u00c9QUENCES POSSIBLES DE LA D\u00c9SHYDRATATION\u00a0: sensibilit\u00e9 accrue aux crises cardiaques, aux accidents vasculaires c\u00e9r\u00e9braux et aux caillots sanguins. Augmentation des toxines dans le corps. Il existe des conditions pour le d\u00e9veloppement de maladies telles que la cataracte, les allergies, les cardiopathies isch\u00e9miques, l&#039;hypertension, les maladies conchologiques allergiques, les maladies articulaires. D\u00e9veloppement d&#039;une acidit\u00e9 accrue, s\u00e9cheresse de la peau et des cheveux. Risque accru de calculs biliaires et de calculs r\u00e9naux.<span class=\"Apple-converted-space\">\u00a0<\/span><\/p>\n<h2>Avis sur la Coral Mine<\/h2>\n<h5>Que disent les consommateurs de ce produit ?<\/h5>\n<blockquote><p>\u201cCoral-Mine m&#039;a vraiment aid\u00e9 \u00e0 r\u00e9soudre mes probl\u00e8mes de d\u00e9shydratation tels qu&#039;une peau tr\u00e8s s\u00e8che, des moments de fatigue constants et un syst\u00e8me urinaire qui fonctionne tr\u00e8s mal. J&#039;utilise ce produit depuis pr\u00e8s de deux ans maintenant et je ne peux pas imaginer boire une autre eau. J&#039;adore son effet sur mon corps, mon esprit et mon bien-\u00eatre. <strong>Laure, 28 ans.<\/strong><\/p>\n<p>\u00ab J&#039;ai regard\u00e9 quelques films sur la vie \u00e0 Okinawa et je suis tr\u00e8s inspir\u00e9 par les gens qui y vivent, leur mode de vie, leur alimentation et l&#039;eau qu&#039;ils boivent. Je crois que le Japon est un pays et une culture dont nous avons beaucoup \u00e0 apprendre, \u00e0 commencer par conna\u00eetre notre ikigai pour choisir ce que nous mangeons et buvons. J&#039;ai choisi Coral-Mine il y a 5 ans et cela a chang\u00e9 ma vie. Enti\u00e8rement. De plus, je suis plus actif, plus cr\u00e9atif et en meilleure sant\u00e9, et je sens que mon sang est vraiment lisse et propre. Un grand merci au Coral Club d&#039;avoir apport\u00e9 un morceau d&#039;Okinawa dans nos maisons\u201d <strong>Maciej, 63 ans.<\/strong><\/p>\n<p>\u00ab Coral Mine est vraiment un produit qui change la vie. Je suis tr\u00e8s reconnaissant de conna\u00eetre et d&#039;utiliser ce produit. C&#039;est une innovation qui a chang\u00e9 la vie de ma famille, principalement parce que je vois mes enfants boire de l&#039;eau maintenant, plus r\u00e9guli\u00e8rement, et que mon corps est tout simplement plus \u00e9nergique. L&#039;eau c&#039;est la vie, c&#039;est la v\u00e9rit\u00e9, et la qualit\u00e9 de l&#039;eau est primordiale.&quot;\u00a0<strong>Huber, 31 ans.<\/strong><\/p><\/blockquote>\n<h5>Coral Mine - o\u00f9 l'acheter et \u00e0 quel prix ?<\/h5>\n<p>Coral-Mine est un produit exclusif Coral Club et ne peut \u00eatre achet\u00e9 que dans les magasins officiels Coral Club - <a href=\"https:\/\/pl.coral.club\/shop\/coral-mine.html?language=pl&amp;REF_CODE=160536579867&amp;offer=2220&amp;utm_source=copy-link&amp;utm_medium=prod-recom\" rel=\"nofollow noopener\">ICI<\/a>. Nous vous conseillons vivement d&#039;\u00e9viter toute plate-forme tierce comme Amazon ou E-bay. De plus, si vous achetez le produit\u00a0\u00a0<a href=\"https:\/\/pl.coral.club\/shop\/coral-mine.html?language=pl&amp;REF_CODE=160536579867&amp;offer=2220&amp;utm_source=copy-link&amp;utm_medium=prod-recom\" target=\"_blank\" rel=\"noopener nofollow\">ICI<\/a>\u00a0, vous obtiendrez un prix Coral-Mine 20% inf\u00e9rieur.<\/p>\n<p><em><strong>IMPORTANT:<\/strong>\u00a0Les compl\u00e9ments alimentaires ne peuvent se substituer \u00e0 une alimentation vari\u00e9e. Le compl\u00e9ment alimentaire doit \u00eatre conserv\u00e9 hors de port\u00e9e des jeunes enfants. Ne pas utiliser en cas d&#039;intol\u00e9rance \u00e0 l&#039;un des ingr\u00e9dients du compl\u00e9ment alimentaire. CE PRODUIT N&#039;EST PAS DESTIN\u00c9 \u00c0 DIAGNOSTIQUER, TRAITER OU PR\u00c9VENIR TOUTE MALADIE.<\/em><\/p>\n<h6><\/h6>\n<h2 style=\"text-align: center;\"><a class=\"przycisk\" href=\"https:\/\/pl.coral.club\/shop\/coral-mine.html?language=pl&amp;REF_CODE=160536579867&amp;offer=2220&amp;utm_source=copy-link&amp;utm_medium=prod-recom\" target=\"_blank\" rel=\"noopener nofollow\"><span class=\"VIpgJd-yAWNEb-VIpgJd-fmcmS-sn54Q\">ACHETER CORAL MINE CORAL CLUB ICI<\/span><\/a><\/h2>\n<h6><\/h6>\n<h6 style=\"text-align: center;\"><span class=\"VIpgJd-yAWNEb-VIpgJd-fmcmS-sn54Q\">\u00c0 propos du Coral Club<\/span><\/h6>\n<p>&nbsp;<\/p>\n<div class=\"ast-oembed-container\" style=\"height: 100%;\"><iframe title=\"Coral Club - Anglais | VotreCoral.com\" width=\"500\" height=\"281\" src=\"https:\/\/www.youtube.com\/embed\/VwOMr-Ax9H0?feature=oembed\" frameborder=\"0\" allow=\"accelerometer; autoplay; clipboard-write; encrypted-media; gyroscope; picture-in-picture; web-share\" referrerpolicy=\"strict-origin-when-cross-origin\" allowfullscreen><\/iframe><\/div>\n<p>&nbsp;<\/p>\n<h2 style=\"text-align: center;\"><span style=\"color: #ffffff;\"><a class=\"przycisk\" style=\"color: #ffffff;\" href=\"https:\/\/us.coral.club\/shop\/coral-mine.html?language=us&amp;REF_CODE=881407598803&amp;offer=2220&amp;utm_source=copy-link&amp;utm_medium=prod-recom\" rel=\"noopener\"><strong>ACHETER ICI CORAL MINE CORAL CLUB<\/strong><\/a><\/span><\/h2>","protected":false},"excerpt":{"rendered":"<p><span class=\"\">Coral-Mine est une structure form\u00e9e biologiquement compos\u00e9e de squelettes de petits animaux marins appel\u00e9s polypes coralliens.\u00a0<\/span><span class=\"\">\u00c9tant une structure \u00e0 base de carbonate de calcium, le corail peut \u00eatre utilis\u00e9 pour traiter l&#039;eau en ajoutant du corail broy\u00e9 \u00e0 l&#039;eau pour augmenter le niveau de pH.<\/span><\/p>\n<p>Les r\u00e9cifs coralliens se forment sur des milliers d&#039;ann\u00e9es lorsque les polypes coralliens s\u00e9cr\u00e8tent du carbonate de calcium pour former la structure du r\u00e9cif. Les r\u00e9cifs coralliens ne sont pas une source d&#039;eau, mais ils jouent un r\u00f4le important dans les \u00e9cosyst\u00e8mes marins en fournissant des habitats pour une grande vari\u00e9t\u00e9 de vie marine et en prot\u00e9geant les c\u00f4tes de l&#039;\u00e9rosion et des ondes de temp\u00eate. Les r\u00e9cifs coralliens ont \u00e9galement un potentiel pour des applications m\u00e9dicales et de nombreux autres domaines.<\/p>","protected":false},"featured_media":6274,"comment_status":"open","ping_status":"closed","template":"","meta":{"_monsterinsights_skip_tracking":false,"_monsterinsights_sitenote_active":false,"_monsterinsights_sitenote_note":"","_monsterinsights_sitenote_category":0,"site-sidebar-layout":"default","site-content-layout":"default","ast-site-content-layout":"default","site-content-style":"default","site-sidebar-style":"default","ast-global-header-display":"","ast-banner-title-visibility":"","ast-main-header-display":"","ast-hfb-above-header-display":"","ast-hfb-below-header-display":"","ast-hfb-mobile-header-display":"","site-post-title":"","ast-breadcrumbs-content":"","ast-featured-img":"","footer-sml-layout":"","theme-transparent-header-meta":"default","adv-header-id-meta":"","stick-header-meta":"","header-above-stick-meta":"","header-main-stick-meta":"","header-below-stick-meta":"","astra-migrate-meta-layouts":"set","ast-page-background-enabled":"default","ast-page-background-meta":{"desktop":{"background-color":"","background-image":"","background-repeat":"repeat","background-position":"center center","background-size":"auto","background-attachment":"scroll","background-type":"","background-media":"","overlay-type":"","overlay-color":"","overlay-opacity":"","overlay-gradient":""},"tablet":{"background-color":"","background-image":"","background-repeat":"repeat","background-position":"center center","background-size":"auto","background-attachment":"scroll","background-type":"","background-media":"","overlay-type":"","overlay-color":"","overlay-opacity":"","overlay-gradient":""},"mobile":{"background-color":"","background-image":"","background-repeat":"repeat","background-position":"center center","background-size":"auto","background-attachment":"scroll","background-type":"","background-media":"","overlay-type":"","overlay-color":"","overlay-opacity":"","overlay-gradient":""}},"ast-content-background-meta":{"desktop":{"background-color":"var(--ast-global-color-5)","background-image":"","background-repeat":"repeat","background-position":"center center","background-size":"auto","background-attachment":"scroll","background-type":"","background-media":"","overlay-type":"","overlay-color":"","overlay-opacity":"","overlay-gradient":""},"tablet":{"background-color":"var(--ast-global-color-5)","background-image":"","background-repeat":"repeat","background-position":"center center","background-size":"auto","background-attachment":"scroll","background-type":"","background-media":"","overlay-type":"","overlay-color":"","overlay-opacity":"","overlay-gradient":""},"mobile":{"background-color":"var(--ast-global-color-5)","background-image":"","background-repeat":"repeat","background-position":"center center","background-size":"auto","background-attachment":"scroll","background-type":"","background-media":"","overlay-type":"","overlay-color":"","overlay-opacity":"","overlay-gradient":""}}},"product_brand":[],"product_cat":[61,58],"product_tag":[],"class_list":{"0":"post-5458","1":"product","2":"type-product","3":"status-publish","4":"has-post-thumbnail","6":"product_cat-alkaline-water","7":"product_cat-all","8":"desktop-align-center","9":"tablet-align-center","10":"mobile-align-center","12":"first","13":"instock","14":"shipping-taxable","15":"product-type-external"},"_links":{"self":[{"href":"https:\/\/coralforyou.eu\/fr\/wp-json\/wp\/v2\/product\/5458","targetHints":{"allow":["GET"]}}],"collection":[{"href":"https:\/\/coralforyou.eu\/fr\/wp-json\/wp\/v2\/product"}],"about":[{"href":"https:\/\/coralforyou.eu\/fr\/wp-json\/wp\/v2\/types\/product"}],"replies":[{"embeddable":true,"href":"https:\/\/coralforyou.eu\/fr\/wp-json\/wp\/v2\/comments?post=5458"}],"version-history":[{"count":1,"href":"https:\/\/coralforyou.eu\/fr\/wp-json\/wp\/v2\/product\/5458\/revisions"}],"predecessor-version":[{"id":6439,"href":"https:\/\/coralforyou.eu\/fr\/wp-json\/wp\/v2\/product\/5458\/revisions\/6439"}],"wp:featuredmedia":[{"embeddable":true,"href":"https:\/\/coralforyou.eu\/fr\/wp-json\/wp\/v2\/media\/6274"}],"wp:attachment":[{"href":"https:\/\/coralforyou.eu\/fr\/wp-json\/wp\/v2\/media?parent=5458"}],"wp:term":[{"taxonomy":"product_brand","embeddable":true,"href":"https:\/\/coralforyou.eu\/fr\/wp-json\/wp\/v2\/product_brand?post=5458"},{"taxonomy":"product_cat","embeddable":true,"href":"https:\/\/coralforyou.eu\/fr\/wp-json\/wp\/v2\/product_cat?post=5458"},{"taxonomy":"product_tag","embeddable":true,"href":"https:\/\/coralforyou.eu\/fr\/wp-json\/wp\/v2\/product_tag?post=5458"}],"curies":[{"name":"wp","href":"https:\/\/api.w.org\/{rel}","templated":true}]}}