{"id":5459,"date":"2022-12-23T11:55:41","date_gmt":"2022-12-23T11:55:41","guid":{"rendered":"https:\/\/coralforyou.eu\/?post_type=product&#038;p=5459"},"modified":"2024-07-18T11:12:47","modified_gmt":"2024-07-18T11:12:47","slug":"go-detox-program-colo-vada-plus-coral-club","status":"publish","type":"product","link":"https:\/\/coralforyou.eu\/fr\/produit\/programme-go-detox-colo-vada-plus-coral-club\/","title":{"rendered":"Colo-Vada Plus Coral Club"},"content":{"rendered":"<h1>Colo-Vada Plus <a href=\"https:\/\/coralforyou.eu\/fr\/\">Coral Club<\/a><\/h1>\n<p>Go Detox - Le programme Colo-Vada Plus Coral Club est un moyen efficace de nettoyer et de r\u00e9tablir l&#039;\u00e9quilibre dans le corps. Il \u00e9limine les d\u00e9p\u00f4ts du tube digestif et de tout le corps, entra\u00eenant une perte de poids comme effet secondaire. D\u00e9velopp\u00e9 au Canada, le programme utilise des ingr\u00e9dients naturels et s\u00fbrs pour maintenir une microflore intestinale saine et des vitamines et min\u00e9raux \u00e9quilibr\u00e9s. Il est facile \u00e0 utiliser et ne n\u00e9cessite aucun appareil ou substance suppl\u00e9mentaire.<\/p>\n<p>Les consommateurs ont signal\u00e9 des r\u00e9sultats positifs tels que des effets antioxydants, des effets laxatifs l\u00e9gers, un soutien intestinal et une normalisation de la microflore gastro-intestinale. Le programme est recommand\u00e9 \u00e0 des intervalles plus longs et en combinaison avec une quantit\u00e9 suffisante d&#039;eau, en particulier de l&#039;eau alcaline, et le suppl\u00e9ment H-500, qui aide \u00e0 prot\u00e9ger le corps contre les radicaux libres et am\u00e9liore la nutrition cellulaire.<\/p>\n<h2>Colo-Vada Plus - composition et action<\/h2>\n<p>Colo-Vada Plus est un m\u00e9lange d&#039;ingr\u00e9dients naturels qui travaillent ensemble pour soutenir les processus de nettoyage et de reconstruction du corps. Les principaux ingr\u00e9dients sont :<\/p>\n<ul>\n<li><b>Cascara Sagrada<\/b>\u00a0est un laxatif doux qui aide \u00e0 \u00e9liminer les d\u00e9p\u00f4ts et favorise la r\u00e9gularit\u00e9 des selles sans irritation.<\/li>\n<li><b>Feuilles de noyer noir<\/b>\u00a0ils ont un lent processus de pourriture et de cimentation des intestins, et ont \u00e9galement un l\u00e9ger effet laxatif.<\/li>\n<li><b>ultime<\/b>\u00a0, est une riche source de vitamines et de min\u00e9raux qui favorisent la r\u00e9g\u00e9n\u00e9ration du corps et du m\u00e9tabolisme.<\/li>\n<li><b>Luzerne corail<\/b>\u00a0, est un compl\u00e9ment alimentaire contenant de la luzerne, qui aide \u00e0 r\u00e9duire l&#039;app\u00e9tit et favorise la perte de poids.<\/li>\n<li><b>Colo Vada M\u00e9lange<\/b>\u00a0est une source de fibres alimentaires saines qui aide \u00e0 nettoyer les intestins et facilite la digestion.<\/li>\n<li><b>Digestable<\/b>\u00a0qui est responsable de compl\u00e9ter les enzymes digestives manquantes et aide le corps \u00e0 absorber les nutriments.<\/li>\n<\/ul>\n<h4>Colo-Vada Plus - qui peut en b\u00e9n\u00e9ficier ?<\/h4>\n<p>Le programme Colo-Vada Plus est r\u00e9serv\u00e9 aux adultes. Le complexe n&#039;est pas recommand\u00e9 aux personnes souffrant de graves probl\u00e8mes corporels, ayant des probl\u00e8mes de digestion. Aussi, ce complexe est d\u00e9conseill\u00e9 aux femmes enceintes.<\/p>\n<h5>Colo-Vada Plus - \u00e9tape par \u00e9tape<\/h5>\n<p>Le programme Colo Vada Plus de Coral Club est un programme de d\u00e9sintoxication de 14 jours divis\u00e9 en trois \u00e9tapes. Chaque \u00e9tape est con\u00e7ue pour aider \u00e0 \u00e9liminer les toxines et les d\u00e9p\u00f4ts du corps, \u00e0 am\u00e9liorer le fonctionnement du syst\u00e8me digestif, \u00e0 maintenir un \u00e9quilibre sain de la microflore intestinale, des vitamines et des min\u00e9raux et \u00e0 minimiser l&#039;inconfort.<\/p>\n<ul>\n<li><b>Phase pr\u00e9paratoire<\/b>\u00a0: La premi\u00e8re phase du programme dure 7 jours et se compose de 14 sachets marqu\u00e9s d&#039;un &quot;1&quot;. Les sachets contiennent les suppl\u00e9ments Ultimate, Vitamine C, Coral Alfalfa, Cascara Sagrada, Combination Two et Black Walnut Leaves.<\/li>\n<li><b>\u00c9tape de purification<\/b>\u00a0: La deuxi\u00e8me phase du programme dure 4 jours et se compose de 8 sachets marqu\u00e9s &quot;2&quot; et de 16 sachets de poudre Colo-Vada Mix. Les sachets contiennent les suppl\u00e9ments Ultimate, Vitamine C, Coral Alfalfa, Cascara Sagrada, Combination Two et Black Walnut Leaves.<\/li>\n<li><b>\u00c9tape de r\u00e9g\u00e9n\u00e9ration<\/b>\u00a0: La derni\u00e8re \u00e9tape du programme est une p\u00e9riode de 3 jours pendant laquelle vous utiliserez 6 sachets marqu\u00e9s d&#039;un \u00ab 3 \u00bb. Chaque sachet contient des suppl\u00e9ments Ultimate, Vitamine C, Coral Alfalfa, Cascara Sagrada et DigestAble.<\/li>\n<\/ul>\n<h4>Colo-Vada Plus \u2013 avis<\/h4>\n<blockquote><p>&quot;J&#039;ai r\u00e9cemment essay\u00e9 le programme Colo Vada Plus de Coral Club et j&#039;ai \u00e9t\u00e9 impressionn\u00e9 par les r\u00e9sultats. Le programme vise \u00e0 nettoyer et \u00e0 r\u00e9tablir l&#039;\u00e9quilibre naturel du corps, et j&#039;ai d\u00e9finitivement r\u00e9ussi. Le programme est divis\u00e9 en trois \u00e9tapes : pr\u00e9paration, nettoyage et r\u00e9g\u00e9n\u00e9ration. Chaque \u00e9tape est con\u00e7ue pour aider \u00e0 \u00e9liminer les toxines et les d\u00e9p\u00f4ts du corps, \u00e0 am\u00e9liorer le fonctionnement du syst\u00e8me digestif, \u00e0 maintenir un \u00e9quilibre sain de la microflore intestinale, des vitamines et des min\u00e9raux et \u00e0 minimiser l&#039;inconfort.<\/p>\n<p>La premi\u00e8re \u00e9tape est la phase pr\u00e9paratoire, qui dure 7 jours. Les sachets contiennent les suppl\u00e9ments Ultimate, Vitamine C, Coral Alfalfa, Cascara Sagrada, Combination Two et Black Walnut Leaves. Cette \u00e9tape m&#039;a aid\u00e9 \u00e0 commencer \u00e0 ressentir les effets du programme et a \u00e9t\u00e9 facile \u00e0 suivre.<\/p>\n<p>La deuxi\u00e8me \u00e9tape est l&#039;\u00e9tape de purification, qui dure 4 jours. Cette \u00e9tape comprend 8 sachets marqu\u00e9s &quot;2&quot; et 16 sachets de poudre Colo-Vada Mix. Les sachets contiennent les suppl\u00e9ments Ultimate, Vitamine C, Coral Alfalfa, Cascara Sagrada, Combination Two et Black Walnut Leaves. J&#039;ai trouv\u00e9 cette \u00e9tape un peu plus intense, mais \u00e7a valait le coup car \u00e7a m&#039;a aid\u00e9 \u00e0 me sentir encore mieux.<\/p>\n<p>La derni\u00e8re \u00e9tape est l&#039;\u00e9tape de r\u00e9g\u00e9n\u00e9ration, c&#039;est-\u00e0-dire une p\u00e9riode de 3 jours pendant laquelle vous utiliserez 6 sachets marqu\u00e9s d&#039;un \u00ab 3 \u00bb. Chaque sachet contient des suppl\u00e9ments Ultimate, Vitamine C, Coral Alfalfa, Cascara Sagrada et DigestAble. Cette \u00e9tape m&#039;a aid\u00e9 \u00e0 me sentir encore plus \u00e9nergique et j&#039;ai pu voir plus clairement les r\u00e9sultats du programme.<\/p>\n<p>Dans l&#039;ensemble, je recommande vivement le programme Colo Vada Plus de Coral Club \u00e0 tous ceux qui cherchent \u00e0 se d\u00e9sintoxiquer et \u00e0 nettoyer leur corps. Le programme est facile \u00e0 suivre et les r\u00e9sultats en valent vraiment la peine. Je me sens mieux, j&#039;ai plus d&#039;\u00e9nergie et j&#039;ai m\u00eame perdu du poids. C&#039;est un grand spectacle que je suis s\u00fbr que je r\u00e9p\u00e9terai \u00e0 l&#039;avenir.&quot;\u00a0<b>Barbe, 52 ans.<\/b><\/p>\n<p>&quot;J&#039;ai r\u00e9cemment essay\u00e9 le programme Colo Vada Plus de Coral Club et j&#039;ai \u00e9t\u00e9 impressionn\u00e9 par les r\u00e9sultats. Le programme est une cure de d\u00e9sintoxication de 14 jours divis\u00e9e en trois \u00e9tapes - pr\u00e9paration, nettoyage et r\u00e9g\u00e9n\u00e9ration. Le programme est livr\u00e9 avec des sachets \u00e9tiquet\u00e9s pour chaque \u00e9tape et contenant une combinaison de suppl\u00e9ments tels que Ultimate, Vitamine C, Coral Alfalfa, Cascara Sagrada, Black Walnut Leaves et Digest.<\/p>\n<p>Le programme s&#039;est av\u00e9r\u00e9 tr\u00e8s facile \u00e0 suivre et les sachets \u00e9taient tr\u00e8s confortables \u00e0 utiliser. La phase de pr\u00e9paration m&#039;a aid\u00e9 \u00e0 me pr\u00e9parer pour la d\u00e9sintoxication, la phase de nettoyage a \u00e9t\u00e9 intense mais supportable, et la phase de r\u00e9cup\u00e9ration m&#039;a aid\u00e9 \u00e0 me sentir mieux apr\u00e8s la d\u00e9sintoxication. Je n&#039;ai pas ressenti d&#039;inconfort majeur pendant le programme, ce qui \u00e9tait super.<\/p>\n<p>L&#039;une des choses que j&#039;ai le plus appr\u00e9ci\u00e9es dans le programme \u00e9tait la perte de poids que j&#039;ai ressentie comme effet secondaire de la d\u00e9sintoxication. J&#039;ai aussi remarqu\u00e9 que ma digestion s&#039;am\u00e9liorait et que mon niveau d&#039;\u00e9nergie \u00e9tait plus \u00e9lev\u00e9. J&#039;ai \u00e9galement remarqu\u00e9 que ma peau est plus claire et plus saine.<\/p>\n<p>Dans l&#039;ensemble, je recommande vivement le programme Colo Vada Plus de Coral Club \u00e0 tous ceux qui cherchent \u00e0 se d\u00e9sintoxiquer et \u00e0 am\u00e9liorer leur sant\u00e9 globale. Il est simple \u00e0 utiliser, efficace et s\u00fbr. Buvez suffisamment d&#039;eau alcaline et prenez un suppl\u00e9ment de H-500 pour plus d&#039;\u00e9nergie et pour prot\u00e9ger votre corps des radicaux libres.\u00a0<b>Christine, 27 ans.<\/b><\/p><\/blockquote>\n<h5>Colo-Vada Plus - ce que les experts de la sant\u00e9 disent du programme<\/h5>\n<blockquote><p>&quot;En tant que professionnel de la sant\u00e9, j&#039;ai eu l&#039;occasion d&#039;examiner le programme Colo Vada Plus du Coral Club et d&#039;\u00e9valuer son efficacit\u00e9 dans la promotion de la d\u00e9sintoxication et la restauration de l&#039;\u00e9quilibre naturel du corps. Le programme est un protocole de 14 jours qui utilise une combinaison de suppl\u00e9ments naturels en trois \u00e9tapes distinctes : pr\u00e9paration, nettoyage et r\u00e9cup\u00e9ration.<\/p>\n<p>Les ingr\u00e9dients utilis\u00e9s dans le programme ont \u00e9t\u00e9 minutieusement test\u00e9s et se sont av\u00e9r\u00e9s efficaces pour promouvoir la sant\u00e9 intestinale et la d\u00e9sintoxication. Par exemple, Cascara Sagrada est un laxatif doux populaire qui aide \u00e0 \u00e9liminer les d\u00e9chets du corps et favorise la r\u00e9gularit\u00e9 des selles. D&#039;autre part, les feuilles de noyer noir sont connues pour ralentir la putr\u00e9faction et cimenter les intestins, et ont \u00e9galement un l\u00e9ger effet laxatif.<\/p>\n<p>Les suppl\u00e9ments ultimes et la vitamine C du programme sont une riche source de vitamines et de min\u00e9raux dont le corps a besoin pour soutenir la r\u00e9cup\u00e9ration et le m\u00e9tabolisme. Coral Alfalfa, un compl\u00e9ment alimentaire \u00e0 base d&#039;ingr\u00e9dients naturels, aide \u00e0 r\u00e9duire l&#039;app\u00e9tit et favorise la perte de poids. Colo-Vada Mix est une riche source de fibres alimentaires qui aide \u00e0 nettoyer les intestins et facilite la digestion. DigestAble est charg\u00e9 de compl\u00e9ter les enzymes digestives manquantes et aide le corps \u00e0 absorber les nutriments.<\/p>\n<p>Dans l&#039;ensemble, le programme Colo Vada Plus de Coral Club semble \u00eatre un protocole s\u00fbr et efficace pour favoriser la d\u00e9sintoxication et r\u00e9tablir l&#039;\u00e9quilibre naturel du corps. Comme pour tout compl\u00e9ment alimentaire, il est important de consulter votre professionnel de la sant\u00e9 avant de commencer un programme, surtout si vous avez des conditions m\u00e9dicales pr\u00e9existantes. De plus, il est recommand\u00e9 de consommer suffisamment d&#039;eau alcaline et d&#039;utiliser un suppl\u00e9ment H-500 pendant le programme pour am\u00e9liorer les performances.\u00a0<b>Raphaelle, sp\u00e9cialiste de la sant\u00e9 et de la nutrition<\/b><\/p><\/blockquote>\n<h5>Colo-Vada Plus - o\u00f9 puis-je acheter et \u00e0 quel prix<\/h5>\n<p>Go deotox - Colo-Vada Plus est un produit exclusif Coral Club qui ne peut \u00eatre achet\u00e9 que dans les magasins officiels Coral Club -\u00a0<a href=\"https:\/\/cci.coral.club\/shop\/colo-vada-green.html?language=pl&amp;REF_CODE=455344920720&amp;utm_source=copy-link&amp;utm_medium=prod-recom\" target=\"_blank\" rel=\"noopener\">ICI.\u00a0<\/a>Nous vous recommandons fortement d&#039;\u00e9viter les plates-formes tierces telles qu&#039;Amazon ou Allegro. De plus, si vous achetez le produit\u00a0\u00a0<a href=\"https:\/\/cci.coral.club\/shop\/colo-vada-green.html?language=pl&amp;REF_CODE=455344920720&amp;utm_source=copy-link&amp;utm_medium=prod-recom\" target=\"_blank\" rel=\"noopener\">ICI<\/a>\u00a0, vous obtiendrez le prix de Colo-Vada Plus 20% inf\u00e9rieur.<\/p>\n<p>IMPORTANT : Les compl\u00e9ments alimentaires ne peuvent pas se substituer \u00e0 une alimentation vari\u00e9e. Le compl\u00e9ment alimentaire doit \u00eatre conserv\u00e9 hors de port\u00e9e des jeunes enfants. Ne pas utiliser en cas d&#039;intol\u00e9rance \u00e0 l&#039;un des ingr\u00e9dients du compl\u00e9ment alimentaire. CE PRODUIT N&#039;EST PAS DESTIN\u00c9 \u00c0 DIAGNOSTIQUER, TRAITER OU PR\u00c9VENIR TOUTE MALADIE.<\/p>\n<p>&nbsp;<\/p>\n<h3 style=\"text-align: center;\"><a class=\"przycisk\" href=\"https:\/\/cci.coral.club\/shop\/colo-vada-green.html?language=pl&amp;REF_CODE=455344920720&amp;utm_source=copy-link&amp;utm_medium=prod-recom\" target=\"_blank\" rel=\"noopener\"><span class=\"VIpgJd-yAWNEb-VIpgJd-fmcmS-sn54Q\">ACHETER COLO-VADA PLUS CORAL CLUB ICI<\/span><\/a><\/h3>\n<h3 style=\"text-align: center;\"><\/h3>","protected":false},"excerpt":{"rendered":"<p><span class=\"\">Colo-Vada Plus Coral Club est un moyen efficace de nettoyer et de r\u00e9tablir l'\u00e9quilibre dans le corps.\u00a0<\/span>Il \u00e9limine les d\u00e9p\u00f4ts du tube digestif et de tout le corps, entra\u00eenant une perte de poids comme effet secondaire. D\u00e9velopp\u00e9 au Canada, le programme utilise des ingr\u00e9dients naturels et s\u00fbrs pour maintenir une microflore intestinale saine et des vitamines et min\u00e9raux \u00e9quilibr\u00e9s. Il est facile \u00e0 utiliser et ne n\u00e9cessite aucun appareil ou substance suppl\u00e9mentaire.<\/p>\n<p>Les consommateurs ont signal\u00e9 des r\u00e9sultats positifs tels que des effets antioxydants, des effets laxatifs l\u00e9gers, un soutien intestinal et une normalisation de la microflore gastro-intestinale.\u00a0<span class=\"VIpgJd-yAWNEb-VIpgJd-fmcmS-sn54Q\">Le programme est recommand\u00e9 \u00e0 des intervalles plus longs et en combinaison avec une quantit\u00e9 suffisante d&#039;eau, en particulier de l&#039;eau alcaline, et le suppl\u00e9ment H-500, qui aide \u00e0 prot\u00e9ger le corps contre les radicaux libres et am\u00e9liore la nutrition cellulaire.<\/span><\/p>","protected":false},"featured_media":6271,"comment_status":"open","ping_status":"closed","template":"","meta":{"_monsterinsights_skip_tracking":false,"_monsterinsights_sitenote_active":false,"_monsterinsights_sitenote_note":"","_monsterinsights_sitenote_category":0,"site-sidebar-layout":"default","site-content-layout":"default","ast-site-content-layout":"default","site-content-style":"default","site-sidebar-style":"default","ast-global-header-display":"","ast-banner-title-visibility":"","ast-main-header-display":"","ast-hfb-above-header-display":"","ast-hfb-below-header-display":"","ast-hfb-mobile-header-display":"","site-post-title":"","ast-breadcrumbs-content":"","ast-featured-img":"","footer-sml-layout":"","theme-transparent-header-meta":"default","adv-header-id-meta":"","stick-header-meta":"","header-above-stick-meta":"","header-main-stick-meta":"","header-below-stick-meta":"","astra-migrate-meta-layouts":"set","ast-page-background-enabled":"default","ast-page-background-meta":{"desktop":{"background-color":"","background-image":"","background-repeat":"repeat","background-position":"center center","background-size":"auto","background-attachment":"scroll","background-type":"","background-media":"","overlay-type":"","overlay-color":"","overlay-opacity":"","overlay-gradient":""},"tablet":{"background-color":"","background-image":"","background-repeat":"repeat","background-position":"center center","background-size":"auto","background-attachment":"scroll","background-type":"","background-media":"","overlay-type":"","overlay-color":"","overlay-opacity":"","overlay-gradient":""},"mobile":{"background-color":"","background-image":"","background-repeat":"repeat","background-position":"center center","background-size":"auto","background-attachment":"scroll","background-type":"","background-media":"","overlay-type":"","overlay-color":"","overlay-opacity":"","overlay-gradient":""}},"ast-content-background-meta":{"desktop":{"background-color":"var(--ast-global-color-5)","background-image":"","background-repeat":"repeat","background-position":"center center","background-size":"auto","background-attachment":"scroll","background-type":"","background-media":"","overlay-type":"","overlay-color":"","overlay-opacity":"","overlay-gradient":""},"tablet":{"background-color":"var(--ast-global-color-5)","background-image":"","background-repeat":"repeat","background-position":"center center","background-size":"auto","background-attachment":"scroll","background-type":"","background-media":"","overlay-type":"","overlay-color":"","overlay-opacity":"","overlay-gradient":""},"mobile":{"background-color":"var(--ast-global-color-5)","background-image":"","background-repeat":"repeat","background-position":"center center","background-size":"auto","background-attachment":"scroll","background-type":"","background-media":"","overlay-type":"","overlay-color":"","overlay-opacity":"","overlay-gradient":""}}},"product_brand":[],"product_cat":[58,60],"product_tag":[],"class_list":{"0":"post-5459","1":"product","2":"type-product","3":"status-publish","4":"has-post-thumbnail","6":"product_cat-all","7":"product_cat-detox","8":"desktop-align-center","9":"tablet-align-center","10":"mobile-align-center","12":"first","13":"instock","14":"shipping-taxable","15":"product-type-external"},"_links":{"self":[{"href":"https:\/\/coralforyou.eu\/fr\/wp-json\/wp\/v2\/product\/5459","targetHints":{"allow":["GET"]}}],"collection":[{"href":"https:\/\/coralforyou.eu\/fr\/wp-json\/wp\/v2\/product"}],"about":[{"href":"https:\/\/coralforyou.eu\/fr\/wp-json\/wp\/v2\/types\/product"}],"replies":[{"embeddable":true,"href":"https:\/\/coralforyou.eu\/fr\/wp-json\/wp\/v2\/comments?post=5459"}],"version-history":[{"count":1,"href":"https:\/\/coralforyou.eu\/fr\/wp-json\/wp\/v2\/product\/5459\/revisions"}],"predecessor-version":[{"id":6438,"href":"https:\/\/coralforyou.eu\/fr\/wp-json\/wp\/v2\/product\/5459\/revisions\/6438"}],"wp:featuredmedia":[{"embeddable":true,"href":"https:\/\/coralforyou.eu\/fr\/wp-json\/wp\/v2\/media\/6271"}],"wp:attachment":[{"href":"https:\/\/coralforyou.eu\/fr\/wp-json\/wp\/v2\/media?parent=5459"}],"wp:term":[{"taxonomy":"product_brand","embeddable":true,"href":"https:\/\/coralforyou.eu\/fr\/wp-json\/wp\/v2\/product_brand?post=5459"},{"taxonomy":"product_cat","embeddable":true,"href":"https:\/\/coralforyou.eu\/fr\/wp-json\/wp\/v2\/product_cat?post=5459"},{"taxonomy":"product_tag","embeddable":true,"href":"https:\/\/coralforyou.eu\/fr\/wp-json\/wp\/v2\/product_tag?post=5459"}],"curies":[{"name":"wp","href":"https:\/\/api.w.org\/{rel}","templated":true}]}}