{"id":5460,"date":"2022-12-23T11:56:04","date_gmt":"2022-12-23T11:56:04","guid":{"rendered":"https:\/\/coralforyou.eu\/?post_type=product&#038;p=5460"},"modified":"2024-03-25T05:23:02","modified_gmt":"2024-03-25T05:23:02","slug":"h-500-coral-club","status":"publish","type":"product","link":"https:\/\/coralforyou.eu\/fr\/produit\/h-500-coral-club\/","title":{"rendered":"H-500 Coral Club - antioxydant naturel"},"content":{"rendered":"<h1>H-500\u00a0<a href=\"https:\/\/coralforyou.eu\/fr\/\">Coral Club<\/a> \u2013 antioxydant naturel<\/h1>\n<p>H-500 de Coral Club est un compl\u00e9ment alimentaire qui poss\u00e8de de fortes propri\u00e9t\u00e9s antioxydantes, prot\u00e9geant efficacement l&#039;organisme contre les effets nocifs des radicaux libres. Il est tr\u00e8s appr\u00e9ci\u00e9 des professionnels de la sant\u00e9 en raison de ses propri\u00e9t\u00e9s favorisant le bon fonctionnement de l&#039;organisme. Ceci est particuli\u00e8rement b\u00e9n\u00e9fique pour les personnes qui m\u00e8nent une vie stressante, vivent dans des zones fortement industrialis\u00e9es ou effectuent des travaux exigeants. Le mode de vie moderne, qui est souvent associ\u00e9 \u00e0 un manque de sommeil et \u00e0 l&#039;utilisation de stimulants, peut avoir des effets n\u00e9fastes sur le corps, faisant du H-500 un outil pr\u00e9cieux pour maintenir la sant\u00e9 et le bien-\u00eatre en g\u00e9n\u00e9ral.<\/p>\n<h3>Que sont les radicaux libres et comment affectent-ils le corps ?<\/h3>\n<p>Les radicaux libres sont des mol\u00e9cules qui ont un \u00e9lectron non appari\u00e9. Ces mol\u00e9cules sont tr\u00e8s r\u00e9actives et peuvent endommager les cellules, les prot\u00e9ines et l&#039;ADN. Ils se forment dans notre corps \u00e0 la suite d&#039;un m\u00e9tabolisme normal, mais peuvent \u00e9galement \u00eatre caus\u00e9s par l&#039;exposition \u00e0 des toxines environnementales telles que la pollution, les radiations et la fum\u00e9e de tabac. Le corps poss\u00e8de un syst\u00e8me de d\u00e9fense naturel contre les radicaux libres, mais lorsque ce syst\u00e8me est surcharg\u00e9, il peut entra\u00eener des dommages cellulaires et contribuer au d\u00e9veloppement de diverses maladies telles que le cancer, les maladies cardiovasculaires et la maladie d&#039;Alzheimer. Les radicaux libres jouent \u00e9galement un r\u00f4le dans le processus de vieillissement. Les antioxydants peuvent neutraliser les radicaux libres et pr\u00e9venir les dommages qu&#039;ils peuvent causer.<\/p>\n<h2>H-500 - composition et avantages<\/h2>\n<p>H-500 de Coral Club est un compl\u00e9ment alimentaire qui aide \u00e0 r\u00e9duire la sensation de fatigue apr\u00e8s un effort physique ou mental et am\u00e9liore les fonctions cognitives et mentales telles que la m\u00e9moire et la concentration. Il facilite le travail, ce qui est particuli\u00e8rement important pour les personnes \u00e2g\u00e9es, car la quantit\u00e9 d&#039;antioxydants naturels dans le corps diminue avec l&#039;\u00e2ge. Ce suppl\u00e9ment aide \u00e0 fournir les \u00e9lectrons recherch\u00e9s par les radicaux libres, \u00e9vitant ainsi d&#039;endommager les cellules saines.<\/p>\n<p>Il est important de noter que les dommages caus\u00e9s par les radicaux libres affectent \u00e9galement la fonction c\u00e9r\u00e9brale et le d\u00e9veloppement de maladies telles que la d\u00e9mence s\u00e9nile, la maladie d&#039;Alzheimer et la maladie de Parkinson. Les radicaux libres augmentent \u00e9galement le risque de maladies oculaires telles que la d\u00e9g\u00e9n\u00e9rescence maculaire et les cataractes, ainsi que de maladies pulmonaires telles que l&#039;asthme, le cancer, les maladies pulmonaires obstructives chroniques, les maladies cardiaques telles que l&#039;hypertension art\u00e9rielle, les crises cardiaques et les maladies coronariennes, et les maladies du squelette. comme l&#039;arthrose.<\/p>\n<p>Le tabagisme, l&#039;abus d&#039;alcool et de drogues et l&#039;exposition excessive au soleil ne sont que quelques-uns des facteurs qui acc\u00e9l\u00e8rent la formation de radicaux libres dans l&#039;organisme. Il est important d&#039;\u00eatre conscient de ces facteurs et d&#039;essayer de les minimiser ou de les \u00e9viter autant que possible. H-500 peut \u00e9galement \u00eatre utilis\u00e9 \u00e0 titre prophylactique dans la lutte contre les effets des radicaux libres.<\/p>\n<h3>H-500 - qui peut l&#039;utiliser ?<\/h3>\n<p>H-500 est un compl\u00e9ment alimentaire con\u00e7u pour les adultes qui souhaitent soutenir leur sant\u00e9 et leur bien-\u00eatre en g\u00e9n\u00e9ral. Il est particuli\u00e8rement utile pour les personnes qui m\u00e8nent une vie stressante, vivent dans des zones fortement industrialis\u00e9es ou effectuent des travaux exigeants. Gr\u00e2ce \u00e0 ses fortes propri\u00e9t\u00e9s antioxydantes, H-500 peut aider \u00e0 prot\u00e9ger l&#039;organisme contre les effets nocifs des radicaux libres et soutenir le bon fonctionnement de l&#039;organisme.<\/p>\n<p>Il est \u00e9galement b\u00e9n\u00e9fique pour les personnes \u00e2g\u00e9es car les antioxydants naturels du corps diminuent avec l&#039;\u00e2ge, et ce suppl\u00e9ment fournit les \u00e9lectrons recherch\u00e9s par les radicaux libres, emp\u00eachant ainsi d&#039;endommager les cellules saines. Il peut \u00e9galement \u00eatre utilis\u00e9 \u00e0 titre pr\u00e9ventif dans la lutte contre les effets des radicaux libres, qui peuvent provoquer des maladies li\u00e9es au fonctionnement du cerveau, des maladies des yeux, des maladies pulmonaires, des maladies cardiaques, des maladies du squelette.<\/p>\n<p>De plus, veuillez noter que H-500 est un compl\u00e9ment alimentaire et ne doit pas \u00eatre utilis\u00e9 comme substitut d&#039;une alimentation \u00e9quilibr\u00e9e et d&#039;un mode de vie sain. Il est \u00e9galement important de consulter votre professionnel de la sant\u00e9 avant d&#039;utiliser H-500, surtout si vous avez des conditions m\u00e9dicales pr\u00e9existantes ou si vous prenez des m\u00e9dicaments.<\/p>\n<p><img data-opt-id=1840539763  fetchpriority=\"high\" decoding=\"async\" class=\"aligncenter wp-image-5511 size-full\" src=\"https:\/\/mlccfyajnfvu.i.optimole.com\/w:auto\/h:auto\/q:mauto\/f:best\/https:\/\/coralforyou.eu\/wp-content\/uploads\/2022\/12\/h-500-2-Medium.jpeg\" alt=\"\" width=\"640\" height=\"427\" srcset=\"https:\/\/mlccfyajnfvu.i.optimole.com\/w:640\/h:427\/q:mauto\/f:best\/https:\/\/coralforyou.eu\/wp-content\/uploads\/2022\/12\/h-500-2-Medium.jpeg 640w, https:\/\/mlccfyajnfvu.i.optimole.com\/w:300\/h:200\/q:mauto\/f:best\/https:\/\/coralforyou.eu\/wp-content\/uploads\/2022\/12\/h-500-2-Medium.jpeg 300w, https:\/\/mlccfyajnfvu.i.optimole.com\/w:600\/h:400\/q:mauto\/f:best\/https:\/\/coralforyou.eu\/wp-content\/uploads\/2022\/12\/h-500-2-Medium.jpeg 600w\" sizes=\"(max-width: 640px) 100vw, 640px\" \/><\/p>\n<h3>H-500 - avis<\/h3>\n<h5>Que disent les consommateurs du H-500 ?<\/h5>\n<blockquote><p>&quot;En tant que femme, je cherche toujours des moyens de rester jeune et le H-500 m&#039;aide beaucoup dans ce domaine. Ses puissantes propri\u00e9t\u00e9s antioxydantes combattent les radicaux libres, rendant ma peau et mon corps plus jeunes et radieux.\u00a0\u00a0<b>Marie, 35 ans.<\/b><\/p>\n<p>&quot;J&#039;ai d\u00e9couvert que la prise d&#039;antioxydants tels que le H-500 peut \u00eatre b\u00e9n\u00e9fique pour ceux qui ont des probl\u00e8mes avec le syst\u00e8me neurologique. Personnellement, je l&#039;ai essay\u00e9 et j&#039;ai remarqu\u00e9 une am\u00e9lioration de mon bien-\u00eatre g\u00e9n\u00e9ral. <strong>Cam\u00e9lia<\/strong><b>, 58 ans.<\/b><\/p><\/blockquote>\n<h4>H-500 - ce que les experts de la sant\u00e9 disent de ce produit<\/h4>\n<blockquote><p>&quot;Il convient de noter que H-500 est un compl\u00e9ment alimentaire dont la t\u00e2che est de soutenir la sant\u00e9 et le bien-\u00eatre en g\u00e9n\u00e9ral. C&#039;est un puissant antioxydant qui prot\u00e8ge tout l&#039;organisme contre les radicaux libres et qui est b\u00e9n\u00e9fique pour les personnes vivant sous stress, dans les zones fortement industrialis\u00e9es et travaillant dur. Aide \u00e0 r\u00e9duire la sensation de fatigue apr\u00e8s un effort physique ou mental, am\u00e9liore les propri\u00e9t\u00e9s cognitives et mentales, peut \u00eatre b\u00e9n\u00e9fique pour les personnes \u00e2g\u00e9es car la quantit\u00e9 d&#039;antioxydants naturels dans le corps diminue avec l&#039;\u00e2ge, c&#039;est pourquoi il est si important de fournir des radicaux libres avec les \u00e9lectrons qu&#039;ils cherchent \u00e0 pr\u00e9venir les dommages aux cellules saines. Il doit \u00eatre pris sous la direction d&#039;un professionnel de la sant\u00e9 et en compl\u00e9ment d&#039;un mode de vie sain.&quot;\u00a0<b>\u00a0 Michael, sp\u00e9cialiste de la sant\u00e9 et de la nutrition.<\/b><\/p><\/blockquote>\n<h4>H-500 - o\u00f9 puis-je l&#039;acheter et \u00e0 quel prix<\/h4>\n<p>Le H-500 est un produit exclusif Coral Club et ne peut \u00eatre achet\u00e9 que dans les magasins officiels Coral Club -\u00a0<a href=\"https:\/\/pl.coral.club\/shop\/h-500.html?language=pl&amp;REF_CODE=455344920720&amp;offer=91883&amp;utm_source=copy-link&amp;utm_medium=prod-recom\" target=\"_blank\" rel=\"noopener nofollow\">ICI<\/a>\u00a0. Nous vous conseillons vivement d&#039;\u00e9viter toute plate-forme tierce comme Amazon ou E-bay. De plus, si vous achetez le produit\u00a0\u00a0<a href=\"https:\/\/pl.coral.club\/shop\/h-500.html?language=pl&amp;REF_CODE=455344920720&amp;offer=91883&amp;utm_source=copy-link&amp;utm_medium=prod-recom\" target=\"_blank\" rel=\"noopener nofollow\">ICI<\/a>\u00a0, vous obtiendrez le prix du H-500 20% inf\u00e9rieur.<\/p>\n<p>IMPORTANT : Les compl\u00e9ments alimentaires ne peuvent pas se substituer \u00e0 une alimentation vari\u00e9e. Le compl\u00e9ment alimentaire doit \u00eatre conserv\u00e9 hors de port\u00e9e des jeunes enfants. Ne pas utiliser en cas d&#039;intol\u00e9rance \u00e0 l&#039;un des ingr\u00e9dients du compl\u00e9ment alimentaire. CE PRODUIT N&#039;EST PAS DESTIN\u00c9 \u00c0 DIAGNOSTIQUER, TRAITER OU PR\u00c9VENIR TOUTE MALADIE.<\/p>\n<p>&nbsp;<\/p>\n<h3 style=\"text-align: center;\"><a class=\"przycisk\" href=\"https:\/\/pl.coral.club\/shop\/h-500.html?language=pl&amp;REF_CODE=455344920720&amp;offer=91883&amp;utm_source=copy-link&amp;utm_medium=prod-recom\" target=\"_blank\" rel=\"noopener nofollow\">ACHETER H-500 CORAL CLUB ICI<\/a><\/h3>\n<h3 style=\"text-align: center;\"><\/h3>","protected":false},"excerpt":{"rendered":"<p>H-500 de Coral Club est un compl\u00e9ment alimentaire qui poss\u00e8de de fortes propri\u00e9t\u00e9s antioxydantes, prot\u00e9geant efficacement l&#039;organisme contre les effets nocifs des radicaux libres. Il est tr\u00e8s appr\u00e9ci\u00e9 des professionnels de la sant\u00e9 en raison de ses propri\u00e9t\u00e9s favorisant le bon fonctionnement de l&#039;organisme.\u00a0<span class=\"VIpgJd-yAWNEb-VIpgJd-fmcmS-sn54Q\">Ceci est particuli\u00e8rement b\u00e9n\u00e9fique pour les personnes qui m\u00e8nent une vie stressante, vivent dans des zones fortement industrialis\u00e9es ou effectuent des travaux exigeants.\u00a0<\/span>Le mode de vie moderne, qui est souvent associ\u00e9 \u00e0 un manque de sommeil et \u00e0 l&#039;utilisation de stimulants, peut avoir des effets n\u00e9fastes sur le corps, faisant du H-500 un outil pr\u00e9cieux pour maintenir la sant\u00e9 et le bien-\u00eatre en g\u00e9n\u00e9ral.<\/p>","protected":false},"featured_media":6284,"comment_status":"open","ping_status":"closed","template":"","meta":{"_monsterinsights_skip_tracking":false,"_monsterinsights_sitenote_active":false,"_monsterinsights_sitenote_note":"","_monsterinsights_sitenote_category":0,"site-sidebar-layout":"default","site-content-layout":"default","ast-site-content-layout":"default","site-content-style":"default","site-sidebar-style":"default","ast-global-header-display":"","ast-banner-title-visibility":"","ast-main-header-display":"","ast-hfb-above-header-display":"","ast-hfb-below-header-display":"","ast-hfb-mobile-header-display":"","site-post-title":"","ast-breadcrumbs-content":"","ast-featured-img":"","footer-sml-layout":"","theme-transparent-header-meta":"default","adv-header-id-meta":"","stick-header-meta":"","header-above-stick-meta":"","header-main-stick-meta":"","header-below-stick-meta":"","astra-migrate-meta-layouts":"default","ast-page-background-enabled":"default","ast-page-background-meta":{"desktop":{"background-color":"","background-image":"","background-repeat":"repeat","background-position":"center center","background-size":"auto","background-attachment":"scroll","background-type":"","background-media":"","overlay-type":"","overlay-color":"","overlay-opacity":"","overlay-gradient":""},"tablet":{"background-color":"","background-image":"","background-repeat":"repeat","background-position":"center center","background-size":"auto","background-attachment":"scroll","background-type":"","background-media":"","overlay-type":"","overlay-color":"","overlay-opacity":"","overlay-gradient":""},"mobile":{"background-color":"","background-image":"","background-repeat":"repeat","background-position":"center center","background-size":"auto","background-attachment":"scroll","background-type":"","background-media":"","overlay-type":"","overlay-color":"","overlay-opacity":"","overlay-gradient":""}},"ast-content-background-meta":{"desktop":{"background-color":"var(--ast-global-color-5)","background-image":"","background-repeat":"repeat","background-position":"center center","background-size":"auto","background-attachment":"scroll","background-type":"","background-media":"","overlay-type":"","overlay-color":"","overlay-opacity":"","overlay-gradient":""},"tablet":{"background-color":"var(--ast-global-color-5)","background-image":"","background-repeat":"repeat","background-position":"center center","background-size":"auto","background-attachment":"scroll","background-type":"","background-media":"","overlay-type":"","overlay-color":"","overlay-opacity":"","overlay-gradient":""},"mobile":{"background-color":"var(--ast-global-color-5)","background-image":"","background-repeat":"repeat","background-position":"center center","background-size":"auto","background-attachment":"scroll","background-type":"","background-media":"","overlay-type":"","overlay-color":"","overlay-opacity":"","overlay-gradient":""}}},"product_brand":[],"product_cat":[58,60],"product_tag":[],"class_list":{"0":"post-5460","1":"product","2":"type-product","3":"status-publish","4":"has-post-thumbnail","6":"product_cat-all","7":"product_cat-detox","8":"desktop-align-center","9":"tablet-align-center","10":"mobile-align-center","12":"first","13":"instock","14":"shipping-taxable","15":"product-type-external"},"_links":{"self":[{"href":"https:\/\/coralforyou.eu\/fr\/wp-json\/wp\/v2\/product\/5460","targetHints":{"allow":["GET"]}}],"collection":[{"href":"https:\/\/coralforyou.eu\/fr\/wp-json\/wp\/v2\/product"}],"about":[{"href":"https:\/\/coralforyou.eu\/fr\/wp-json\/wp\/v2\/types\/product"}],"replies":[{"embeddable":true,"href":"https:\/\/coralforyou.eu\/fr\/wp-json\/wp\/v2\/comments?post=5460"}],"version-history":[{"count":0,"href":"https:\/\/coralforyou.eu\/fr\/wp-json\/wp\/v2\/product\/5460\/revisions"}],"wp:featuredmedia":[{"embeddable":true,"href":"https:\/\/coralforyou.eu\/fr\/wp-json\/wp\/v2\/media\/6284"}],"wp:attachment":[{"href":"https:\/\/coralforyou.eu\/fr\/wp-json\/wp\/v2\/media?parent=5460"}],"wp:term":[{"taxonomy":"product_brand","embeddable":true,"href":"https:\/\/coralforyou.eu\/fr\/wp-json\/wp\/v2\/product_brand?post=5460"},{"taxonomy":"product_cat","embeddable":true,"href":"https:\/\/coralforyou.eu\/fr\/wp-json\/wp\/v2\/product_cat?post=5460"},{"taxonomy":"product_tag","embeddable":true,"href":"https:\/\/coralforyou.eu\/fr\/wp-json\/wp\/v2\/product_tag?post=5460"}],"curies":[{"name":"wp","href":"https:\/\/api.w.org\/{rel}","templated":true}]}}