{"id":5461,"date":"2022-12-23T11:56:21","date_gmt":"2022-12-23T11:56:21","guid":{"rendered":"https:\/\/coralforyou.eu\/?post_type=product&#038;p=5461"},"modified":"2023-07-26T15:45:37","modified_gmt":"2023-07-26T15:45:37","slug":"coral-detox-coral-club","status":"publish","type":"product","link":"https:\/\/coralforyou.eu\/fr\/produit\/coral-detox-coral-club\/","title":{"rendered":"Coral Detox Coral Club - d\u00e9sintoxication compl\u00e8te naturelle"},"content":{"rendered":"<h1><b><a href=\"https:\/\/coralforyou.eu\/fr\/\">Coral Detox Coral Club<\/a>\u00a0\u2013 un complexe naturel qui facilite la d\u00e9toxification<\/b><\/h1>\n<p>Coral Detox de Coral Club est un ensemble de compl\u00e9ments alimentaires con\u00e7us pour un nettoyage efficace du corps, qui a re\u00e7u des commentaires positifs de la part des utilisateurs. Les modes de vie modernes exposent notre corps aux toxines de la pollution de l&#039;air et aux choix alimentaires malsains qui peuvent \u00eatre difficiles \u00e0 \u00e9liminer. Selon les experts, les compl\u00e9ments alimentaires Coral de cet ensemble peuvent aider \u00e0 \u00e9liminer plus efficacement les toxines ind\u00e9sirables du corps, \u00e0 favoriser une bonne sant\u00e9 et \u00e0 la maintenir plus longtemps. Les utilisateurs du coffret Coral Detox rapportent une am\u00e9lioration du bien-\u00eatre et une diminution des sympt\u00f4mes de certaines maladies.<\/p>\n<h2>Coral Detox - composition et action<\/h2>\n<p>Coral Detox est une collection de produits soutenant le processus naturel de d\u00e9toxification du corps. Cette approche globale aide \u00e0 \u00e9liminer les impuret\u00e9s, \u00e0 am\u00e9liorer la sant\u00e9 cellulaire et \u00e0 augmenter la vitalit\u00e9 globale.<\/p>\n<p><strong>L&#039;ensemble contient\u00a0:<\/strong><\/p>\n<ul>\n<li><b>ASSIMILATEUR<\/b>\u00a0, qui est un m\u00e9lange d&#039;enzymes v\u00e9g\u00e9tales et de vitamines A et D, aide au processus digestif et r\u00e9duit la formation de toxines.<\/li>\n<li><b>H-500<\/b>\u00a0, est un antioxydant qui prot\u00e8ge l&#039;organisme contre le stress oxydatif et augmente les niveaux d&#039;\u00e9nergie pendant l&#039;activit\u00e9 physique.<\/li>\n<li><b>CORAL-MINE<\/b>\u00a0, un produit du Japon, fabriqu\u00e9 \u00e0 partir de sable de coraux des grands fonds, enrichit l&#039;eau en min\u00e9raux, favorisant une meilleure hydratation et soutenant le processus de d\u00e9toxification.<\/li>\n<li><b>L\u00c9CITHINE DE CORAIL<\/b>\u00a0, est une source naturelle de phospholipides qui prot\u00e8gent les membranes cellulaires des dommages et soutiennent le bon fonctionnement du foie.<\/li>\n<\/ul>\n<h3>Coral Detox - qui peut l&#039;utiliser ?<\/h3>\n<p>Coral Detox est un compl\u00e9ment alimentaire con\u00e7u pour les adultes qui souhaitent favoriser leur sant\u00e9 et leur bien-\u00eatre en favorisant la d\u00e9sintoxication. Il est recommand\u00e9 aux personnes qui souhaitent am\u00e9liorer leur digestion, r\u00e9duire la formation de toxines et augmenter leur niveau d&#039;\u00e9nergie. L&#039;ensemble comprend des antioxydants et des min\u00e9raux qui aident \u00e0 prot\u00e9ger le corps du stress oxydatif et favorisent l&#039;hydratation, ce qui peut \u00eatre b\u00e9n\u00e9fique pour les personnes ayant un mode de vie stressant, vivant dans des zones fortement industrialis\u00e9es ou effectuant des travaux exigeants.<\/p>\n<p>Est \u00e9galement inclus un produit de soutien du foie qui peut \u00eatre b\u00e9n\u00e9fique pour les personnes qui peuvent avoir des probl\u00e8mes de foie ou qui souhaitent soutenir les processus naturels de d\u00e9toxification du foie.<\/p>\n<p>Veuillez noter que Coral Detox est un compl\u00e9ment alimentaire et ne doit pas \u00eatre utilis\u00e9 comme substitut d&#039;une alimentation \u00e9quilibr\u00e9e et d&#039;un mode de vie sain. Il est \u00e9galement important de consulter votre professionnel de la sant\u00e9 avant d&#039;utiliser Coral Detox, surtout si vous avez des conditions m\u00e9dicales pr\u00e9existantes ou si vous prenez des m\u00e9dicaments.<\/p>\n<h3>Coral Detox - avis<\/h3>\n<h5>Que disent les consommateurs de Coral Detox ?<\/h5>\n<blockquote><p>&quot;J&#039;ai essay\u00e9 Coral Detox sur la recommandation d&#039;un ami, principalement parce que je me plaignais toujours de probl\u00e8mes d&#039;estomac. Apr\u00e8s avoir utilis\u00e9 Coral Detox plusieurs fois en un an, je peux vraiment dire que Coral Detox a fait une r\u00e9elle diff\u00e9rence pour mon corps et ma sant\u00e9. Ma tension art\u00e9rielle est descendue, mon estomac ne me fait plus mal et j&#039;ai beaucoup plus d&#039;\u00e9nergie qu&#039;avant. Je recommande fortement ce programme.&quot;\u00a0<b>Violette, 29 ans.<\/b><\/p>\n<p>\u00ab Coral Detox est le principal programme de d\u00e9sintoxication que je dirige avec ma famille, c&#039;est-\u00e0-dire moi, mon mari et mes deux filles \u00e2g\u00e9es de 23 et 25 ans. Nous sommes tr\u00e8s satisfaits de ses effets et je vois personnellement \u00e0 quel point notre mode de vie a chang\u00e9. Nous avons tous tellement plus d&#039;\u00e9nergie, nous mangeons tous plus sainement maintenant et j&#039;ai m\u00eame perdu du poids, ce qui \u00e9tait tr\u00e8s inqui\u00e9tant pour moi. C&#039;est un programme complet tr\u00e8s naturel et je le recommande vivement.\u00a0<b>Madeleine, 54 ans.<\/b><\/p>\n<p>J&#039;ai r\u00e9cemment commenc\u00e9 \u00e0 utiliser Coral Detox et je suis impressionn\u00e9 par les effets. Le kit contient une vari\u00e9t\u00e9 de compl\u00e9ments alimentaires sp\u00e9cialement formul\u00e9s pour favoriser la sant\u00e9 et le bien-\u00eatre en favorisant la d\u00e9sintoxication.<\/p>\n<p>L&#039;un des produits du kit, Assimilator, contient des enzymes qui aident \u00e0 dig\u00e9rer les aliments, notamment les prot\u00e9ines, les glucides et les graisses. Cela m&#039;a aid\u00e9 \u00e0 am\u00e9liorer ma digestion et \u00e0 r\u00e9duire l&#039;accumulation de toxines. J&#039;ai aussi remarqu\u00e9 que j&#039;avais plus d&#039;\u00e9nergie pendant la journ\u00e9e.<\/p>\n<p>Un autre produit H-500 est un antioxydant qui prot\u00e8ge le corps contre le stress oxydatif et augmente l&#039;endurance pendant l&#039;entra\u00eenement. Cela m&#039;est particuli\u00e8rement utile car je m\u00e8ne une vie stressante et vis dans une zone fortement industrialis\u00e9e.<\/p>\n<p>Un autre produit CORAL-MINE est un produit du Japon \u00e0 base de sable corallien des grands fonds (scl\u00e9ractiniens). Il enrichit l&#039;eau en min\u00e9raux, gr\u00e2ce auxquels il favorise une meilleure hydratation et soutient le processus de d\u00e9toxification.<\/p>\n<p>Enfin, la L\u00c9CITHINE DE CORAIL est une source de phospholipides naturels. Il prot\u00e8ge les membranes cellulaires des dommages et soutient une fonction h\u00e9patique saine.<\/p>\n<p>Dans l&#039;ensemble, je recommande fortement Coral Detox \u00e0 tous ceux qui cherchent \u00e0 soutenir leur sant\u00e9 et leur bien-\u00eatre en favorisant la d\u00e9sintoxication. La combinaison des produits de ce kit m&#039;a vraiment aid\u00e9 \u00e0 am\u00e9liorer ma digestion, \u00e0 r\u00e9duire l&#039;accumulation de toxines et \u00e0 augmenter mon niveau d&#039;\u00e9nergie.\u00a0<b>Gr\u00e9gory, 59 ans<\/b><\/p><\/blockquote>\n<h4>Coral Detox - o\u00f9 puis-je l&#039;acheter et \u00e0 quel prix<\/h4>\n<p>Coral Detox est un produit exclusif Coral Club et ne peut \u00eatre achet\u00e9 que dans les magasins officiels Coral Club - <a href=\"https:\/\/pl.coral.club\/shop\/coral-detox.html?language=pl&amp;REF_CODE=455344920720&amp;utm_source=copy-link&amp;utm_medium=prod-recom\" rel=\"nofollow noopener\">ICI<\/a>. Nous vous conseillons vivement d&#039;\u00e9viter toute plate-forme tierce comme Amazon ou E-bay. De plus, si vous achetez le produit\u00a0\u00a0<a href=\"https:\/\/pl.coral.club\/shop\/coral-detox.html?language=pl&amp;REF_CODE=455344920720&amp;utm_source=copy-link&amp;utm_medium=prod-recom\" target=\"_blank\" rel=\"noopener nofollow\">ICI<\/a>\u00a0, vous b\u00e9n\u00e9ficierez d&#039;une r\u00e9duction de 20% sur Coral Detox.<\/p>\n<p>IMPORTANT : Les compl\u00e9ments alimentaires ne peuvent pas se substituer \u00e0 une alimentation vari\u00e9e. Le compl\u00e9ment alimentaire doit \u00eatre conserv\u00e9 hors de port\u00e9e des jeunes enfants. Ne pas utiliser en cas d&#039;intol\u00e9rance \u00e0 l&#039;un des ingr\u00e9dients du compl\u00e9ment alimentaire.\u00a0<span class=\"VIpgJd-yAWNEb-VIpgJd-fmcmS-sn54Q\">CE PRODUIT N&#039;EST PAS DESTIN\u00c9 \u00c0 DIAGNOSTIQUER, TRAITER OU PR\u00c9VENIR TOUTE MALADIE.<\/span><\/p>\n<p>&nbsp;<\/p>\n<h3 style=\"text-align: center;\"><a class=\"przycisk\" href=\"https:\/\/pl.coral.club\/shop\/coral-detox.html?language=pl&amp;REF_CODE=455344920720&amp;utm_source=copy-link&amp;utm_medium=prod-recom\" target=\"_blank\" rel=\"noopener nofollow\">ACHETER CORAL DETOX PLUS CORAL CLUB ICI<\/a><\/h3>\n<h3 style=\"text-align: center;\"><\/h3>","protected":false},"excerpt":{"rendered":"<p><span class=\"VIpgJd-yAWNEb-VIpgJd-fmcmS-sn54Q\">Coral Detox de Coral Club est un ensemble de compl\u00e9ments alimentaires con\u00e7us pour un nettoyage efficace du corps, qui a re\u00e7u des commentaires positifs de la part des utilisateurs.\u00a0<\/span>Les modes de vie modernes exposent notre corps aux toxines de la pollution de l&#039;air et aux choix alimentaires malsains qui peuvent \u00eatre difficiles \u00e0 \u00e9liminer.<\/p>","protected":false},"featured_media":6265,"comment_status":"open","ping_status":"closed","template":"","meta":{"_monsterinsights_skip_tracking":false,"_monsterinsights_sitenote_active":false,"_monsterinsights_sitenote_note":"","_monsterinsights_sitenote_category":0,"site-sidebar-layout":"default","site-content-layout":"default","ast-site-content-layout":"default","site-content-style":"default","site-sidebar-style":"default","ast-global-header-display":"","ast-banner-title-visibility":"","ast-main-header-display":"","ast-hfb-above-header-display":"","ast-hfb-below-header-display":"","ast-hfb-mobile-header-display":"","site-post-title":"","ast-breadcrumbs-content":"","ast-featured-img":"","footer-sml-layout":"","theme-transparent-header-meta":"default","adv-header-id-meta":"","stick-header-meta":"","header-above-stick-meta":"","header-main-stick-meta":"","header-below-stick-meta":"","astra-migrate-meta-layouts":"default","ast-page-background-enabled":"default","ast-page-background-meta":{"desktop":{"background-color":"","background-image":"","background-repeat":"repeat","background-position":"center center","background-size":"auto","background-attachment":"scroll","background-type":"","background-media":"","overlay-type":"","overlay-color":"","overlay-opacity":"","overlay-gradient":""},"tablet":{"background-color":"","background-image":"","background-repeat":"repeat","background-position":"center center","background-size":"auto","background-attachment":"scroll","background-type":"","background-media":"","overlay-type":"","overlay-color":"","overlay-opacity":"","overlay-gradient":""},"mobile":{"background-color":"","background-image":"","background-repeat":"repeat","background-position":"center center","background-size":"auto","background-attachment":"scroll","background-type":"","background-media":"","overlay-type":"","overlay-color":"","overlay-opacity":"","overlay-gradient":""}},"ast-content-background-meta":{"desktop":{"background-color":"var(--ast-global-color-5)","background-image":"","background-repeat":"repeat","background-position":"center center","background-size":"auto","background-attachment":"scroll","background-type":"","background-media":"","overlay-type":"","overlay-color":"","overlay-opacity":"","overlay-gradient":""},"tablet":{"background-color":"var(--ast-global-color-5)","background-image":"","background-repeat":"repeat","background-position":"center center","background-size":"auto","background-attachment":"scroll","background-type":"","background-media":"","overlay-type":"","overlay-color":"","overlay-opacity":"","overlay-gradient":""},"mobile":{"background-color":"var(--ast-global-color-5)","background-image":"","background-repeat":"repeat","background-position":"center center","background-size":"auto","background-attachment":"scroll","background-type":"","background-media":"","overlay-type":"","overlay-color":"","overlay-opacity":"","overlay-gradient":""}}},"product_brand":[],"product_cat":[58,60],"product_tag":[],"class_list":{"0":"post-5461","1":"product","2":"type-product","3":"status-publish","4":"has-post-thumbnail","6":"product_cat-all","7":"product_cat-detox","8":"desktop-align-center","9":"tablet-align-center","10":"mobile-align-center","12":"first","13":"instock","14":"shipping-taxable","15":"product-type-external"},"_links":{"self":[{"href":"https:\/\/coralforyou.eu\/fr\/wp-json\/wp\/v2\/product\/5461","targetHints":{"allow":["GET"]}}],"collection":[{"href":"https:\/\/coralforyou.eu\/fr\/wp-json\/wp\/v2\/product"}],"about":[{"href":"https:\/\/coralforyou.eu\/fr\/wp-json\/wp\/v2\/types\/product"}],"replies":[{"embeddable":true,"href":"https:\/\/coralforyou.eu\/fr\/wp-json\/wp\/v2\/comments?post=5461"}],"version-history":[{"count":0,"href":"https:\/\/coralforyou.eu\/fr\/wp-json\/wp\/v2\/product\/5461\/revisions"}],"wp:featuredmedia":[{"embeddable":true,"href":"https:\/\/coralforyou.eu\/fr\/wp-json\/wp\/v2\/media\/6265"}],"wp:attachment":[{"href":"https:\/\/coralforyou.eu\/fr\/wp-json\/wp\/v2\/media?parent=5461"}],"wp:term":[{"taxonomy":"product_brand","embeddable":true,"href":"https:\/\/coralforyou.eu\/fr\/wp-json\/wp\/v2\/product_brand?post=5461"},{"taxonomy":"product_cat","embeddable":true,"href":"https:\/\/coralforyou.eu\/fr\/wp-json\/wp\/v2\/product_cat?post=5461"},{"taxonomy":"product_tag","embeddable":true,"href":"https:\/\/coralforyou.eu\/fr\/wp-json\/wp\/v2\/product_tag?post=5461"}],"curies":[{"name":"wp","href":"https:\/\/api.w.org\/{rel}","templated":true}]}}