{"id":5462,"date":"2022-12-23T11:56:37","date_gmt":"2022-12-23T11:56:37","guid":{"rendered":"https:\/\/coralforyou.eu\/?post_type=product&#038;p=5462"},"modified":"2025-04-12T13:29:01","modified_gmt":"2025-04-12T13:29:01","slug":"assimilator-coral-club","status":"publish","type":"product","link":"https:\/\/coralforyou.eu\/fr\/produit\/assimilator-coral-club\/","title":{"rendered":"Assimilator Coral Club - enzymes naturelles favorisant la digestion"},"content":{"rendered":"<h1><\/h1>\n<h1><b><a href=\"https:\/\/coralforyou.eu\/fr\/\">Assimilator Coral Club<\/a>\u00a0\u2014 enzymes digestives naturelles<\/b><\/h1>\n<p>Assimilator est un compl\u00e9ment alimentaire contenant un m\u00e9lange d&#039;enzymes pour aider \u00e0 dig\u00e9rer les aliments, y compris les prot\u00e9ines, les glucides et les graisses. Cela peut vous aider \u00e0 perdre du poids. Les enzymes jouent un r\u00f4le important dans le maintien de la vitalit\u00e9 quotidienne en favorisant une digestion optimale, c&#039;est pourquoi ce compl\u00e9ment est particuli\u00e8rement recommand\u00e9 aux personnes qui souhaitent perdre du poids.<\/p>\n<h2>Assimilator - qu'est-ce que c'est exactement?<\/h2>\n<p>Assimilator est un compl\u00e9ment alimentaire contenant un m\u00e9lange d&#039;enzymes pour aider \u00e0 dig\u00e9rer les aliments, y compris les prot\u00e9ines, les glucides et les graisses. Cela peut vous aider \u00e0 perdre du poids. Les enzymes jouent un r\u00f4le important dans le maintien de la vitalit\u00e9 quotidienne en favorisant une digestion optimale, c&#039;est pourquoi ce compl\u00e9ment est particuli\u00e8rement recommand\u00e9 aux personnes amaigrissantes.<\/p>\n<p>Assimilator contient \u00e9galement de la vitamine D, qui aide \u00e0 maintenir le bon niveau de calcium dans le sang, participe \u00e0 la r\u00e9gulation du m\u00e9tabolisme du calcium et du phosphate, soutient la formation osseuse, participe \u00e0 la division cellulaire et \u00e0 la fonction musculaire. Il am\u00e9liore \u00e9galement la perm\u00e9abilit\u00e9 des parois intestinales, ce qui permet au corps de mieux absorber les nutriments contenus dans les aliments.<\/p>\n<p>De plus, Assimilator contient de la vitamine A, qui soutient le syst\u00e8me immunitaire, la sant\u00e9 de la peau et le m\u00e9tabolisme du fer. Il contribue \u00e9galement \u00e0 une bonne vision et au bon fonctionnement de la peau et des muqueuses. Les critiques sugg\u00e8rent que cette pr\u00e9paration peut am\u00e9liorer la vision et favoriser une vision saine.<\/p>\n<h2>Assimilator Coral Club - composition et bienfaits<\/h2>\n<p>Ce compl\u00e9ment alimentaire contient diverses enzymes qui facilitent la digestion et l&#039;absorption des nutriments. La lipase est l&#039;une de ces enzymes, et son r\u00f4le est de d\u00e9composer les graisses animales dans l&#039;intestin gr\u00eale et de les convertir en acides gras plus facilement absorb\u00e9s par l&#039;organisme. La lipase aide \u00e9galement \u00e0 la digestion et \u00e0 l&#039;absorption des vitamines A et D.<\/p>\n<p>Une autre enzyme contenue dans le suppl\u00e9ment est la prot\u00e9ase, qui d\u00e9compose les prot\u00e9ines en acides amin\u00e9s plus facilement digestibles. La prot\u00e9ase emp\u00eache la formation de r\u00e9sidus alimentaires sur les parois intestinales, r\u00e9duit la formation de d\u00e9p\u00f4ts et am\u00e9liore les \u00e9changes prot\u00e9iques. Il agit \u00e9galement comme une forte d\u00e9fense contre les micro-organismes pathog\u00e8nes et soutient les processus immunitaires de l&#039;organisme.<\/p>\n<p>La cellulose, une autre enzyme du suppl\u00e9ment, facilite la digestion des fibres v\u00e9g\u00e9tales, qui sont importantes pour maintenir un intestin sain. La cellulose d\u00e9compose les fibres en glucose, qui est le principal carburant du corps. Il augmente \u00e9galement la valeur nutritionnelle des c\u00e9r\u00e9ales, des fruits et des l\u00e9gumes.<\/p>\n<h3>Assimilator - qui peut l'utiliser ?<\/h3>\n<p>Assimilator est un compl\u00e9ment alimentaire con\u00e7u pour les adultes qui souhaitent soutenir leur sant\u00e9 et leur bien-\u00eatre en favorisant une digestion optimale. Il est recommand\u00e9 aux personnes qui souhaitent perdre du poids, am\u00e9liorer leur digestion et augmenter leur niveau d&#039;\u00e9nergie.<\/p>\n<p>Il est particuli\u00e8rement recommand\u00e9 aux personnes qui ont du mal \u00e0 dig\u00e9rer les graisses, les prot\u00e9ines et les glucides, car les enzymes contenues dans Assimilator peuvent aider \u00e0 d\u00e9composer ces nutriments et \u00e0 faciliter leur absorption. Il contient \u00e9galement des vitamines A et D, qui ont divers avantages pour la sant\u00e9, tels que le soutien du syst\u00e8me immunitaire, la sant\u00e9 de la peau et le m\u00e9tabolisme du fer.<\/p>\n<p>De plus, veuillez noter qu&#039;Assimilator est un compl\u00e9ment alimentaire et ne doit pas \u00eatre utilis\u00e9 comme substitut d&#039;une alimentation \u00e9quilibr\u00e9e et d&#039;un mode de vie sain. Il est \u00e9galement important de consulter votre professionnel de la sant\u00e9 avant d&#039;utiliser Assimilator, surtout si vous avez des conditions m\u00e9dicales pr\u00e9existantes ou si vous prenez des m\u00e9dicaments.<\/p>\n<h3>Assimilator Coral Club - avis<\/h3>\n<h6>Que disent les consommateurs de ce produit ?<\/h6>\n<blockquote><p>\u00ab J&#039;utilise Assimilator depuis quelques semaines maintenant et je dois dire que je suis impressionn\u00e9 par les r\u00e9sultats. J&#039;ai des probl\u00e8mes digestifs depuis un certain temps maintenant et ce suppl\u00e9ment m&#039;a vraiment aid\u00e9 \u00e0 me sentir mieux.<\/p>\n<p>Les enzymes contenues dans Assimilator, telles que la lipase, la prot\u00e9ase et la cellulose, m&#039;ont aid\u00e9 \u00e0 d\u00e9composer les aliments plus efficacement et j&#039;ai remarqu\u00e9 une am\u00e9lioration significative de ma digestion. Je ne me sens plus ballonn\u00e9 ou mal \u00e0 l&#039;aise apr\u00e8s les repas et mon niveau d&#039;\u00e9nergie a \u00e9galement augment\u00e9.<\/p>\n<p>Une autre chose que j&#039;ai remarqu\u00e9e, c&#039;est que depuis que j&#039;ai commenc\u00e9 \u00e0 prendre le suppl\u00e9ment, j&#039;ai perdu du poids. Je pense que le suppl\u00e9ment m&#039;aide \u00e0 mieux dig\u00e9rer les graisses et les glucides, ce qui m&#039;aide \u00e0 perdre du poids.<\/p>\n<p>J&#039;appr\u00e9cie \u00e9galement que le suppl\u00e9ment contienne des vitamines A et D, qui ont diverses propri\u00e9t\u00e9s b\u00e9n\u00e9fiques pour la sant\u00e9. J&#039;ai remarqu\u00e9 que ma peau est plus belle et que mon syst\u00e8me immunitaire est plus fort.<\/p>\n<p>Dans l&#039;ensemble, je recommande fortement Assimilator \u00e0 toute personne aux prises avec des probl\u00e8mes digestifs ou souhaitant perdre du poids. C&#039;est un excellent compl\u00e9ment qui fonctionne vraiment !&quot;\u00a0<strong>Sia, 29 ans.<\/strong><\/p>\n<p>\u00ab J&#039;ai r\u00e9cemment commenc\u00e9 \u00e0 utiliser Assimilator et je suis tr\u00e8s satisfait des r\u00e9sultats. Le compl\u00e9ment alimentaire contient un m\u00e9lange d&#039;enzymes qui favorisent la digestion des aliments, notamment des prot\u00e9ines, des glucides et des lipides. Cela m&#039;a aid\u00e9 \u00e0 am\u00e9liorer ma digestion et \u00e0 r\u00e9duire l&#039;accumulation de toxines. J&#039;ai aussi remarqu\u00e9 que j&#039;avais plus d&#039;\u00e9nergie pendant la journ\u00e9e.<\/p>\n<p>Le suppl\u00e9ment contient \u00e9galement de la vitamine D, qui aide \u00e0 maintenir le bon niveau de calcium dans le sang, participe \u00e0 la r\u00e9gulation du m\u00e9tabolisme du calcium et du phosphore, soutient la formation osseuse, participe \u00e0 la division cellulaire et \u00e0 la fonction musculaire. La vitamine A soutient le syst\u00e8me immunitaire, la sant\u00e9 de la peau et le m\u00e9tabolisme du fer.<\/p>\n<p>J&#039;appr\u00e9cie \u00e9galement que le suppl\u00e9ment soit facile \u00e0 prendre car il se pr\u00e9sente sous forme de poudre pratique que je peux m\u00e9langer avec de l&#039;eau ou du jus. Je recommande fortement Assimilator \u00e0 tous ceux qui cherchent \u00e0 am\u00e9liorer leur digestion et leur sant\u00e9 globale. Dans la combinaison avec eux <a href=\"https:\/\/immer.fit\/produkte\/fitline-powercocktail\/\" rel=\"noopener\">Powercocktail<\/a> La vitalit\u00e9 et la vie peuvent \u00eatre encore plus fortes.\u00a0<strong>Michel, 41 ans.<\/strong><\/p><\/blockquote>\n<h3>Assimilator - o\u00f9 acheter et \u00e0 quel prix ?<\/h3>\n<p>L&#039;Assimilator est un produit exclusif Coral Club et ne peut \u00eatre achet\u00e9 que dans les magasins officiels Coral Club - <a href=\"https:\/\/pl.coral.club\/shop\/assimilator.html?language=pl&amp;REF_CODE=455344920720&amp;utm_source=copy-link&amp;utm_medium=prod-recom\" rel=\"nofollow noopener\">ICI<\/a>. Nous vous conseillons vivement d&#039;\u00e9viter toute plate-forme tierce comme Amazon ou E-bay. De plus, si vous achetez le produit\u00a0\u00a0<a href=\"https:\/\/pl.coral.club\/shop\/assimilator.html?language=pl&amp;REF_CODE=455344920720&amp;utm_source=copy-link&amp;utm_medium=prod-recom\" target=\"_blank\" rel=\"noopener nofollow\">ICI<\/a>\u00a0, vous obtiendrez le prix Assimilator 20% inf\u00e9rieur.<\/p>\n<p>IMPORTANT : Les compl\u00e9ments alimentaires ne peuvent pas se substituer \u00e0 une alimentation vari\u00e9e. Le compl\u00e9ment alimentaire doit \u00eatre conserv\u00e9 hors de port\u00e9e des jeunes enfants. Ne pas utiliser en cas d&#039;intol\u00e9rance \u00e0 l&#039;un des ingr\u00e9dients du compl\u00e9ment alimentaire. CE PRODUIT N&#039;EST PAS DESTIN\u00c9 \u00c0 DIAGNOSTIQUER, TRAITER OU PR\u00c9VENIR TOUTE MALADIE.<\/p>\n<p>&nbsp;<\/p>\n<h2 style=\"text-align: center;\"><a class=\"przycisk\" href=\"https:\/\/pl.coral.club\/shop\/assimilator.html?language=pl&amp;REF_CODE=455344920720&amp;utm_source=copy-link&amp;utm_medium=prod-recom\" target=\"_blank\" rel=\"noopener nofollow\"><span class=\"VIpgJd-yAWNEb-VIpgJd-fmcmS-sn54Q\">ACHETEZ L&#039;ASSIMILATOR CORAL CLUB ICI<\/span><\/a><\/h2>\n<h2><\/h2>\n<h4 style=\"text-align: center;\">\u00c0 propos du Coral Club<\/h4>\n<p>&nbsp;<\/p>\n<div class=\"ast-oembed-container\" style=\"height: 100%;\"><iframe title=\"Coral Club - Anglais | VotreCoral.com\" width=\"500\" height=\"281\" src=\"https:\/\/www.youtube.com\/embed\/VwOMr-Ax9H0?feature=oembed\" frameborder=\"0\" allow=\"accelerometer; autoplay; clipboard-write; encrypted-media; gyroscope; picture-in-picture; web-share\" referrerpolicy=\"strict-origin-when-cross-origin\" allowfullscreen><\/iframe><\/div>","protected":false},"excerpt":{"rendered":"<p><span class=\"VIpgJd-yAWNEb-VIpgJd-fmcmS-sn54Q\">Assimilator est un compl\u00e9ment alimentaire contenant un m\u00e9lange d&#039;enzymes pour aider \u00e0 dig\u00e9rer les aliments, y compris les prot\u00e9ines, les glucides et les graisses.\u00a0<\/span>Cela peut vous aider \u00e0 perdre du poids. Les enzymes jouent un r\u00f4le important dans le maintien de la vitalit\u00e9 quotidienne en favorisant une digestion optimale, c&#039;est pourquoi ce compl\u00e9ment est particuli\u00e8rement recommand\u00e9 aux personnes qui souhaitent perdre du poids.<\/p>","protected":false},"featured_media":6283,"comment_status":"open","ping_status":"closed","template":"","meta":{"_monsterinsights_skip_tracking":false,"_monsterinsights_sitenote_active":false,"_monsterinsights_sitenote_note":"","_monsterinsights_sitenote_category":0,"site-sidebar-layout":"default","site-content-layout":"default","ast-site-content-layout":"default","site-content-style":"default","site-sidebar-style":"default","ast-global-header-display":"","ast-banner-title-visibility":"","ast-main-header-display":"","ast-hfb-above-header-display":"","ast-hfb-below-header-display":"","ast-hfb-mobile-header-display":"","site-post-title":"","ast-breadcrumbs-content":"","ast-featured-img":"","footer-sml-layout":"","theme-transparent-header-meta":"default","adv-header-id-meta":"","stick-header-meta":"","header-above-stick-meta":"","header-main-stick-meta":"","header-below-stick-meta":"","astra-migrate-meta-layouts":"set","ast-page-background-enabled":"default","ast-page-background-meta":{"desktop":{"background-color":"","background-image":"","background-repeat":"repeat","background-position":"center center","background-size":"auto","background-attachment":"scroll","background-type":"","background-media":"","overlay-type":"","overlay-color":"","overlay-opacity":"","overlay-gradient":""},"tablet":{"background-color":"","background-image":"","background-repeat":"repeat","background-position":"center center","background-size":"auto","background-attachment":"scroll","background-type":"","background-media":"","overlay-type":"","overlay-color":"","overlay-opacity":"","overlay-gradient":""},"mobile":{"background-color":"","background-image":"","background-repeat":"repeat","background-position":"center center","background-size":"auto","background-attachment":"scroll","background-type":"","background-media":"","overlay-type":"","overlay-color":"","overlay-opacity":"","overlay-gradient":""}},"ast-content-background-meta":{"desktop":{"background-color":"var(--ast-global-color-5)","background-image":"","background-repeat":"repeat","background-position":"center center","background-size":"auto","background-attachment":"scroll","background-type":"","background-media":"","overlay-type":"","overlay-color":"","overlay-opacity":"","overlay-gradient":""},"tablet":{"background-color":"var(--ast-global-color-5)","background-image":"","background-repeat":"repeat","background-position":"center center","background-size":"auto","background-attachment":"scroll","background-type":"","background-media":"","overlay-type":"","overlay-color":"","overlay-opacity":"","overlay-gradient":""},"mobile":{"background-color":"var(--ast-global-color-5)","background-image":"","background-repeat":"repeat","background-position":"center center","background-size":"auto","background-attachment":"scroll","background-type":"","background-media":"","overlay-type":"","overlay-color":"","overlay-opacity":"","overlay-gradient":""}}},"product_brand":[],"product_cat":[58,60],"product_tag":[],"class_list":{"0":"post-5462","1":"product","2":"type-product","3":"status-publish","4":"has-post-thumbnail","6":"product_cat-all","7":"product_cat-detox","8":"desktop-align-center","9":"tablet-align-center","10":"mobile-align-center","12":"first","13":"instock","14":"shipping-taxable","15":"product-type-external"},"_links":{"self":[{"href":"https:\/\/coralforyou.eu\/fr\/wp-json\/wp\/v2\/product\/5462","targetHints":{"allow":["GET"]}}],"collection":[{"href":"https:\/\/coralforyou.eu\/fr\/wp-json\/wp\/v2\/product"}],"about":[{"href":"https:\/\/coralforyou.eu\/fr\/wp-json\/wp\/v2\/types\/product"}],"replies":[{"embeddable":true,"href":"https:\/\/coralforyou.eu\/fr\/wp-json\/wp\/v2\/comments?post=5462"}],"version-history":[{"count":0,"href":"https:\/\/coralforyou.eu\/fr\/wp-json\/wp\/v2\/product\/5462\/revisions"}],"wp:featuredmedia":[{"embeddable":true,"href":"https:\/\/coralforyou.eu\/fr\/wp-json\/wp\/v2\/media\/6283"}],"wp:attachment":[{"href":"https:\/\/coralforyou.eu\/fr\/wp-json\/wp\/v2\/media?parent=5462"}],"wp:term":[{"taxonomy":"product_brand","embeddable":true,"href":"https:\/\/coralforyou.eu\/fr\/wp-json\/wp\/v2\/product_brand?post=5462"},{"taxonomy":"product_cat","embeddable":true,"href":"https:\/\/coralforyou.eu\/fr\/wp-json\/wp\/v2\/product_cat?post=5462"},{"taxonomy":"product_tag","embeddable":true,"href":"https:\/\/coralforyou.eu\/fr\/wp-json\/wp\/v2\/product_tag?post=5462"}],"curies":[{"name":"wp","href":"https:\/\/api.w.org\/{rel}","templated":true}]}}