{"id":5463,"date":"2022-12-23T11:56:58","date_gmt":"2022-12-23T11:56:58","guid":{"rendered":"https:\/\/coralforyou.eu\/?post_type=product&#038;p=5463"},"modified":"2024-07-08T15:31:12","modified_gmt":"2024-07-08T15:31:12","slug":"parafight-coral-club","status":"publish","type":"product","link":"https:\/\/coralforyou.eu\/fr\/produit\/parafight-coral-club\/","title":{"rendered":"ParaFight Coral Club - nettoyage naturel des parasites"},"content":{"rendered":"<h1><b><a href=\"https:\/\/coralforyou.eu\/fr\/\"><span class=\"\">ParaFight Coral Club<\/span><\/a><span class=\"\">\u00a0\u00a0\u2013 nettoyage naturel des parasites<\/span><\/b><\/h1>\n<p>ParaFight est un compl\u00e9ment alimentaire con\u00e7u pour favoriser la sant\u00e9 et le bien-\u00eatre en favorisant la d\u00e9sintoxication et l&#039;\u00e9limination naturelle des parasites. Le produit est un agent antiparasitaire puissant qui optimise le travail du tube digestif et intensifie l&#039;effet vermifuge.<\/p>\n<h2>ParaFight - composition et avantages<\/h2>\n<p>L&#039;ingr\u00e9dient principal du produit est un extrait du p\u00e9ricarpe et des feuilles de noyer noir et de juglone. Les feuilles de noyer noir sont connues pour leur ar\u00f4me audacieux et ont \u00e9t\u00e9 associ\u00e9es \u00e0 de nombreux avantages pour la sant\u00e9, tels qu&#039;un risque r\u00e9duit de maladie cardiaque et de perte de poids. Les propri\u00e9t\u00e9s antioxydantes et antibact\u00e9riennes des noix noires les rendent utiles dans le traitement naturel des infections parasitaires et bact\u00e9riennes.<\/p>\n<p>Un autre ingr\u00e9dient important du produit Parafight est la juglone, qui inhibe activement l&#039;action des bact\u00e9ries et des champignons pathog\u00e8nes. Il aide \u00e0 am\u00e9liorer la fonction intestinale et assure la formation d&#039;un si\u00e8ge mou. Les flavono\u00efdes et la teinture d\u00e9tendent les muscles lisses, r\u00e9duisent l&#039;irritation et l&#039;inflammation des muqueuses et contribuent \u00e0 leur r\u00e9g\u00e9n\u00e9ration.<\/p>\n<p>En plus de l&#039;effet antiparasitaire, Parafight a un effet global sur tout le corps. De nombreux consommateurs ont signal\u00e9 qu&#039;il s&#039;agissait d&#039;un b\u00e9b\u00e9 miracle en termes d&#039;efficacit\u00e9 et de bienfaits pour la sant\u00e9 en g\u00e9n\u00e9ral.<\/p>\n<p>Il est recommand\u00e9 de l&#039;utiliser sous la supervision d&#039;un professionnel de la sant\u00e9 et en compl\u00e9ment d&#039;un mode de vie sain.<\/p>\n<h3><strong>Avantages d&#039;utiliser Parafight :<\/strong><\/h3>\n<ul>\n<li>Effet nettoyant naturel des parasites : Le produit est con\u00e7u pour combattre et \u00e9liminer les infections parasitaires dans le corps.<\/li>\n<li>Am\u00e9lioration de la fonction digestive : Les principes actifs contenus dans Parafight permettent d&#039;optimiser la fonction du tube digestif et d&#039;am\u00e9liorer la r\u00e9gularit\u00e9 des selles.<\/li>\n<li>Intensification de l&#039;effet vermifuge : Le produit aide \u00e0 \u00e9liminer les \u00e9l\u00e9ments ind\u00e9sirables et les toxines du corps, ce qui peut aider \u00e0 maintenir la sant\u00e9 et le bon \u00e9tat plus longtemps.<\/li>\n<li>Propri\u00e9t\u00e9s antioxydantes et antibact\u00e9riennes : Les feuilles de noyer noir, un ingr\u00e9dient cl\u00e9 du produit, contiennent des propri\u00e9t\u00e9s antioxydantes et antibact\u00e9riennes qui aident \u00e0 prot\u00e9ger le corps contre diverses maladies.<\/li>\n<li>R\u00e9duction du risque de maladie cardiaque : Les feuilles de noyer noir sont connues pour r\u00e9duire le risque de maladie cardiaque.<\/li>\n<li>Perte de poids : On dit que le produit aide \u00e0 perdre du poids en r\u00e9duisant l&#039;app\u00e9tit et la digestion.<\/li>\n<li>Augmentation des niveaux d&#039;\u00e9nergie\u00a0: le produit augmente la capacit\u00e9 du corps \u00e0 \u00e9liminer les toxines, ce qui peut \u00e0 son tour aider \u00e0 am\u00e9liorer les niveaux d&#039;\u00e9nergie.<\/li>\n<li>Am\u00e9lioration du bien-\u00eatre g\u00e9n\u00e9ral : de nombreux consommateurs ont signal\u00e9 que l&#039;utilisation de Parafight les avait aid\u00e9s \u00e0 se sentir mieux dans l&#039;ensemble, r\u00e9duisant les sympt\u00f4mes de certaines conditions.<\/li>\n<\/ul>\n<p>Il convient de mentionner que, comme pour tout compl\u00e9ment alimentaire, il est important de consulter votre professionnel de la sant\u00e9 avant de prendre Parafight pour vous assurer qu&#039;il vous convient et de discuter de toute interaction potentielle avec d&#039;autres m\u00e9dicaments ou suppl\u00e9ments que vous pourriez prendre.<\/p>\n<h3>ParaFight - qui peut l&#039;utiliser ?<\/h3>\n<p>Parafight est un produit anti-parasitaire destin\u00e9 aux personnes pouvant \u00eatre \u00e0 risque d&#039;infections parasitaires ou pouvant d\u00e9velopper des sympt\u00f4mes d&#039;une infection parasitaire. L&#039;utilisation sous la supervision d&#039;un professionnel de la sant\u00e9 est recommand\u00e9e. Il est b\u00e9n\u00e9fique pour les personnes qui souhaitent optimiser le travail du tube digestif et augmenter l&#039;effet vermifuge, et est \u00e9galement recommand\u00e9 comme pr\u00e9vention g\u00e9n\u00e9rale de l&#039;organisme.<\/p>\n<h3>Revues Parafight<\/h3>\n<h5>Que disent les consommateurs de ce produit ?<\/h5>\n<blockquote><p>\u00ab J&#039;utilise Parafight depuis quelques semaines maintenant et j&#039;ai d\u00e9j\u00e0 remarqu\u00e9 une am\u00e9lioration significative de ma digestion et de mon bien-\u00eatre. Le produit se compose d&#039;ingr\u00e9dients naturels tels que les feuilles de noyer noir et la juglone, qui, ensemble, combattent efficacement les infections parasitaires.<\/p>\n<p>J&#039;appr\u00e9cie \u00e9galement qu&#039;il aide \u00e0 am\u00e9liorer la fonction globale de mon tube digestif. Je recommande fortement ce produit \u00e0 tous ceux qui recherchent un moyen naturel de lutter contre les infections parasitaires. <strong>E<\/strong><b>va, 23 ans<\/b><\/p>\n<p>\u201cJ&#039;ai r\u00e9cemment commenc\u00e9 \u00e0 utiliser Parafight et je suis tr\u00e8s satisfait des r\u00e9sultats. En tant que personne sujette aux infections parasitaires, je cherchais une solution naturelle et efficace \u00e0 ce probl\u00e8me. Parafight contient un puissant m\u00e9lange d&#039;ingr\u00e9dients tels que les feuilles de noyer noir et la juglone qui ont des propri\u00e9t\u00e9s antiparasitaires et antibact\u00e9riennes.<\/p>\n<p>Depuis que j&#039;ai commenc\u00e9 \u00e0 utiliser ce suppl\u00e9ment, j&#039;ai remarqu\u00e9 une am\u00e9lioration de ma digestion globale et de ma r\u00e9gularit\u00e9 intestinale. Je me sens aussi plus \u00e9nergique et moins sujette aux infections. J&#039;appr\u00e9cie qu&#039;il soit compos\u00e9 d&#039;ingr\u00e9dients naturels et qu&#039;il favorise la sant\u00e9 et le bien-\u00eatre en g\u00e9n\u00e9ral.<\/p>\n<p>Veuillez noter qu&#039;il est important de suivre la posologie recommand\u00e9e et de consulter votre professionnel de la sant\u00e9 avant l&#039;utilisation, surtout si vous \u00eates enceinte ou si vous avez des probl\u00e8mes de sant\u00e9. Dans l&#039;ensemble, je recommande fortement Parafight \u00e0 tous ceux qui recherchent un moyen naturel et efficace de soutenir leur sant\u00e9 et leur bien-\u00eatre en g\u00e9n\u00e9ral. <strong>Marquer<\/strong><b>, 38 ans<\/b><\/p><\/blockquote>\n<h3>ParaFight - o\u00f9 acheter et \u00e0 quel prix ?<\/h3>\n<p>Parafight est un produit exclusif Coral Club et ne peut \u00eatre achet\u00e9 que dans les magasins officiels Coral Club -\u00a0<a href=\"https:\/\/pl.coral.club\/shop\/parafight.html?language=pl&amp;REF_CODE=160536579867&amp;utm_source=copy-link&amp;utm_medium=prod-recom\" target=\"_blank\" rel=\"noopener nofollow\">ICI<\/a>\u00a0. Nous vous conseillons vivement d&#039;\u00e9viter toute plate-forme tierce comme Amazon ou E-bay. De plus, si vous achetez le produit\u00a0\u00a0<a href=\"https:\/\/pl.coral.club\/shop\/parafight.html?language=pl&amp;REF_CODE=160536579867&amp;utm_source=copy-link&amp;utm_medium=prod-recom\" target=\"_blank\" rel=\"noopener nofollow\">ICI<\/a>\u00a0, vous obtiendrez le prix Parafight 20% inf\u00e9rieur.<\/p>\n<p>IMPORTANT : Les compl\u00e9ments alimentaires ne peuvent pas se substituer \u00e0 une alimentation vari\u00e9e. Le compl\u00e9ment alimentaire doit \u00eatre conserv\u00e9 hors de port\u00e9e des jeunes enfants. Ne pas utiliser en cas d&#039;intol\u00e9rance \u00e0 l&#039;un des ingr\u00e9dients du compl\u00e9ment alimentaire.\u00a0<span class=\"VIpgJd-yAWNEb-VIpgJd-fmcmS-sn54Q\">CE PRODUIT N&#039;EST PAS DESTIN\u00c9 \u00c0 DIAGNOSTIQUER, TRAITER OU PR\u00c9VENIR TOUTE MALADIE.<\/span><\/p>\n<p>&nbsp;<\/p>\n<h3 style=\"text-align: center;\"><a class=\"przycisk\" href=\"https:\/\/pl.coral.club\/shop\/parafight.html?language=pl&amp;REF_CODE=160536579867&amp;utm_source=copy-link&amp;utm_medium=prod-recom\" target=\"_blank\" rel=\"noopener nofollow\"><span class=\"VIpgJd-yAWNEb-VIpgJd-fmcmS-sn54Q\">ACHETER LE PARAFIGHT CORAL CLUB ICI<\/span><\/a><\/h3>","protected":false},"excerpt":{"rendered":"<p><span class=\"\">ParaFight est un compl\u00e9ment alimentaire con\u00e7u pour soutenir la sant\u00e9 et le bien-\u00eatre en g\u00e9n\u00e9ral en aidant \u00e0 la d\u00e9sintoxication.\u00a0<\/span>Le produit est un agent antiparasitaire puissant qui optimise le travail du tube digestif et intensifie l&#039;effet vermifuge.<\/p>","protected":false},"featured_media":5506,"comment_status":"open","ping_status":"closed","template":"","meta":{"_monsterinsights_skip_tracking":false,"_monsterinsights_sitenote_active":false,"_monsterinsights_sitenote_note":"","_monsterinsights_sitenote_category":0,"site-sidebar-layout":"default","site-content-layout":"default","ast-site-content-layout":"default","site-content-style":"default","site-sidebar-style":"default","ast-global-header-display":"","ast-banner-title-visibility":"","ast-main-header-display":"","ast-hfb-above-header-display":"","ast-hfb-below-header-display":"","ast-hfb-mobile-header-display":"","site-post-title":"","ast-breadcrumbs-content":"","ast-featured-img":"","footer-sml-layout":"","theme-transparent-header-meta":"default","adv-header-id-meta":"","stick-header-meta":"","header-above-stick-meta":"","header-main-stick-meta":"","header-below-stick-meta":"","astra-migrate-meta-layouts":"default","ast-page-background-enabled":"default","ast-page-background-meta":{"desktop":{"background-color":"","background-image":"","background-repeat":"repeat","background-position":"center center","background-size":"auto","background-attachment":"scroll","background-type":"","background-media":"","overlay-type":"","overlay-color":"","overlay-opacity":"","overlay-gradient":""},"tablet":{"background-color":"","background-image":"","background-repeat":"repeat","background-position":"center center","background-size":"auto","background-attachment":"scroll","background-type":"","background-media":"","overlay-type":"","overlay-color":"","overlay-opacity":"","overlay-gradient":""},"mobile":{"background-color":"","background-image":"","background-repeat":"repeat","background-position":"center center","background-size":"auto","background-attachment":"scroll","background-type":"","background-media":"","overlay-type":"","overlay-color":"","overlay-opacity":"","overlay-gradient":""}},"ast-content-background-meta":{"desktop":{"background-color":"var(--ast-global-color-5)","background-image":"","background-repeat":"repeat","background-position":"center center","background-size":"auto","background-attachment":"scroll","background-type":"","background-media":"","overlay-type":"","overlay-color":"","overlay-opacity":"","overlay-gradient":""},"tablet":{"background-color":"var(--ast-global-color-5)","background-image":"","background-repeat":"repeat","background-position":"center center","background-size":"auto","background-attachment":"scroll","background-type":"","background-media":"","overlay-type":"","overlay-color":"","overlay-opacity":"","overlay-gradient":""},"mobile":{"background-color":"var(--ast-global-color-5)","background-image":"","background-repeat":"repeat","background-position":"center center","background-size":"auto","background-attachment":"scroll","background-type":"","background-media":"","overlay-type":"","overlay-color":"","overlay-opacity":"","overlay-gradient":""}}},"product_brand":[],"product_cat":[58,60],"product_tag":[],"class_list":{"0":"post-5463","1":"product","2":"type-product","3":"status-publish","4":"has-post-thumbnail","6":"product_cat-all","7":"product_cat-detox","8":"desktop-align-center","9":"tablet-align-center","10":"mobile-align-center","12":"first","13":"instock","14":"shipping-taxable","15":"product-type-external"},"_links":{"self":[{"href":"https:\/\/coralforyou.eu\/fr\/wp-json\/wp\/v2\/product\/5463","targetHints":{"allow":["GET"]}}],"collection":[{"href":"https:\/\/coralforyou.eu\/fr\/wp-json\/wp\/v2\/product"}],"about":[{"href":"https:\/\/coralforyou.eu\/fr\/wp-json\/wp\/v2\/types\/product"}],"replies":[{"embeddable":true,"href":"https:\/\/coralforyou.eu\/fr\/wp-json\/wp\/v2\/comments?post=5463"}],"version-history":[{"count":0,"href":"https:\/\/coralforyou.eu\/fr\/wp-json\/wp\/v2\/product\/5463\/revisions"}],"wp:featuredmedia":[{"embeddable":true,"href":"https:\/\/coralforyou.eu\/fr\/wp-json\/wp\/v2\/media\/5506"}],"wp:attachment":[{"href":"https:\/\/coralforyou.eu\/fr\/wp-json\/wp\/v2\/media?parent=5463"}],"wp:term":[{"taxonomy":"product_brand","embeddable":true,"href":"https:\/\/coralforyou.eu\/fr\/wp-json\/wp\/v2\/product_brand?post=5463"},{"taxonomy":"product_cat","embeddable":true,"href":"https:\/\/coralforyou.eu\/fr\/wp-json\/wp\/v2\/product_cat?post=5463"},{"taxonomy":"product_tag","embeddable":true,"href":"https:\/\/coralforyou.eu\/fr\/wp-json\/wp\/v2\/product_tag?post=5463"}],"curies":[{"name":"wp","href":"https:\/\/api.w.org\/{rel}","templated":true}]}}