{"id":5464,"date":"2022-12-23T11:57:16","date_gmt":"2022-12-23T11:57:16","guid":{"rendered":"https:\/\/coralforyou.eu\/?post_type=product&#038;p=5464"},"modified":"2024-10-24T15:00:33","modified_gmt":"2024-10-24T15:00:33","slug":"promarine-collagen-peptides-coral-club","status":"publish","type":"product","link":"https:\/\/coralforyou.eu\/fr\/produit\/promarine-collagene-peptides-coral-club\/","title":{"rendered":"Promarine Collagen Peptides Coral Club"},"content":{"rendered":"<h1><a href=\"https:\/\/coralforyou.eu\/fr\/\"><span class=\"\">Promarine Collagen Peptides<\/span><\/a><span class=\"\">\u00a0Coral Club<\/span><\/h1>\n<p>Promarine Collagen Peptides est un compl\u00e9ment alimentaire innovant qui soutient la production de collag\u00e8ne dans le corps. Le collag\u00e8ne est une prot\u00e9ine essentielle qui joue un r\u00f4le cl\u00e9 dans le maintien de la sant\u00e9 et de l&#039;apparence de notre peau, de nos cheveux et de nos ongles. \u00c0 mesure que nous vieillissons, la production naturelle de collag\u00e8ne de notre corps diminue, ce qui entra\u00eene des rides, des cheveux clairsem\u00e9s et des ongles fragiles. Les peptides de collag\u00e8ne promarin, d\u00e9riv\u00e9s du collag\u00e8ne marin, aident \u00e0 reconstituer les niveaux de collag\u00e8ne dans le corps, \u00e0 restaurer l&#039;\u00e9lasticit\u00e9 de la peau, \u00e0 renforcer les cheveux et les ongles et \u00e0 am\u00e9liorer l&#039;\u00e9tat g\u00e9n\u00e9ral de la peau. Lorsqu&#039;ils sont utilis\u00e9s r\u00e9guli\u00e8rement, les peptides de collag\u00e8ne promarin peuvent aider \u00e0 rajeunir le corps, vous laissant vous sentir et para\u00eetre plus jeune.<\/p>\n<ul>\n<li><strong>Que sont les peptides de collag\u00e8ne promarin ?<\/strong><\/li>\n<li><strong>Composition et bienfaits de la consommation de Peptides de Collag\u00e8ne Promarin ?<\/strong><\/li>\n<li><strong>Qui peut utiliser les peptides de collag\u00e8ne promarin ?<\/strong><\/li>\n<li><strong>Que disent les consommateurs de ce produit ?<\/strong><\/li>\n<li><strong>O\u00f9 et \u00e0 quel prix puis-je acheter des peptides de collag\u00e8ne promarin ?<\/strong><\/li>\n<\/ul>\n<p><img data-opt-id=173465625  fetchpriority=\"high\" decoding=\"async\" class=\"alignnone size-large wp-image-5515\" src=\"https:\/\/mlccfyajnfvu.i.optimole.com\/w:1024\/h:1024\/q:mauto\/f:best\/https:\/\/coralforyou.eu\/wp-content\/uploads\/2022\/12\/promarine54.jpeg\" alt=\"\" width=\"1024\" height=\"1024\" srcset=\"https:\/\/mlccfyajnfvu.i.optimole.com\/w:1024\/h:1024\/q:mauto\/f:best\/https:\/\/coralforyou.eu\/wp-content\/uploads\/2022\/12\/promarine54.jpeg 1024w, https:\/\/mlccfyajnfvu.i.optimole.com\/w:300\/h:300\/q:mauto\/f:best\/https:\/\/coralforyou.eu\/wp-content\/uploads\/2022\/12\/promarine54.jpeg 300w, https:\/\/mlccfyajnfvu.i.optimole.com\/w:150\/h:150\/q:mauto\/f:best\/https:\/\/coralforyou.eu\/wp-content\/uploads\/2022\/12\/promarine54.jpeg 150w, https:\/\/mlccfyajnfvu.i.optimole.com\/w:768\/h:768\/q:mauto\/f:best\/https:\/\/coralforyou.eu\/wp-content\/uploads\/2022\/12\/promarine54.jpeg 768w, https:\/\/mlccfyajnfvu.i.optimole.com\/w:600\/h:600\/q:mauto\/f:best\/https:\/\/coralforyou.eu\/wp-content\/uploads\/2022\/12\/promarine54.jpeg 600w, https:\/\/mlccfyajnfvu.i.optimole.com\/w:100\/h:100\/q:mauto\/f:best\/https:\/\/coralforyou.eu\/wp-content\/uploads\/2022\/12\/promarine54.jpeg 100w, https:\/\/mlccfyajnfvu.i.optimole.com\/w:1080\/h:1080\/q:mauto\/f:best\/https:\/\/coralforyou.eu\/wp-content\/uploads\/2022\/12\/promarine54.jpeg 1080w\" sizes=\"(max-width: 1000px) 100vw, 1000px\" \/><\/p>\n<h2><strong>Peptides de collag\u00e8ne promarin - composition et action<\/strong><\/h2>\n<p>Les peptides de collag\u00e8ne promarin ne contiennent que des ingr\u00e9dients naturels qui ne nuisent pas \u00e0 votre sant\u00e9. A cet effet, ce produit a un go\u00fbt, une texture et une couleur agr\u00e9ables. La formule am\u00e9lior\u00e9e de Promarine Collagen Peptides contient des vitamines C, B6 et B7 (biotine), qui stimulent la production de collag\u00e8ne dans le corps.<span class=\"Apple-converted-space\">\u00a0<\/span><\/p>\n<h6>Les peptides de collag\u00e8ne ont plusieurs avantages pour le corps. Ils peuvent aider :<\/h6>\n<ol>\n<li>Am\u00e9liorer l&#039;\u00e9lasticit\u00e9 et l&#039;hydratation de la peau, ce qui peut r\u00e9duire l&#039;apparence des rides et des ridules.<\/li>\n<li>Soutenir la sant\u00e9 et la force des cheveux et des ongles.<\/li>\n<li>Am\u00e9liore la sant\u00e9 et la mobilit\u00e9 des articulations en soutenant la sant\u00e9 du cartilage et des tendons.<\/li>\n<li>Soutenez la sant\u00e9 intestinale en favorisant la croissance de bact\u00e9ries b\u00e9n\u00e9fiques dans votre intestin.<\/li>\n<li>Am\u00e9liorer la sant\u00e9 des os en favorisant la croissance et le maintien du tissu osseux.<\/li>\n<li>Soutien de la masse musculaire globale et de la fonction.<\/li>\n<li>Il favorise l&#039;amincissement et am\u00e9liore le m\u00e9tabolisme.<\/li>\n<li>Am\u00e9liorer le sommeil et r\u00e9duire le stress.<\/li>\n<li>Am\u00e9liorer la r\u00e9cup\u00e9ration apr\u00e8s l&#039;exercice et les blessures.<\/li>\n<li>Il peut \u00e9galement aider \u00e0 r\u00e9duire la cellulite et les vergetures.<\/li>\n<li>Il convient de noter que l&#039;efficacit\u00e9 des peptides de collag\u00e8ne peut varier en fonction du produit sp\u00e9cifique, du dosage et de l&#039;\u00e9tat de sant\u00e9 individuel. Il est toujours pr\u00e9f\u00e9rable de consulter votre professionnel de la sant\u00e9 avant de commencer tout r\u00e9gime de suppl\u00e9mentation.<\/li>\n<\/ol>\n<h3><strong>Promarine Collagen Peptides  - qui peut utiliser le produit ?<\/strong><\/h3>\n<p>Les peptides de collag\u00e8ne promarin peuvent \u00eatre utilis\u00e9s par des personnes de tous \u00e2ges qui souhaitent soutenir la sant\u00e9 et l&#039;apparence de leur peau, de leurs cheveux et de leurs ongles. Ceci est particuli\u00e8rement b\u00e9n\u00e9fique pour les personnes \u00e2g\u00e9es car la production naturelle de collag\u00e8ne du corps diminue avec l&#039;\u00e2ge. Il peut \u00e9galement \u00eatre b\u00e9n\u00e9fique pour ceux qui ont des probl\u00e8mes particuliers tels que les cheveux clairsem\u00e9s, les ongles cassants et les rides. Il est recommand\u00e9 de consulter un m\u00e9decin avant de prendre le suppl\u00e9ment.<\/p>\n<p><img data-opt-id=725975103  fetchpriority=\"high\" decoding=\"async\" class=\"size-large wp-image-5503\" src=\"https:\/\/mlccfyajnfvu.i.optimole.com\/w:1024\/h:313\/q:mauto\/f:best\/https:\/\/coralforyou.eu\/wp-content\/uploads\/2022\/12\/promarine-3-Large.png\" alt=\"Promarine Collagen Peptides\" width=\"1024\" height=\"313\" srcset=\"https:\/\/mlccfyajnfvu.i.optimole.com\/w:1024\/h:313\/q:mauto\/f:best\/https:\/\/coralforyou.eu\/wp-content\/uploads\/2022\/12\/promarine-3-Large.png 1024w, https:\/\/mlccfyajnfvu.i.optimole.com\/w:300\/h:92\/q:mauto\/f:best\/https:\/\/coralforyou.eu\/wp-content\/uploads\/2022\/12\/promarine-3-Large.png 300w, https:\/\/mlccfyajnfvu.i.optimole.com\/w:768\/h:235\/q:mauto\/f:best\/https:\/\/coralforyou.eu\/wp-content\/uploads\/2022\/12\/promarine-3-Large.png 768w, https:\/\/mlccfyajnfvu.i.optimole.com\/w:600\/h:183\/q:mauto\/f:best\/https:\/\/coralforyou.eu\/wp-content\/uploads\/2022\/12\/promarine-3-Large.png 600w, https:\/\/mlccfyajnfvu.i.optimole.com\/w:1280\/h:391\/q:mauto\/f:best\/https:\/\/coralforyou.eu\/wp-content\/uploads\/2022\/12\/promarine-3-Large.png 1280w\" sizes=\"(max-width: 1000px) 100vw, 1000px\" \/><\/p>\n<h3><strong>Promarine Collagen Peptides \u2013 avis<\/strong><\/h3>\n<h5>Que disent les consommateurs de ce produit ?<\/h5>\n<blockquote><p>&quot;J&#039;utilise les peptides de collag\u00e8ne Promarine depuis plusieurs mois et j&#039;ai remarqu\u00e9 une am\u00e9lioration significative de la sant\u00e9 globale et de l&#039;apparence de ma peau, de mes cheveux et de mes ongles. La poudre se dissout facilement dans les liquides et a un go\u00fbt neutre, ce qui la rend facile \u00e0 ajouter \u00e0 ma routine quotidienne. J&#039;ai \u00e9galement remarqu\u00e9 une r\u00e9duction des douleurs articulaires et une augmentation du temps de r\u00e9cup\u00e9ration musculaire apr\u00e8s l&#039;exercice. Je recommande fortement ce produit \u00e0 tous ceux qui cherchent \u00e0 augmenter leur apport en collag\u00e8ne et \u00e0 am\u00e9liorer leur sant\u00e9 et leur apparence en g\u00e9n\u00e9ral.\u00a0<b>Dominique, 31 ans.<\/b><\/p>\n<p>&quot;J&#039;utilise les peptides de collag\u00e8ne Promarine depuis plusieurs mois et je suis impressionn\u00e9 par les effets. En vieillissant, j&#039;ai remarqu\u00e9 que ma peau perdait une partie de son \u00e9lasticit\u00e9 et que mes cheveux s&#039;affaiblissaient. Apr\u00e8s avoir incorpor\u00e9 ce suppl\u00e9ment dans ma routine quotidienne, j&#039;ai remarqu\u00e9 une am\u00e9lioration significative de l&#039;apparence et de la force de ma peau, de mes cheveux et de mes ongles. La poudre se dissout facilement dans les liquides et a une saveur douce, ce qui la rend facile \u00e0 ajouter \u00e0 votre smoothie ou caf\u00e9 du matin. Je recommande fortement les peptides de collag\u00e8ne Promarine \u00e0 tous ceux qui souhaitent am\u00e9liorer la sant\u00e9 et l&#039;apparence de leur peau, de leurs cheveux et de leurs ongles. C&#039;est un excellent ajout \u00e0 ma suppl\u00e9mentation quotidienne et je continuerai certainement \u00e0 l&#039;utiliser.\u00a0<b>Miranda, 52 ans.<\/b><\/p>\n<p>\u00ab Les peptides de collag\u00e8ne promarins sont une r\u00e9volution dans le monde des compl\u00e9ments alimentaires. En tant que personne qui a lutt\u00e9 contre l&#039;amincissement des cheveux et le vieillissement de la peau, j&#039;ai \u00e9t\u00e9 intrigu\u00e9e par les promesses de ce produit. Apr\u00e8s seulement quelques semaines d&#039;utilisation r\u00e9guli\u00e8re, j&#039;ai remarqu\u00e9 une am\u00e9lioration notable de l&#039;\u00e9tat de mes cheveux, de ma peau et de mes ongles. Mes cheveux sont plus forts et moins sujets \u00e0 la casse, ma peau est plus hydrat\u00e9e et a un \u00e9clat plus sain, et mes ongles sont plus forts et moins cassants.<\/p>\n<p>L&#039;une des choses que j&#039;aime \u00e0 propos des peptides de collag\u00e8ne promarin est qu&#039;il s&#039;agit d&#039;une prot\u00e9ine naturelle qui est synth\u00e9tis\u00e9e par notre corps, ce qui facilite son absorption et son utilisation. La forme en poudre du produit est \u00e9galement tr\u00e8s pratique \u00e0 utiliser, je le m\u00e9lange simplement avec de l&#039;eau ou du jus et le prends tous les matins.<\/p>\n<p>Je recommande fortement les peptides de collag\u00e8ne Promarine \u00e0 tous ceux qui souhaitent am\u00e9liorer la sant\u00e9 et l&#039;apparence de leurs cheveux, de leur peau et de leurs ongles. C&#039;est un moyen s\u00fbr et efficace de soutenir la production naturelle de collag\u00e8ne de votre corps, ce qui est particuli\u00e8rement important avec l&#039;\u00e2ge. Dans l&#039;ensemble, c&#039;est un excellent produit et je continuerai certainement \u00e0 l&#039;utiliser dans ma routine quotidienne.\u00a0<b>Kamila, 42 ans.<\/b><\/p><\/blockquote>\n<h3><img data-opt-id=104111595  fetchpriority=\"high\" decoding=\"async\" class=\"alignnone wp-image-5502 size-large\" src=\"https:\/\/mlccfyajnfvu.i.optimole.com\/w:1024\/h:528\/q:mauto\/f:best\/https:\/\/coralforyou.eu\/wp-content\/uploads\/2022\/12\/Screenshot-2023-01-14-at-02.20.46-Large.jpeg\" alt=\"\" width=\"1024\" height=\"528\" srcset=\"https:\/\/mlccfyajnfvu.i.optimole.com\/w:1024\/h:528\/q:mauto\/f:best\/https:\/\/coralforyou.eu\/wp-content\/uploads\/2022\/12\/Screenshot-2023-01-14-at-02.20.46-Large.jpeg 1024w, https:\/\/mlccfyajnfvu.i.optimole.com\/w:300\/h:155\/q:mauto\/f:best\/https:\/\/coralforyou.eu\/wp-content\/uploads\/2022\/12\/Screenshot-2023-01-14-at-02.20.46-Large.jpeg 300w, https:\/\/mlccfyajnfvu.i.optimole.com\/w:768\/h:396\/q:mauto\/f:best\/https:\/\/coralforyou.eu\/wp-content\/uploads\/2022\/12\/Screenshot-2023-01-14-at-02.20.46-Large.jpeg 768w, https:\/\/mlccfyajnfvu.i.optimole.com\/w:600\/h:309\/q:mauto\/f:best\/https:\/\/coralforyou.eu\/wp-content\/uploads\/2022\/12\/Screenshot-2023-01-14-at-02.20.46-Large.jpeg 600w, https:\/\/mlccfyajnfvu.i.optimole.com\/w:1280\/h:660\/q:mauto\/f:best\/https:\/\/coralforyou.eu\/wp-content\/uploads\/2022\/12\/Screenshot-2023-01-14-at-02.20.46-Large.jpeg 1280w\" sizes=\"(max-width: 1000px) 100vw, 1000px\" \/><\/h3>\n<h3><\/h3>\n<h3><strong>Promarine Collagen Peptides - o\u00f9 acheter et \u00e0 quel prix ?<\/strong><\/h3>\n<p>Promarine Collagen Peptides est un produit exclusif Coral Club qui ne peut \u00eatre achet\u00e9 que dans les magasins officiels Coral Club -\u00a0<a href=\"https:\/\/pl.coral.club\/shop\/promarine-collagen-peptides-.html?language=pl&amp;REF_CODE=160536579867&amp;offer=226003&amp;utm_source=copy-link&amp;utm_medium=prod-recom\" target=\"_blank\" rel=\"noopener nofollow\">ICI<\/a>\u00a0. Nous vous conseillons vivement d&#039;\u00e9viter toute plate-forme tierce comme Amazon ou E-bay. De plus, si vous achetez le produit\u00a0\u00a0<a href=\"https:\/\/pl.coral.club\/shop\/promarine-collagen-peptides-.html?language=pl&amp;REF_CODE=160536579867&amp;offer=226003&amp;utm_source=copy-link&amp;utm_medium=prod-recom\" target=\"_blank\" rel=\"noopener nofollow\">ICI<\/a>\u00a0, vous obtiendrez le prix Promarine avec un prix inf\u00e9rieur 20%.<\/p>\n<p>IMPORTANT : Les compl\u00e9ments alimentaires ne peuvent pas se substituer \u00e0 une alimentation vari\u00e9e. Le compl\u00e9ment alimentaire doit \u00eatre conserv\u00e9 hors de port\u00e9e des jeunes enfants. Ne pas utiliser en cas d&#039;intol\u00e9rance \u00e0 l&#039;un des ingr\u00e9dients du compl\u00e9ment alimentaire. CE PRODUIT N&#039;EST PAS DESTIN\u00c9 \u00c0 DIAGNOSTIQUER, TRAITER OU PR\u00c9VENIR TOUTE MALADIE.<\/p>\n<p>&nbsp;<\/p>\n<div class=\"woocommerce-tabs wc-tabs-wrapper\">\n<div id=\"tab-description\" class=\"woocommerce-Tabs-panel woocommerce-Tabs-panel--description panel entry-content wc-tab\" role=\"tabpanel\" aria-labelledby=\"tab-title-description\">\n<h2 style=\"text-align: center;\"><a class=\"przycisk\" href=\"https:\/\/pl.coral.club\/shop\/promarine-collagen-peptides-.html?language=pl&amp;REF_CODE=160536579867&amp;offer=226003&amp;utm_source=copy-link&amp;utm_medium=prod-recom\" target=\"_blank\" rel=\"noopener nofollow\"><span class=\"VIpgJd-yAWNEb-VIpgJd-fmcmS-sn54Q\">ACHETER DES PEPTIDES DE COLLAG\u00c8NE PROMARINE ICI<\/span><\/a><\/h2>\n<\/div>\n<\/div>\n<section class=\"related products\"><\/section>","protected":false},"excerpt":{"rendered":"<p><span class=\"VIpgJd-yAWNEb-VIpgJd-fmcmS-sn54Q\">Promarine Collagen Peptides est un compl\u00e9ment alimentaire innovant qui soutient la production de collag\u00e8ne dans le corps.\u00a0<\/span>Le collag\u00e8ne est une prot\u00e9ine essentielle qui joue un r\u00f4le cl\u00e9 dans le maintien de la sant\u00e9 et de l&#039;apparence de notre peau, de nos cheveux et de nos ongles. \u00c0 mesure que nous vieillissons, la production naturelle de collag\u00e8ne de notre corps diminue, ce qui entra\u00eene des rides, des cheveux clairsem\u00e9s et des ongles fragiles. Les peptides de collag\u00e8ne promarin, d\u00e9riv\u00e9s du collag\u00e8ne marin, aident \u00e0 reconstituer les niveaux de collag\u00e8ne dans le corps, \u00e0 restaurer l&#039;\u00e9lasticit\u00e9 de la peau, \u00e0 renforcer les cheveux et les ongles et \u00e0 am\u00e9liorer la sant\u00e9 globale de la peau. Lorsqu&#039;ils sont utilis\u00e9s r\u00e9guli\u00e8rement, les peptides de collag\u00e8ne promarin peuvent aider \u00e0 rajeunir le corps, vous laissant vous sentir et para\u00eetre plus jeune.<\/p>","protected":false},"featured_media":6263,"comment_status":"open","ping_status":"closed","template":"","meta":{"_monsterinsights_skip_tracking":false,"_monsterinsights_sitenote_active":false,"_monsterinsights_sitenote_note":"","_monsterinsights_sitenote_category":0,"site-sidebar-layout":"default","site-content-layout":"default","ast-site-content-layout":"default","site-content-style":"default","site-sidebar-style":"default","ast-global-header-display":"","ast-banner-title-visibility":"","ast-main-header-display":"","ast-hfb-above-header-display":"","ast-hfb-below-header-display":"","ast-hfb-mobile-header-display":"","site-post-title":"","ast-breadcrumbs-content":"","ast-featured-img":"","footer-sml-layout":"","theme-transparent-header-meta":"default","adv-header-id-meta":"","stick-header-meta":"","header-above-stick-meta":"","header-main-stick-meta":"","header-below-stick-meta":"","astra-migrate-meta-layouts":"set","ast-page-background-enabled":"default","ast-page-background-meta":{"desktop":{"background-color":"","background-image":"","background-repeat":"repeat","background-position":"center center","background-size":"auto","background-attachment":"scroll","background-type":"","background-media":"","overlay-type":"","overlay-color":"","overlay-opacity":"","overlay-gradient":""},"tablet":{"background-color":"","background-image":"","background-repeat":"repeat","background-position":"center center","background-size":"auto","background-attachment":"scroll","background-type":"","background-media":"","overlay-type":"","overlay-color":"","overlay-opacity":"","overlay-gradient":""},"mobile":{"background-color":"","background-image":"","background-repeat":"repeat","background-position":"center center","background-size":"auto","background-attachment":"scroll","background-type":"","background-media":"","overlay-type":"","overlay-color":"","overlay-opacity":"","overlay-gradient":""}},"ast-content-background-meta":{"desktop":{"background-color":"var(--ast-global-color-5)","background-image":"","background-repeat":"repeat","background-position":"center center","background-size":"auto","background-attachment":"scroll","background-type":"","background-media":"","overlay-type":"","overlay-color":"","overlay-opacity":"","overlay-gradient":""},"tablet":{"background-color":"var(--ast-global-color-5)","background-image":"","background-repeat":"repeat","background-position":"center center","background-size":"auto","background-attachment":"scroll","background-type":"","background-media":"","overlay-type":"","overlay-color":"","overlay-opacity":"","overlay-gradient":""},"mobile":{"background-color":"var(--ast-global-color-5)","background-image":"","background-repeat":"repeat","background-position":"center center","background-size":"auto","background-attachment":"scroll","background-type":"","background-media":"","overlay-type":"","overlay-color":"","overlay-opacity":"","overlay-gradient":""}}},"product_brand":[],"product_cat":[58,56],"product_tag":[],"class_list":{"0":"post-5464","1":"product","2":"type-product","3":"status-publish","4":"has-post-thumbnail","6":"product_cat-all","7":"product_cat-collagen","8":"desktop-align-center","9":"tablet-align-center","10":"mobile-align-center","12":"first","13":"instock","14":"shipping-taxable","15":"product-type-external"},"_links":{"self":[{"href":"https:\/\/coralforyou.eu\/fr\/wp-json\/wp\/v2\/product\/5464","targetHints":{"allow":["GET"]}}],"collection":[{"href":"https:\/\/coralforyou.eu\/fr\/wp-json\/wp\/v2\/product"}],"about":[{"href":"https:\/\/coralforyou.eu\/fr\/wp-json\/wp\/v2\/types\/product"}],"replies":[{"embeddable":true,"href":"https:\/\/coralforyou.eu\/fr\/wp-json\/wp\/v2\/comments?post=5464"}],"version-history":[{"count":1,"href":"https:\/\/coralforyou.eu\/fr\/wp-json\/wp\/v2\/product\/5464\/revisions"}],"predecessor-version":[{"id":6437,"href":"https:\/\/coralforyou.eu\/fr\/wp-json\/wp\/v2\/product\/5464\/revisions\/6437"}],"wp:featuredmedia":[{"embeddable":true,"href":"https:\/\/coralforyou.eu\/fr\/wp-json\/wp\/v2\/media\/6263"}],"wp:attachment":[{"href":"https:\/\/coralforyou.eu\/fr\/wp-json\/wp\/v2\/media?parent=5464"}],"wp:term":[{"taxonomy":"product_brand","embeddable":true,"href":"https:\/\/coralforyou.eu\/fr\/wp-json\/wp\/v2\/product_brand?post=5464"},{"taxonomy":"product_cat","embeddable":true,"href":"https:\/\/coralforyou.eu\/fr\/wp-json\/wp\/v2\/product_cat?post=5464"},{"taxonomy":"product_tag","embeddable":true,"href":"https:\/\/coralforyou.eu\/fr\/wp-json\/wp\/v2\/product_tag?post=5464"}],"curies":[{"name":"wp","href":"https:\/\/api.w.org\/{rel}","templated":true}]}}