{"id":5457,"date":"2022-12-23T11:55:08","date_gmt":"2022-12-23T11:55:08","guid":{"rendered":"https:\/\/coralforyou.eu\/?post_type=product&#038;p=5457"},"modified":"2026-03-27T18:58:36","modified_gmt":"2026-03-27T18:58:36","slug":"b-luron-coral-club","status":"publish","type":"product","link":"https:\/\/coralforyou.eu\/ro\/produs\/b-luron-coral-club\/","title":{"rendered":"B-Luron Coral Club - colagen \u0219i articula\u021bii s\u0103n\u0103toase"},"content":{"rendered":"<h1><b><a href=\"https:\/\/coralforyou.eu\/ro\/\"><span class=\"VIpgJd-yAWNEb-VIpgJd-fmcmS-sn54Q\">B-Luron Coral Club<\/span><\/a><span class=\"VIpgJd-yAWNEb-VIpgJd-fmcmS-sn54Q\">\u00a0\u2013 colagen \u0219i articula\u021bii s\u0103n\u0103toase<\/span><\/b><\/h1>\n<p>B-Luron este un supliment alimentar pe baz\u0103 de acid hialuronic \u0219i complex de condroitin\u0103 (HCC). Este o realizare tehnologic\u0103 inovatoare a companiei germane Gramme-Revit GmbH \u0219i \u00ee\u0219i propune s\u0103 activeze produc\u021bia de lichid sinovial, care ajut\u0103 la reconstruc\u021bia cartilajului, ceea ce este foarte important pentru mobilitatea noastr\u0103.\u00a0<span class=\"Apple-converted-space\">Cu c\u00e2t te mi\u0219ti mai mult, cu at\u00e2t vei avea mai pu\u021bin\u0103 rigiditate \u0219i, desigur, mai mult\u0103 flexibilitate. Aceasta este regula de aur a s\u0103n\u0103t\u0103\u021bii articula\u021biilor.\u00a0<\/span><\/p>\n<p>Componentele \u0219i mecanismul B-Luron corespund principiilor principale ale medicinei \u201eortomoleculare\u201d. Acest principiu consta in refacerea si mentinerea sanatatii prin modificarea concentratiei de substante responsabile de sanatate.<span class=\"Apple-converted-space\">\u00a0<\/span><\/p>\n<p>Produc\u0103torul a reu\u0219it s\u0103 integreze o combina\u021bie sinergic\u0103 unic\u0103 a dou\u0103 blocuri principale pentru reconstruc\u021bia cartilajului (material elastic care ne protejeaz\u0103 articula\u021biile) - condroitina \u0219i acidul hialuronic. Important este c\u0103 afecteaz\u0103 toate articula\u021biile \u00eempreun\u0103 \u0219i nu \u00ee\u0219i pierde eficien\u021ba.<\/p>\n<p><img data-opt-id=445853632  fetchpriority=\"high\" decoding=\"async\" class=\"aligncenter wp-image-5520 size-full\" src=\"https:\/\/mlccfyajnfvu.i.optimole.com\/w:auto\/h:auto\/q:mauto\/f:best\/https:\/\/coralforyou.eu\/wp-content\/uploads\/2022\/12\/b-luron-8-Medium-1.jpeg\" alt=\"\" width=\"640\" height=\"640\" srcset=\"https:\/\/mlccfyajnfvu.i.optimole.com\/w:640\/h:640\/q:mauto\/f:best\/https:\/\/coralforyou.eu\/wp-content\/uploads\/2022\/12\/b-luron-8-Medium-1.jpeg 640w, https:\/\/mlccfyajnfvu.i.optimole.com\/w:300\/h:300\/q:mauto\/f:best\/https:\/\/coralforyou.eu\/wp-content\/uploads\/2022\/12\/b-luron-8-Medium-1.jpeg 300w, https:\/\/mlccfyajnfvu.i.optimole.com\/w:150\/h:150\/q:mauto\/f:best\/https:\/\/coralforyou.eu\/wp-content\/uploads\/2022\/12\/b-luron-8-Medium-1.jpeg 150w, https:\/\/mlccfyajnfvu.i.optimole.com\/w:600\/h:600\/q:mauto\/f:best\/https:\/\/coralforyou.eu\/wp-content\/uploads\/2022\/12\/b-luron-8-Medium-1.jpeg 600w, https:\/\/mlccfyajnfvu.i.optimole.com\/w:100\/h:100\/q:mauto\/f:best\/https:\/\/coralforyou.eu\/wp-content\/uploads\/2022\/12\/b-luron-8-Medium-1.jpeg 100w\" sizes=\"(max-width: 640px) 100vw, 640px\" \/><\/p>\n<h2>B-Luron \u2013\u00a0<b>Compozi\u021bie \u0219i beneficii\u00a0<\/b><b><span class=\"Apple-converted-space\">\u00a0<\/span><\/b><b><\/b><\/h2>\n<p>Acidul hialuronic \u0219i condroitina sunt ingredientele principale ale B-Luron: sulfat de condroitin: 300 mg, acid hialuronic: 150 mg, vitamina E: 15 mg, ingrediente suplimentare.<\/p>\n<p>Ambele ingrediente \u00eempreun\u0103 protejeaz\u0103 mult mai bine articula\u021biile. Dac\u0103 aceste substan\u021be sunt luate simultan, ele func\u021bioneaz\u0103 sinergic \u00eentre ele. Se completeaz\u0103 reciproc \u00een protec\u021bia \u0219i hr\u0103nirea \u021besutului cartilajului \u0219i func\u021bioneaz\u0103 incomparabil mai eficient dec\u00e2t fiecare dintre ele separat.<span class=\"Apple-converted-space\">\u00a0<\/span><\/p>\n<p>Datorit\u0103 structurii moleculare modificate, acidul hialuronic din HCC nu este distrus atunci c\u00e2nd este administrat, dar r\u0103m\u00e2ne stabil. A actioneaza pe de o parte ca o seringa, crescand mecanic cantitatea de acid hialuronic exogen din articulatie, iar pe de alta parte ca catalizator; activeaz\u0103 procesul de sintez\u0103 a acidului hialuronic propriu (endogen) de c\u0103tre condrocite. \u00cen acela\u0219i timp, HCC afecteaz\u0103 toate articula\u021biile simultan.<span class=\"Apple-converted-space\">\u00a0<\/span><\/p>\n<p>Prin urmare <a href=\"https:\/\/deincoral.de\/produkte\/b-luron-coral-club\/\" rel=\"noopener\">B-Luron<\/a> ajut\u0103 la men\u021binerea s\u0103n\u0103t\u0103\u021bii \u0219i mobilit\u0103\u021bii articula\u021biilor. O can\u0103 dozatoare de 30 ml de B-Luron (echivalent cu 450 mg HCC) trebuie luat\u0103 zilnic timp de o lun\u0103. \u00cembun\u0103t\u0103\u021birea nu este vizibil\u0103 imediat, poate fi mai vizibil\u0103 dup\u0103 2-3 s\u0103pt\u0103m\u00e2ni (sau mai t\u00e2rziu) c\u00e2nd nivelul acidului hialuronic este mai mare.<\/p>\n<h3><b>Cine poate folosi B-Luron?<\/b><\/h3>\n<p>Folosit ca supliment pentru intarirea acidului hialuronic, B-luron este un produs recomandat tuturor incepand cu varsta de 30 de ani. Acest produs poate fi folosit \u0219i pentru tratamente \u00een cazurile \u00een care:<\/p>\n<ul>\n<li>\n<ul>\n<li>Suferi\u021bi de artrit\u0103 \u0219i alte probleme articulare<span class=\"Apple-converted-space\">\u00a0<\/span><\/li>\n<li>Ave\u021bi probleme legate de v\u00e2rst\u0103 care v\u0103 afecteaz\u0103 articula\u021biile<span class=\"Apple-converted-space\">\u00a0<\/span><\/li>\n<li>Ai probleme cu greutatea la articula\u021bii<span class=\"Apple-converted-space\">\u00a0<\/span><\/li>\n<li>Articula\u021biile tale se confrunt\u0103 cu o presiune excesiv\u0103 din cauza greut\u0103\u021bii, a muncii sau a exerci\u021biilor fizice<span class=\"Apple-converted-space\">\u00a0<\/span><\/li>\n<li>Te angajezi \u00een activit\u0103\u021bi \u0219i competi\u021bii sportive intense<span class=\"Apple-converted-space\">\u00a0<\/span><\/li>\n<li>Ave\u021bi patologii de disc (protruzie, umflarea discului, colapsul discului)<span class=\"Apple-converted-space\">\u00a0<\/span><\/li>\n<li>Te afli in perioada de reabilitare dupa operatie articulara (igienizare artroscopica)<span class=\"Apple-converted-space\">\u00a0<\/span><\/li>\n<li>Suferi de \u201epicioare str\u00e2mbe\u201d \u0219i \u201ecioc\u0103nirea genunchilor\u201d<\/li>\n<li>Suferi\u021bi de osteocondropatie la adolescen\u021bi. Suferi de guta<span class=\"Apple-converted-space\">\u00a0<\/span><\/li>\n<\/ul>\n<\/li>\n<\/ul>\n<p>Este foarte important de men\u021bionat c\u0103 B-luron nu are efecte secundare \u0219i poate fi utilizat cu u\u0219urin\u021b\u0103 \u00eempreun\u0103 cu alte produse. Acest supliment natural poate fi combinat cu fizioterapie \u0219i medicamente pentru rezultate de lung\u0103 durat\u0103 - p\u00e2n\u0103 la 3-5 luni dup\u0103 tratament. Nu contine efecte secundare si este foarte usor de administrat.<\/p>\n<p>B-luron vizeaz\u0103 cauza principal\u0103 a problemelor articulare, lucreaz\u0103 la cel mai mic nivel pentru a corecta dezechilibrele la nivel molecular \u0219i ajut\u0103 fiecare articula\u021bie din organism.<\/p>\n<h3><b>Recenzii B-Luron:<\/b><\/h3>\n<h6><b>Ce spun consumatorii despre acest produs?<\/b><\/h6>\n<blockquote><p>&quot;\u00a0<i>Folosesc B-luron de trei luni \u0219i v\u0103d o \u00eembun\u0103t\u0103\u021bire uria\u0219\u0103 a articula\u021biilor mele. Am g\u0103sit acest produs din pur\u0103 \u00eent\u00e2mplare \u00een timp ce c\u0103utam cel mai bun supliment natural pentru tratarea artritei. F\u0103r\u0103 exagerare, acest produs \u00ee\u0219i face cu adev\u0103rat treaba. Am mai mult\u0103 flexibilitate, nu mai am dureri c\u00e2nd fac sport, iar genunchii nu mai scot zgomote de \u201etrosnituri\u201d. Recomand B-luron din toata inima<\/i> &quot;, <strong>Buna ziua<\/strong><strong>, 55 de ani<\/strong><\/p>\n<p>&quot;\u00a0<i>B-luron m-a ajutat literalmente s\u0103-mi recap\u0103t mobilitatea. Nu am putut s\u0103 m\u0103 mi\u0219c aproape o lun\u0103 din cauza unui mic accident \u00een aceast\u0103 toamn\u0103, iar ast\u0103zi m\u0103 bucur c\u0103 nu mai doare. Fiica mea mi-a recomandat acest produs \u0219i sunt foarte recunosc\u0103tor pentru asta. Este u\u0219or de luat, are gust de sirop dr\u0103gu\u021b \u0219i chiar am observat c\u00e2teva modific\u0103ri frumoase pe fa\u021ba mea! Acum m\u0103 bucur de articula\u021biile s\u0103n\u0103toase \u0219i pielea str\u0103lucitoare. Voi continua s\u0103 iau B-luron \u00een urm\u0103toarele 2 luni, deoarece am citit c\u0103 cel mai bun tratament ar trebui s\u0103 fie folosit timp de cel pu\u021bin 3 luni.<\/i>\u00a0&quot;,\u00a0<strong>Lily, 36 de ani<\/strong><\/p>\n<p>\u201e\u00a0<i>Am \u00eenceput s\u0103 beau acest supliment de la v\u00e2rsta de 30 de ani, \u00een principal \u00een scop preventiv. \u00cemi plac efectele \u0219i beneficiile sale, \u00eemi plac rezultatele pe pielea mea, nivelul meu de energie \u0219i 100% pe articula\u021bii. Fac sport \u00een mod regulat \u0219i cu siguran\u021b\u0103 am mare grij\u0103 de picioarele mele, bra\u021bele \u0219i bine\u00een\u021beles de toate p\u0103r\u021bile corpului!\u00a0<span class=\"VIpgJd-yAWNEb-VIpgJd-fmcmS-sn54Q\">B-Luron m\u0103 ajut\u0103 s\u0103-mi men\u021bin \u00eentregul corp \u00een form\u0103 \u0219i pielea foarte ferm\u0103 \u0219i elastic\u0103 \u00een fiecare zi.\u00a0<\/span>Il recomand cu caldura tuturor<\/i>\u00a0&quot;,\u00a0<strong>Monika, 33 de ani<\/strong><\/p><\/blockquote>\n<h3><img data-opt-id=1881268189  fetchpriority=\"high\" decoding=\"async\" class=\"alignnone size-large wp-image-5621\" src=\"https:\/\/mlccfyajnfvu.i.optimole.com\/w:1024\/h:1024\/q:mauto\/f:best\/https:\/\/coralforyou.eu\/wp-content\/uploads\/2023\/01\/B-LURON33.jpeg\" alt=\"\" width=\"1024\" height=\"1024\" srcset=\"https:\/\/mlccfyajnfvu.i.optimole.com\/w:1024\/h:1024\/q:mauto\/f:best\/https:\/\/coralforyou.eu\/wp-content\/uploads\/2023\/01\/B-LURON33.jpeg 1024w, https:\/\/mlccfyajnfvu.i.optimole.com\/w:300\/h:300\/q:mauto\/f:best\/https:\/\/coralforyou.eu\/wp-content\/uploads\/2023\/01\/B-LURON33.jpeg 300w, https:\/\/mlccfyajnfvu.i.optimole.com\/w:150\/h:150\/q:mauto\/f:best\/https:\/\/coralforyou.eu\/wp-content\/uploads\/2023\/01\/B-LURON33.jpeg 150w, https:\/\/mlccfyajnfvu.i.optimole.com\/w:768\/h:768\/q:mauto\/f:best\/https:\/\/coralforyou.eu\/wp-content\/uploads\/2023\/01\/B-LURON33.jpeg 768w, https:\/\/mlccfyajnfvu.i.optimole.com\/w:600\/h:600\/q:mauto\/f:best\/https:\/\/coralforyou.eu\/wp-content\/uploads\/2023\/01\/B-LURON33.jpeg 600w, https:\/\/mlccfyajnfvu.i.optimole.com\/w:100\/h:100\/q:mauto\/f:best\/https:\/\/coralforyou.eu\/wp-content\/uploads\/2023\/01\/B-LURON33.jpeg 100w, https:\/\/mlccfyajnfvu.i.optimole.com\/w:1080\/h:1080\/q:mauto\/f:best\/https:\/\/coralforyou.eu\/wp-content\/uploads\/2023\/01\/B-LURON33.jpeg 1080w\" sizes=\"(max-width: 1000px) 100vw, 1000px\" \/><\/h3>\n<h3><\/h3>\n<h3><b>Ce spun profesioni\u0219tii din domeniul s\u0103n\u0103t\u0103\u021bii despre acest produs?<br \/>\n<\/b><\/h3>\n<blockquote><p><i>\u201eB-Luron este un produs inovator care poate fi \u00eenlocuit \u00een mare m\u0103sur\u0103 cu toate tratamentele dureroase cu hialuron. Este un produs natural care poate fi luat de aproape oricine f\u0103r\u0103 efecte secundare. Ca supliment zilnic sau produs de vindecare, B-luron \u00ee\u0219i face treaba \u0219i o face foarte bine\u00a0<\/i>&quot;,\u00a0<strong>Adriana Sochirca, specialist in sanatate, nutritie si regenerare celulara<\/strong> <b style=\"font-size: 1.1em; font-style: inherit;\">De unde pot cump\u0103ra B-Luron \u0219i la ce pre\u021b?<\/b><\/p><\/blockquote>\n<p>B-Luron este un produs exclusiv Coral Club \u0219i poate fi achizi\u021bionat doar din magazinele oficiale Coral Club - AICI. V\u0103 sf\u0103tuim insistent s\u0103 evita\u021bi orice platform\u0103 ter\u021b\u0103 parte, cum ar fi Amazon sau E-bay. Mai mult, dac\u0103 cump\u0103ra\u021bi produsul\u00a0\u00a0<a href=\"https:\/\/us.coral.club\/shop\/b-luron.html?language=us&amp;REF_CODE=881407598803&amp;utm_source=copy-link&amp;utm_medium=prod-recom\" target=\"_blank\" rel=\"noopener\">AICI<\/a>\u00a0, prime\u0219ti B-Luron Coral Club pentru 20% mai pu\u021bin.<\/p>\n<p>IMPORTANT: Suplimentele alimentare nu pot fi folosite ca \u00eenlocuitor pentru o diet\u0103 variat\u0103. Suplimentul alimentar trebuie p\u0103strat la \u00eendem\u00e2na copiilor mici.\u00a0<span class=\"VIpgJd-yAWNEb-VIpgJd-fmcmS-sn54Q\">A nu se utiliza \u00een caz de intoleran\u021b\u0103 la oricare dintre ingredientele suplimentului alimentar.\u00a0<\/span>ACEST PRODUS NU ESTE DESTINAT S\u0102 DIAGNOSTICE, TRATEAZ\u0102 SAU PREVENI NICIO BOL\u0102.<\/p>\n<p>&nbsp;<\/p>\n<div class=\"ast-oembed-container\" style=\"height: 100%;\"><iframe title=\"B Luron - articula\u021bii s\u0103n\u0103toase pentru o via\u021b\u0103 activ\u0103!\" width=\"500\" height=\"281\" src=\"https:\/\/www.youtube.com\/embed\/JIWowSwS1dY?feature=oembed\" frameborder=\"0\" allow=\"accelerometer; autoplay; clipboard-write; encrypted-media; gyroscope; picture-in-picture; web-share\" referrerpolicy=\"strict-origin-when-cross-origin\" allowfullscreen><\/iframe><\/div>\n<p>&nbsp;<\/p>\n<h3 style=\"text-align: center;\"><a class=\"przycisk\" href=\"https:\/\/us.coral.club\/shop\/b-luron.html?language=us&amp;REF_CODE=881407598803&amp;utm_source=copy-link&amp;utm_medium=prod-recom\" target=\"_blank\" rel=\"noopener\"><span class=\"VIpgJd-yAWNEb-VIpgJd-fmcmS-sn54Q\">CUMP\u0102R\u0102 AICI B-LURON CORAL CLUB<\/span><\/a><\/h3>\n<h3 style=\"text-align: center;\"><\/h3>","protected":false},"excerpt":{"rendered":"<p><span class=\"VIpgJd-yAWNEb-VIpgJd-fmcmS-sn54Q\">B-Luron este un supliment alimentar pe baz\u0103 de acid hialuronic \u0219i complex de condroitin\u0103 (HCC).\u00a0<\/span>Este o realizare tehnologic\u0103 inovatoare a companiei germane Gramme-Revit GmbH \u0219i \u00ee\u0219i propune s\u0103 activeze produc\u021bia de lichid sinovial, care ajut\u0103 la reconstruc\u021bia cartilajului, ceea ce este foarte important pentru mobilitatea noastr\u0103.<span class=\"Apple-converted-space\">\u00a0<\/span><\/p>","protected":false},"featured_media":6279,"comment_status":"open","ping_status":"closed","template":"","meta":{"_monsterinsights_skip_tracking":false,"_monsterinsights_sitenote_active":false,"_monsterinsights_sitenote_note":"","_monsterinsights_sitenote_category":0,"site-sidebar-layout":"default","site-content-layout":"default","ast-site-content-layout":"default","site-content-style":"default","site-sidebar-style":"default","ast-global-header-display":"","ast-banner-title-visibility":"","ast-main-header-display":"","ast-hfb-above-header-display":"","ast-hfb-below-header-display":"","ast-hfb-mobile-header-display":"","site-post-title":"","ast-breadcrumbs-content":"","ast-featured-img":"","footer-sml-layout":"","theme-transparent-header-meta":"default","adv-header-id-meta":"","stick-header-meta":"","header-above-stick-meta":"","header-main-stick-meta":"","header-below-stick-meta":"","astra-migrate-meta-layouts":"set","ast-page-background-enabled":"default","ast-page-background-meta":{"desktop":{"background-color":"","background-image":"","background-repeat":"repeat","background-position":"center center","background-size":"auto","background-attachment":"scroll","background-type":"","background-media":"","overlay-type":"","overlay-color":"","overlay-opacity":"","overlay-gradient":""},"tablet":{"background-color":"","background-image":"","background-repeat":"repeat","background-position":"center center","background-size":"auto","background-attachment":"scroll","background-type":"","background-media":"","overlay-type":"","overlay-color":"","overlay-opacity":"","overlay-gradient":""},"mobile":{"background-color":"","background-image":"","background-repeat":"repeat","background-position":"center center","background-size":"auto","background-attachment":"scroll","background-type":"","background-media":"","overlay-type":"","overlay-color":"","overlay-opacity":"","overlay-gradient":""}},"ast-content-background-meta":{"desktop":{"background-color":"var(--ast-global-color-5)","background-image":"","background-repeat":"repeat","background-position":"center center","background-size":"auto","background-attachment":"scroll","background-type":"","background-media":"","overlay-type":"","overlay-color":"","overlay-opacity":"","overlay-gradient":""},"tablet":{"background-color":"var(--ast-global-color-5)","background-image":"","background-repeat":"repeat","background-position":"center center","background-size":"auto","background-attachment":"scroll","background-type":"","background-media":"","overlay-type":"","overlay-color":"","overlay-opacity":"","overlay-gradient":""},"mobile":{"background-color":"var(--ast-global-color-5)","background-image":"","background-repeat":"repeat","background-position":"center center","background-size":"auto","background-attachment":"scroll","background-type":"","background-media":"","overlay-type":"","overlay-color":"","overlay-opacity":"","overlay-gradient":""}}},"product_brand":[],"product_cat":[58,56,59],"product_tag":[],"class_list":{"0":"post-5457","1":"product","2":"type-product","3":"status-publish","4":"has-post-thumbnail","6":"product_cat-all","7":"product_cat-collagen","8":"product_cat-hyaluronic-acid","9":"desktop-align-center","10":"tablet-align-center","11":"mobile-align-center","13":"first","14":"instock","15":"shipping-taxable","16":"product-type-external"},"_links":{"self":[{"href":"https:\/\/coralforyou.eu\/ro\/wp-json\/wp\/v2\/product\/5457","targetHints":{"allow":["GET"]}}],"collection":[{"href":"https:\/\/coralforyou.eu\/ro\/wp-json\/wp\/v2\/product"}],"about":[{"href":"https:\/\/coralforyou.eu\/ro\/wp-json\/wp\/v2\/types\/product"}],"replies":[{"embeddable":true,"href":"https:\/\/coralforyou.eu\/ro\/wp-json\/wp\/v2\/comments?post=5457"}],"version-history":[{"count":1,"href":"https:\/\/coralforyou.eu\/ro\/wp-json\/wp\/v2\/product\/5457\/revisions"}],"predecessor-version":[{"id":6440,"href":"https:\/\/coralforyou.eu\/ro\/wp-json\/wp\/v2\/product\/5457\/revisions\/6440"}],"wp:featuredmedia":[{"embeddable":true,"href":"https:\/\/coralforyou.eu\/ro\/wp-json\/wp\/v2\/media\/6279"}],"wp:attachment":[{"href":"https:\/\/coralforyou.eu\/ro\/wp-json\/wp\/v2\/media?parent=5457"}],"wp:term":[{"taxonomy":"product_brand","embeddable":true,"href":"https:\/\/coralforyou.eu\/ro\/wp-json\/wp\/v2\/product_brand?post=5457"},{"taxonomy":"product_cat","embeddable":true,"href":"https:\/\/coralforyou.eu\/ro\/wp-json\/wp\/v2\/product_cat?post=5457"},{"taxonomy":"product_tag","embeddable":true,"href":"https:\/\/coralforyou.eu\/ro\/wp-json\/wp\/v2\/product_tag?post=5457"}],"curies":[{"name":"wp","href":"https:\/\/api.w.org\/{rel}","templated":true}]}}