{"id":5458,"date":"2022-12-23T11:55:24","date_gmt":"2022-12-23T11:55:24","guid":{"rendered":"https:\/\/coralforyou.eu\/?post_type=product&#038;p=5458"},"modified":"2024-12-01T14:23:27","modified_gmt":"2024-12-01T14:23:27","slug":"coral-mine-coral-club","status":"publish","type":"product","link":"https:\/\/coralforyou.eu\/ro\/produs\/coral-mine-coral-club\/","title":{"rendered":"Coral Mine Coral Club - un mineral natural din coral japonez"},"content":{"rendered":"<h1><a href=\"https:\/\/coralforyou.eu\/ro\/\">Coral Mine Coral Club<\/a> \u2013 un mineral natural<\/h1>\n<p>Apa este cea mai familiar\u0103 substan\u021b\u0103 de pe P\u0103m\u00e2nt \u2013 at\u00e2t de mult \u00eenc\u00e2t nu o mai observ\u0103m. Exist\u0103 peste 5,5 milioane de specii de organisme vii \u00een lume. Toat\u0103 lumea, \u00een afar\u0103 de noi, bea doar ap\u0103. Bem de toate, \u00een afar\u0103 de ceea ce ne face s\u0103n\u0103to\u0219i.<span class=\"Apple-converted-space\">\u00a0<\/span><\/p>\n<p>Ceaiul verde \u0219i negru, cafeaua, ciocolata cald\u0103 \u0219i b\u0103uturile energizante sunt op\u021biuni s\u0103n\u0103toase? Chiar este necesar s\u0103 le dai b\u0103uturi dulci celor mici \u00eenc\u0103 din copil\u0103rie? Aceste obiceiuri \u00eei vor face mai s\u0103n\u0103to\u0219i? R\u0103spunsul la aceste \u00eentreb\u0103ri nu este u\u0219or \u0219i ar necesita cercet\u0103ri interdisciplinare ample. Cu toate acestea, varietatea de b\u0103uturi de pe pia\u021b\u0103 este \u00een continu\u0103 expansiune, ambalajele devin mai atractive, tacticile de marketing devin din ce \u00een ce mai agresive \u0219i \u00een fiecare zi descoperim noi cauze ale bolilor existente. Nimic nu ne va ajuta s\u0103 tr\u0103im mai mult \u0219i mai s\u0103n\u0103tos dac\u0103 nu ne \u00eentoarcem la b\u0103ut ap\u0103 simpl\u0103, ca toate celelalte vie\u021buitoare de pe planet\u0103.<span class=\"Apple-converted-space\">\u00a0<\/span><\/p>\n<p>Aceast\u0103 avere trebuie gestionat\u0103 cu grij\u0103. \u00cen prezent, un litru de ap\u0103 curat\u0103 cost\u0103 aproape la fel de mult ca un litru de benzin\u0103. Singura diferen\u021b\u0103 este c\u0103 ne-am putea lipsi cumva de gaz, dar o persoan\u0103 moare de sete \u00een doar trei zile.<span class=\"Apple-converted-space\">\u00a0<\/span><\/p>\n<ul>\n<li><strong>Ce este Coral Mine \u0219i unde este produs\u0103?<\/strong><\/li>\n<li><strong>Compozi\u021bia \u0219i beneficiile consumului de Coral Mine?<\/strong><\/li>\n<li><strong>Cum s\u0103 bei ap\u0103 din Coral Mine?<\/strong><\/li>\n<li><strong>Care sunt consecin\u021bele deshidrat\u0103rii?<\/strong><\/li>\n<li><strong>Ce spun consumatorii despre Coral Mine?<\/strong><\/li>\n<li><strong>Ce spun profesioni\u0219tii din domeniul s\u0103n\u0103t\u0103\u021bii despre acest produs?<\/strong><\/li>\n<li><strong>De unde pot cump\u0103ra Coral Mine \u0219i la ce pre\u021b?<\/strong><\/li>\n<\/ul>\n<h2>Coral Mine - ce este \u0219i unde este produs?<\/h2>\n<p>Pe baza datelor de la Organiza\u021bia Mondial\u0103 a S\u0103n\u0103t\u0103\u021bii, speran\u021ba medie de via\u021b\u0103 \u00een Japonia este de 82 de ani, \u00een timp ce \u00een Insulele Okinawa este cu 10-15 ani mai mare dec\u00e2t \u00een \u200b\u200brestul \u021b\u0103rii. Studiile au confirmat c\u0103 longevitatea mare a insulelor este legat\u0103 de calitatea apei potabile. Indicele de calciu organic al apei potabile din ora\u0219ul Nago (prefectura Okinawa) este cel mai ridicat nu numai din Japonia, ci \u0219i din \u00eentreaga lume. Deoarece insulele sunt situate pe atoli de corali, apa este filtrat\u0103 de corali \u0219i \u00eembog\u0103\u021bit\u0103 cu ioni minerali. Dintre cele 2.500 de specii de corali, coralii albi Scleratinia sunt singurii care au un efect benefic asupra s\u0103n\u0103t\u0103\u021bii umane.\u00a0<span class=\"VIpgJd-yAWNEb-VIpgJd-fmcmS-sn54Q\">Analizele au ar\u0103tat c\u0103 acestea con\u021bin calciu, magneziu, potasiu, sodiu \u0219i cantit\u0103\u021bi mari de micronutrien\u021bi extrem de importan\u021bi.\u00a0<\/span>Ast\u0103zi, coralii sunt extra\u0219i \u00een jurul ora\u0219ului Okinawa. Produsul finit se nume\u0219te Coral-Mine.<span class=\"Apple-converted-space\">\u00a0<\/span><\/p>\n<div class=\"ast-oembed-container\" style=\"height: 100%;\"><iframe title=\"Coral Mine de Coral Club - Studii \u0219i Investiga\u021bii\" width=\"500\" height=\"281\" src=\"https:\/\/www.youtube.com\/embed\/fI6-n1bSQtc?feature=oembed\" frameborder=\"0\" allow=\"accelerometer; autoplay; clipboard-write; encrypted-media; gyroscope; picture-in-picture; web-share\" referrerpolicy=\"strict-origin-when-cross-origin\" allowfullscreen><\/iframe><\/div>\n<h2>Coral Mine - Compozi\u021bie \u0219i beneficii<\/h2>\n<p>Calciul \u0219i alte minerale alcaline con\u021binute \u00een ap\u0103 \u00een forme biodisponibile, u\u0219or asimilabile au propriet\u0103\u021bi deosebit de puternice de promovare a s\u0103n\u0103t\u0103\u021bii. Compu\u0219ii alcalini \u00eendeplinesc multe func\u021bii importante \u00een organism: cresc pH-ul organismului, men\u021bin fluxul sanguin adecvat, afecteaz\u0103 reglarea cre\u0219terii \u0219i activit\u0103\u021bii celulelor, sus\u021bin impulsurile electrice \u00een sistemul nervos, particip\u0103 la metabolism, au antiinflamatorii \u0219i antialergici. efecte \u0219i au propriet\u0103\u021bi de construc\u021bie. Deficitul de minerale alcaline duce la multe boli.<span class=\"Apple-converted-space\">\u00a0<\/span><\/p>\n<h2>Coral Mine - cum se consum\u0103?<\/h2>\n<p>Apa care con\u021bine Coral-Mine devine slab alcalin\u0103 cu beneficii semnificative pentru s\u0103n\u0103tate. Cel mai bine este s\u0103-l bei pe stomacul gol, cald sau u\u0219or r\u0103cit cu 15-30 de minute \u00eenainte de mas\u0103 sau 2,5-3 ore dup\u0103 mas\u0103, pentru ca acidul clorhidric s\u0103 nu fie neutralizat \u00een timpul procesului digestiv.<span class=\"Apple-converted-space\">\u00a0<\/span><\/p>\n<p>Plicul trebuie pus \u00een ap\u0103 de b\u0103ut curat\u0103, plicul nu trebuie spart. Dac\u0103 este necesar\u0103 o alcalinizare suplimentar\u0103, se poate lua o form\u0103 mai concentrat\u0103 prin ad\u0103ugarea unui plic la 250-300 sau chiar 500 ml de ap\u0103. \u00cencepe\u021bi fiecare zi prin a bea 500 ml - 1,5 l de ap\u0103 cald\u0103 cu adaos de Coral-Mine.<span class=\"Apple-converted-space\">\u00a0<\/span><\/p>\n<h5>Care sunt consecin\u021bele deshidrat\u0103rii?<\/h5>\n<p>CONSECIN\u021aE POSIBILE ALE DESHIDR\u0102RII: Susceptibilitate crescut\u0103 la atacuri de cord, accidente vasculare cerebrale, cheaguri de s\u00e2nge. Cre\u0219terea toxinelor \u00een organism. Exist\u0103 condi\u021bii pentru dezvoltarea unor astfel de boli cum ar fi cataracta, alergiile, bolile ischemice ale inimii, hipertensiunea arterial\u0103, bolile alergice concologice, bolile articula\u021biilor. Dezvoltarea acidit\u0103\u021bii crescute, a pielii uscate \u0219i a p\u0103rului. Probabilitate crescut\u0103 de apari\u021bie a calculilor biliari \u0219i la rinichi.<span class=\"Apple-converted-space\">\u00a0<\/span><\/p>\n<h2>Recenzii despre Coral Mine<\/h2>\n<h5>Ce spun consumatorii despre acest produs?<\/h5>\n<blockquote><p>\u201eCoral-Mine m-a ajutat cu adev\u0103rat s\u0103-mi rezolv problemele de deshidratare, cum ar fi pielea foarte uscat\u0103, momentele constante de oboseal\u0103 \u0219i un sistem urinar foarte prost func\u021bional. Folosesc acest produs de aproape doi ani \u0219i nu \u00eemi pot imagina s\u0103 beau alt\u0103 ap\u0103. \u00cemi place pur \u0219i simplu efectul s\u0103u asupra corpului, min\u021bii \u0219i bun\u0103st\u0103rii mele.\u201d <strong>Laura, 28 de ani.<\/strong><\/p>\n<p>\u201eAm vizionat c\u00e2teva filme despre via\u021ba \u00een Okinawa \u0219i sunt foarte inspirat de oamenii care locuiesc acolo, de stilul lor de via\u021b\u0103, de dieta \u0219i de apa pe care o beau. Cred c\u0103 Japonia este o \u021bar\u0103 \u0219i o cultur\u0103 din care avem multe de \u00eenv\u0103\u021bat, \u00eencep\u00e2nd cu a ne cunoa\u0219te ikigaiul pentru a alege ce m\u00e2nc\u0103m \u0219i bem. Am ales Coral-Mine acum 5 ani \u0219i mi-a schimbat via\u021ba. \u00cen \u00eentregime. \u00cen plus, sunt mai activ\u0103, mai creativ\u0103 \u0219i mai s\u0103n\u0103toas\u0103 \u0219i simt c\u0103 s\u00e2ngele meu este cu adev\u0103rat neted \u0219i curat. Mul\u021bumim Coral Club pentru c\u0103 a adus o bucat\u0103 din Okinawa \u00een casele noastre\u201d <strong>Maciej, 63 de ani.<\/strong><\/p>\n<p>\u201eCoral Mine este cu adev\u0103rat un produs care schimb\u0103 via\u021ba. Sunt foarte recunosc\u0103tor s\u0103 cunosc \u0219i s\u0103 folosesc acest produs. Este o inova\u021bie care a schimbat via\u021ba familiei mele, \u00een principal pentru c\u0103 \u00eemi v\u0103d copiii beau acum ap\u0103, mai regulat, \u0219i c\u0103 corpul meu este pur \u0219i simplu mai energic. Apa este via\u021b\u0103, acesta este adev\u0103rul, iar calitatea apei este primordial\u0103\u201d.\u00a0<strong>Huber, 31 de ani.<\/strong><\/p><\/blockquote>\n<h5>Coral Mine - de unde s\u0103 cump\u0103r \u0219i la ce pre\u021b?<\/h5>\n<p>Coral-Mine este un produs exclusiv Coral Club \u0219i poate fi achizi\u021bionat numai din magazinele oficiale Coral Club - <a href=\"https:\/\/pl.coral.club\/shop\/coral-mine.html?language=pl&amp;REF_CODE=160536579867&amp;offer=2220&amp;utm_source=copy-link&amp;utm_medium=prod-recom\" rel=\"nofollow noopener\">AICI<\/a>. V\u0103 sf\u0103tuim insistent s\u0103 evita\u021bi orice platform\u0103 ter\u021b\u0103 parte, cum ar fi Amazon sau E-bay. Mai mult, dac\u0103 cump\u0103ra\u021bi produsul\u00a0\u00a0<a href=\"https:\/\/pl.coral.club\/shop\/coral-mine.html?language=pl&amp;REF_CODE=160536579867&amp;offer=2220&amp;utm_source=copy-link&amp;utm_medium=prod-recom\" target=\"_blank\" rel=\"noopener nofollow\">AICI<\/a>\u00a0, ve\u021bi ob\u021bine pre\u021bul Coral-Mine cu 20% mai mic.<\/p>\n<p><em><strong>IMPORTANT:<\/strong>\u00a0Suplimentele alimentare nu pot fi folosite ca substitut pentru o diet\u0103 variat\u0103. Suplimentul alimentar trebuie p\u0103strat la \u00eendem\u00e2na copiilor mici. A nu se utiliza \u00een caz de intoleran\u021b\u0103 la oricare dintre ingredientele suplimentului alimentar. ACEST PRODUS NU ESTE DESTINAT S\u0102 DIAGNOSTICE, TRATEAZ\u0102 SAU PREVENI NICIO BOL\u0102.<\/em><\/p>\n<h6><\/h6>\n<h2 style=\"text-align: center;\"><a class=\"przycisk\" href=\"https:\/\/pl.coral.club\/shop\/coral-mine.html?language=pl&amp;REF_CODE=160536579867&amp;offer=2220&amp;utm_source=copy-link&amp;utm_medium=prod-recom\" target=\"_blank\" rel=\"noopener nofollow\"><span class=\"VIpgJd-yAWNEb-VIpgJd-fmcmS-sn54Q\">CUMP\u0102R\u0102 AICI CORAL MINE CORAL CLUB<\/span><\/a><\/h2>\n<h6><\/h6>\n<h6 style=\"text-align: center;\"><span class=\"VIpgJd-yAWNEb-VIpgJd-fmcmS-sn54Q\">Despre Clubul Coral<\/span><\/h6>\n<p>&nbsp;<\/p>\n<div class=\"ast-oembed-container\" style=\"height: 100%;\"><iframe title=\"Coral Club - englez\u0103 | YourCoral.com\" width=\"500\" height=\"281\" src=\"https:\/\/www.youtube.com\/embed\/VwOMr-Ax9H0?feature=oembed\" frameborder=\"0\" allow=\"accelerometer; autoplay; clipboard-write; encrypted-media; gyroscope; picture-in-picture; web-share\" referrerpolicy=\"strict-origin-when-cross-origin\" allowfullscreen><\/iframe><\/div>\n<p>&nbsp;<\/p>\n<h2 style=\"text-align: center;\"><span style=\"color: #ffffff;\"><a class=\"przycisk\" style=\"color: #ffffff;\" href=\"https:\/\/us.coral.club\/shop\/coral-mine.html?language=us&amp;REF_CODE=881407598803&amp;offer=2220&amp;utm_source=copy-link&amp;utm_medium=prod-recom\" rel=\"noopener\"><strong>CUMP\u0102R\u0102 AICI CORAL MINE CORAL CLUB<\/strong><\/a><\/span><\/h2>","protected":false},"excerpt":{"rendered":"<p><span class=\"\">Coral-Mine este o structur\u0103 format\u0103 biologic, compus\u0103 din scheletele unor mici animale marine numite polipi de corali.\u00a0<\/span><span class=\"\">Fiind o structur\u0103 pe baz\u0103 de carbonat de calciu, Coralul poate fi folosit pentru tratarea apei prin ad\u0103ugarea de corali zdrobi\u021bi \u00een ap\u0103 pentru a cre\u0219te nivelul pH-ului.<\/span><\/p>\n<p>Recifele de corali se formeaz\u0103 de-a lungul a mii de ani, deoarece polipii de corali secret\u0103 carbonat de calciu pentru a forma structura recifului. Recifele de corali nu sunt o surs\u0103 de ap\u0103, dar joac\u0103 un rol important \u00een ecosistemele marine, oferind habitate pentru o mare varietate de vie\u021bi marine \u0219i protej\u00e2nd coastele de eroziune \u0219i furtunile. Recifele de corali au, de asemenea, poten\u021bial pentru aplica\u021bii medicale \u0219i multe alte domenii.<\/p>","protected":false},"featured_media":6274,"comment_status":"open","ping_status":"closed","template":"","meta":{"_monsterinsights_skip_tracking":false,"_monsterinsights_sitenote_active":false,"_monsterinsights_sitenote_note":"","_monsterinsights_sitenote_category":0,"site-sidebar-layout":"default","site-content-layout":"default","ast-site-content-layout":"default","site-content-style":"default","site-sidebar-style":"default","ast-global-header-display":"","ast-banner-title-visibility":"","ast-main-header-display":"","ast-hfb-above-header-display":"","ast-hfb-below-header-display":"","ast-hfb-mobile-header-display":"","site-post-title":"","ast-breadcrumbs-content":"","ast-featured-img":"","footer-sml-layout":"","theme-transparent-header-meta":"default","adv-header-id-meta":"","stick-header-meta":"","header-above-stick-meta":"","header-main-stick-meta":"","header-below-stick-meta":"","astra-migrate-meta-layouts":"set","ast-page-background-enabled":"default","ast-page-background-meta":{"desktop":{"background-color":"","background-image":"","background-repeat":"repeat","background-position":"center center","background-size":"auto","background-attachment":"scroll","background-type":"","background-media":"","overlay-type":"","overlay-color":"","overlay-opacity":"","overlay-gradient":""},"tablet":{"background-color":"","background-image":"","background-repeat":"repeat","background-position":"center center","background-size":"auto","background-attachment":"scroll","background-type":"","background-media":"","overlay-type":"","overlay-color":"","overlay-opacity":"","overlay-gradient":""},"mobile":{"background-color":"","background-image":"","background-repeat":"repeat","background-position":"center center","background-size":"auto","background-attachment":"scroll","background-type":"","background-media":"","overlay-type":"","overlay-color":"","overlay-opacity":"","overlay-gradient":""}},"ast-content-background-meta":{"desktop":{"background-color":"var(--ast-global-color-5)","background-image":"","background-repeat":"repeat","background-position":"center center","background-size":"auto","background-attachment":"scroll","background-type":"","background-media":"","overlay-type":"","overlay-color":"","overlay-opacity":"","overlay-gradient":""},"tablet":{"background-color":"var(--ast-global-color-5)","background-image":"","background-repeat":"repeat","background-position":"center center","background-size":"auto","background-attachment":"scroll","background-type":"","background-media":"","overlay-type":"","overlay-color":"","overlay-opacity":"","overlay-gradient":""},"mobile":{"background-color":"var(--ast-global-color-5)","background-image":"","background-repeat":"repeat","background-position":"center center","background-size":"auto","background-attachment":"scroll","background-type":"","background-media":"","overlay-type":"","overlay-color":"","overlay-opacity":"","overlay-gradient":""}}},"product_brand":[],"product_cat":[61,58],"product_tag":[],"class_list":{"0":"post-5458","1":"product","2":"type-product","3":"status-publish","4":"has-post-thumbnail","6":"product_cat-alkaline-water","7":"product_cat-all","8":"desktop-align-center","9":"tablet-align-center","10":"mobile-align-center","12":"first","13":"instock","14":"shipping-taxable","15":"product-type-external"},"_links":{"self":[{"href":"https:\/\/coralforyou.eu\/ro\/wp-json\/wp\/v2\/product\/5458","targetHints":{"allow":["GET"]}}],"collection":[{"href":"https:\/\/coralforyou.eu\/ro\/wp-json\/wp\/v2\/product"}],"about":[{"href":"https:\/\/coralforyou.eu\/ro\/wp-json\/wp\/v2\/types\/product"}],"replies":[{"embeddable":true,"href":"https:\/\/coralforyou.eu\/ro\/wp-json\/wp\/v2\/comments?post=5458"}],"version-history":[{"count":1,"href":"https:\/\/coralforyou.eu\/ro\/wp-json\/wp\/v2\/product\/5458\/revisions"}],"predecessor-version":[{"id":6439,"href":"https:\/\/coralforyou.eu\/ro\/wp-json\/wp\/v2\/product\/5458\/revisions\/6439"}],"wp:featuredmedia":[{"embeddable":true,"href":"https:\/\/coralforyou.eu\/ro\/wp-json\/wp\/v2\/media\/6274"}],"wp:attachment":[{"href":"https:\/\/coralforyou.eu\/ro\/wp-json\/wp\/v2\/media?parent=5458"}],"wp:term":[{"taxonomy":"product_brand","embeddable":true,"href":"https:\/\/coralforyou.eu\/ro\/wp-json\/wp\/v2\/product_brand?post=5458"},{"taxonomy":"product_cat","embeddable":true,"href":"https:\/\/coralforyou.eu\/ro\/wp-json\/wp\/v2\/product_cat?post=5458"},{"taxonomy":"product_tag","embeddable":true,"href":"https:\/\/coralforyou.eu\/ro\/wp-json\/wp\/v2\/product_tag?post=5458"}],"curies":[{"name":"wp","href":"https:\/\/api.w.org\/{rel}","templated":true}]}}