{"id":5460,"date":"2022-12-23T11:56:04","date_gmt":"2022-12-23T11:56:04","guid":{"rendered":"https:\/\/coralforyou.eu\/?post_type=product&#038;p=5460"},"modified":"2024-03-25T05:23:02","modified_gmt":"2024-03-25T05:23:02","slug":"h-500-coral-club","status":"publish","type":"product","link":"https:\/\/coralforyou.eu\/ro\/produs\/h-500-coral-club-2\/","title":{"rendered":"H-500 Coral Club - antioxidant natural"},"content":{"rendered":"<h1>H-500\u00a0<a href=\"https:\/\/coralforyou.eu\/ro\/\">Coral Club<\/a> \u2013 antioxidant natural<\/h1>\n<p>H-500 de la Coral Club este un supliment alimentar care are propriet\u0103\u021bi antioxidante puternice, protej\u00e2nd eficient organismul \u00eempotriva efectelor nocive ale radicalilor liberi. Este foarte apreciat \u00een r\u00e2ndul profesioni\u0219tilor din domeniul s\u0103n\u0103t\u0103\u021bii datorit\u0103 propriet\u0103\u021bilor sale care sus\u021bin buna func\u021bionare a organismului. Acest lucru este benefic \u00een special pentru persoanele care duc un stil de via\u021b\u0103 stresant, tr\u0103iesc \u00een zone puternic industrializate sau \u00eendeplinesc locuri de munc\u0103 solicitante. Stilul de via\u021b\u0103 modern, care este adesea asociat cu somnul sc\u0103zut \u0219i utilizarea stimulen\u021bilor, \u00ee\u0219i poate afecta organismul, f\u0103c\u00e2nd din H-500 un instrument valoros pentru men\u021binerea s\u0103n\u0103t\u0103\u021bii generale \u0219i a bun\u0103st\u0103rii.<\/p>\n<h3>Ce sunt radicalii liberi \u0219i cum afecteaz\u0103 ace\u0219tia organismul?<\/h3>\n<p>Radicalii liberi sunt molecule care au un electron nepereche. Aceste molecule sunt foarte reactive \u0219i pot deteriora celulele, proteinele \u0219i ADN-ul. Ele se formeaz\u0103 \u00een corpul nostru ca urmare a metabolismului normal, dar pot fi cauzate \u0219i de expunerea la toxine din mediu precum poluarea, radia\u021biile \u0219i fumul de tutun. Organismul are un sistem natural de ap\u0103rare \u00eempotriva radicalilor liberi, dar atunci c\u00e2nd acest sistem este supra\u00eenc\u0103rcat, poate duce la deteriorarea celulelor \u0219i poate contribui la dezvoltarea diferitelor boli precum cancerul, bolile cardiovasculare \u0219i boala Alzheimer. Radicalii liberi joac\u0103, de asemenea, un rol \u00een procesul de \u00eemb\u0103tr\u00e2nire. Antioxidan\u021bii pot neutraliza radicalii liberi \u0219i pot preveni daunele pe care le pot provoca.<\/p>\n<h2>H-500 - compozi\u021bie \u0219i avantaje<\/h2>\n<p>H-500 de la Coral Club este un supliment alimentar care ajut\u0103 la reducerea senza\u021biei de oboseal\u0103 dup\u0103 efort fizic sau mental \u0219i \u00eembun\u0103t\u0103\u021be\u0219te func\u021biile cognitive \u0219i mentale precum memoria \u0219i concentrarea. U\u0219ureaz\u0103 munca, care este deosebit de important\u0103 pentru persoanele \u00een v\u00e2rst\u0103, deoarece cantitatea de antioxidan\u021bi naturali din organism scade odat\u0103 cu v\u00e2rsta. Acest supliment ajut\u0103 la furnizarea de electroni pe care \u00eei caut\u0103 radicalii liberi, prevenind deteriorarea celulelor s\u0103n\u0103toase.<\/p>\n<p>Este important de re\u021binut c\u0103 leziunile radicalilor liberi afecteaz\u0103 \u0219i func\u021bia creierului \u0219i dezvoltarea unor boli precum demen\u021ba senil\u0103, Alzheimer \u0219i Parkinson. Radicalii liberi cresc, de asemenea, riscul de apari\u021bie a bolilor oculare, cum ar fi degenerescen\u021ba macular\u0103 \u0219i cataracta, precum \u0219i a bolilor pulmonare, cum ar fi astmul, cancerul, boala pulmonar\u0103 obstructiv\u0103 cronic\u0103, bolile de inim\u0103 precum hipertensiunea arterial\u0103, atacul de cord \u0219i bolile coronariene \u0219i bolile scheletice. cum ar fi osteoartrita.<\/p>\n<p>Fumatul, abuzul de alcool \u0219i droguri \u0219i expunerea excesiv\u0103 la soare sunt doar c\u00e2\u021biva dintre factorii care accelereaz\u0103 formarea radicalilor liberi \u00een organism. Este important s\u0103 fi\u021bi con\u0219tien\u021bi de ace\u0219ti factori \u0219i s\u0103 \u00eencerca\u021bi s\u0103 \u00eei minimiza\u021bi sau s\u0103 \u00eei evita\u021bi c\u00e2t mai mult posibil. H-500 poate fi folosit si profilactic in lupta impotriva efectelor radicalilor liberi.<\/p>\n<h3>H-500 - cine \u00eel poate folosi?<\/h3>\n<p>H-500 este un supliment alimentar conceput pentru adul\u021bii care doresc s\u0103-\u0219i sus\u021bin\u0103 s\u0103n\u0103tatea \u0219i bun\u0103starea general\u0103. Este util \u00een special pentru persoanele care duc un stil de via\u021b\u0103 stresant, tr\u0103iesc \u00een zone puternic industrializate sau \u00eendeplinesc locuri de munc\u0103 solicitante. Datorit\u0103 propriet\u0103\u021bilor sale antioxidante puternice, H-500 poate ajuta la protejarea organismului \u00eempotriva efectelor nocive ale radicalilor liberi \u0219i poate sprijini buna func\u021bionare a organismului.<\/p>\n<p>De asemenea, este benefic pentru persoanele \u00een v\u00e2rst\u0103, deoarece antioxidan\u021bii naturali ai corpului scade pe m\u0103sur\u0103 ce \u00eemb\u0103tr\u00e2nim, iar acest supliment ofer\u0103 electronii pe care \u00eei caut\u0103 radicalii liberi, prevenind deteriorarea celulelor s\u0103n\u0103toase. Poate fi folosit si ca masura preventiva in lupta impotriva efectelor radicalilor liberi, care pot provoca boli legate de functionarea creierului, afectiuni oculare, afectiuni pulmonare, boli de inima, boli ale scheletului.<\/p>\n<p>\u00cen plus, v\u0103 rug\u0103m s\u0103 re\u021bine\u021bi c\u0103 H-500 este un supliment alimentar \u0219i nu trebuie utilizat ca \u00eenlocuitor pentru o diet\u0103 echilibrat\u0103 \u0219i un stil de via\u021b\u0103 s\u0103n\u0103tos. De asemenea, este important s\u0103 v\u0103 consulta\u021bi medicul \u00eenainte de a utiliza H-500, mai ales dac\u0103 ave\u021bi orice afec\u021biuni medicale preexistente sau lua\u021bi medicamente.<\/p>\n<p><img data-opt-id=1840539763  fetchpriority=\"high\" decoding=\"async\" class=\"aligncenter wp-image-5511 size-full\" src=\"https:\/\/mlccfyajnfvu.i.optimole.com\/w:auto\/h:auto\/q:mauto\/f:best\/https:\/\/coralforyou.eu\/wp-content\/uploads\/2022\/12\/h-500-2-Medium.jpeg\" alt=\"\" width=\"640\" height=\"427\" srcset=\"https:\/\/mlccfyajnfvu.i.optimole.com\/w:640\/h:427\/q:mauto\/f:best\/https:\/\/coralforyou.eu\/wp-content\/uploads\/2022\/12\/h-500-2-Medium.jpeg 640w, https:\/\/mlccfyajnfvu.i.optimole.com\/w:300\/h:200\/q:mauto\/f:best\/https:\/\/coralforyou.eu\/wp-content\/uploads\/2022\/12\/h-500-2-Medium.jpeg 300w, https:\/\/mlccfyajnfvu.i.optimole.com\/w:600\/h:400\/q:mauto\/f:best\/https:\/\/coralforyou.eu\/wp-content\/uploads\/2022\/12\/h-500-2-Medium.jpeg 600w\" sizes=\"(max-width: 640px) 100vw, 640px\" \/><\/p>\n<h3>H-500 - recenzii<\/h3>\n<h5>Ce spun consumatorii despre H-500?<\/h5>\n<blockquote><p>\u201eCa femeie, caut mereu modalit\u0103\u021bi de a r\u0103m\u00e2ne t\u00e2n\u0103r\u0103, iar H-500 m\u0103 ajut\u0103 foarte mult \u00een acest sens. Propriet\u0103\u021bile sale antioxidante puternice lupt\u0103 \u00eempotriva radicalilor liberi, f\u0103c\u00e2ndu-mi pielea \u0219i corpul s\u0103 arate mai tinere \u0219i mai str\u0103lucitoare.\u201d\u00a0\u00a0<b>Maria, 35 de ani.<\/b><\/p>\n<p>\u201eAm descoperit c\u0103 luarea de antioxidan\u021bi precum H-500 poate fi benefic\u0103 pentru cei care au probleme cu sistemul neurologic. L-am \u00eencercat personal \u0219i am observat o \u00eembun\u0103t\u0103\u021bire a bun\u0103st\u0103rii mele generale.\u201d <strong>Camelia<\/strong><b>, 58 de ani.<\/b><\/p><\/blockquote>\n<h4>H-500 - ce spun exper\u021bii \u00een s\u0103n\u0103tate despre acest produs<\/h4>\n<blockquote><p>\u201eEste de remarcat faptul c\u0103 H-500 este un supliment alimentar a c\u0103rui sarcin\u0103 este de a sus\u021bine s\u0103n\u0103tatea general\u0103 \u0219i bun\u0103starea. Este un antioxidant puternic care protejeaz\u0103 \u00eentregul organism \u00eempotriva radicalilor liberi \u0219i este benefic pentru persoanele care tr\u0103iesc sub stres, \u00een zonele puternic industrializate \u0219i muncesc din greu. Ajut\u0103 la reducerea oboselii dup\u0103 efort fizic sau mental, \u00eembun\u0103t\u0103\u021be\u0219te propriet\u0103\u021bile cognitive \u0219i mentale, poate fi benefic pentru v\u00e2rstnici, deoarece cantitatea de antioxidan\u021bi naturali din organism scade odat\u0103 cu v\u00e2rsta, motiv pentru care este at\u00e2t de important s\u0103 furnizezi radicalii liberi cu electronii pe care \u00eei cauta sa previi deteriorarea celulelor sanatoase. Ar trebui luat\u0103 sub \u00eendrumarea unui profesionist din domeniul s\u0103n\u0103t\u0103\u021bii \u0219i ca o completare a unui stil de via\u021b\u0103 s\u0103n\u0103tos.\u201d\u00a0<b>\u00a0 Michael, specialist \u00een s\u0103n\u0103tate \u0219i nutri\u021bie.<\/b><\/p><\/blockquote>\n<h4>H-500 - de unde \u00eel pot cump\u0103ra \u0219i la ce pre\u021b<\/h4>\n<p>H-500 este un produs exclusiv Coral Club \u0219i poate fi achizi\u021bionat numai din magazinele oficiale Coral Club -\u00a0<a href=\"https:\/\/pl.coral.club\/shop\/h-500.html?language=pl&amp;REF_CODE=455344920720&amp;offer=91883&amp;utm_source=copy-link&amp;utm_medium=prod-recom\" target=\"_blank\" rel=\"noopener nofollow\">AICI<\/a>\u00a0. V\u0103 sf\u0103tuim insistent s\u0103 evita\u021bi orice platform\u0103 ter\u021b\u0103 parte, cum ar fi Amazon sau E-bay. Mai mult, dac\u0103 cump\u0103ra\u021bi produsul\u00a0\u00a0<a href=\"https:\/\/pl.coral.club\/shop\/h-500.html?language=pl&amp;REF_CODE=455344920720&amp;offer=91883&amp;utm_source=copy-link&amp;utm_medium=prod-recom\" target=\"_blank\" rel=\"noopener nofollow\">AICI<\/a>\u00a0, ve\u021bi ob\u021bine pre\u021bul H-500 20% mai mic.<\/p>\n<p>IMPORTANT: Suplimentele alimentare nu pot fi folosite ca \u00eenlocuitor pentru o diet\u0103 variat\u0103. Suplimentul alimentar trebuie p\u0103strat la \u00eendem\u00e2na copiilor mici. A nu se utiliza \u00een caz de intoleran\u021b\u0103 la oricare dintre ingredientele suplimentului alimentar. ACEST PRODUS NU ESTE DESTINAT S\u0102 DIAGNOSTICE, TRATEAZ\u0102 SAU PREVENI NICIO BOL\u0102.<\/p>\n<p>&nbsp;<\/p>\n<h3 style=\"text-align: center;\"><a class=\"przycisk\" href=\"https:\/\/pl.coral.club\/shop\/h-500.html?language=pl&amp;REF_CODE=455344920720&amp;offer=91883&amp;utm_source=copy-link&amp;utm_medium=prod-recom\" target=\"_blank\" rel=\"noopener nofollow\">CUMP\u0102R\u0102 H-500 CORAL CLUB AICI<\/a><\/h3>\n<h3 style=\"text-align: center;\"><\/h3>","protected":false},"excerpt":{"rendered":"<p>H-500 de la Coral Club este un supliment alimentar care are propriet\u0103\u021bi antioxidante puternice, protej\u00e2nd eficient organismul \u00eempotriva efectelor nocive ale radicalilor liberi. Este foarte apreciat \u00een r\u00e2ndul profesioni\u0219tilor din domeniul s\u0103n\u0103t\u0103\u021bii datorit\u0103 propriet\u0103\u021bilor sale care sus\u021bin buna func\u021bionare a organismului.\u00a0<span class=\"VIpgJd-yAWNEb-VIpgJd-fmcmS-sn54Q\">Acest lucru este benefic \u00een special pentru persoanele care duc un stil de via\u021b\u0103 stresant, tr\u0103iesc \u00een zone puternic industrializate sau \u00eendeplinesc locuri de munc\u0103 solicitante.\u00a0<\/span>Stilul de via\u021b\u0103 modern, care este adesea asociat cu somnul sc\u0103zut \u0219i utilizarea stimulen\u021bilor, \u00ee\u0219i poate afecta organismul, f\u0103c\u00e2nd din H-500 un instrument valoros pentru men\u021binerea s\u0103n\u0103t\u0103\u021bii generale \u0219i a bun\u0103st\u0103rii.<\/p>","protected":false},"featured_media":6284,"comment_status":"open","ping_status":"closed","template":"","meta":{"_monsterinsights_skip_tracking":false,"_monsterinsights_sitenote_active":false,"_monsterinsights_sitenote_note":"","_monsterinsights_sitenote_category":0,"site-sidebar-layout":"default","site-content-layout":"default","ast-site-content-layout":"default","site-content-style":"default","site-sidebar-style":"default","ast-global-header-display":"","ast-banner-title-visibility":"","ast-main-header-display":"","ast-hfb-above-header-display":"","ast-hfb-below-header-display":"","ast-hfb-mobile-header-display":"","site-post-title":"","ast-breadcrumbs-content":"","ast-featured-img":"","footer-sml-layout":"","theme-transparent-header-meta":"default","adv-header-id-meta":"","stick-header-meta":"","header-above-stick-meta":"","header-main-stick-meta":"","header-below-stick-meta":"","astra-migrate-meta-layouts":"default","ast-page-background-enabled":"default","ast-page-background-meta":{"desktop":{"background-color":"","background-image":"","background-repeat":"repeat","background-position":"center center","background-size":"auto","background-attachment":"scroll","background-type":"","background-media":"","overlay-type":"","overlay-color":"","overlay-opacity":"","overlay-gradient":""},"tablet":{"background-color":"","background-image":"","background-repeat":"repeat","background-position":"center center","background-size":"auto","background-attachment":"scroll","background-type":"","background-media":"","overlay-type":"","overlay-color":"","overlay-opacity":"","overlay-gradient":""},"mobile":{"background-color":"","background-image":"","background-repeat":"repeat","background-position":"center center","background-size":"auto","background-attachment":"scroll","background-type":"","background-media":"","overlay-type":"","overlay-color":"","overlay-opacity":"","overlay-gradient":""}},"ast-content-background-meta":{"desktop":{"background-color":"var(--ast-global-color-5)","background-image":"","background-repeat":"repeat","background-position":"center center","background-size":"auto","background-attachment":"scroll","background-type":"","background-media":"","overlay-type":"","overlay-color":"","overlay-opacity":"","overlay-gradient":""},"tablet":{"background-color":"var(--ast-global-color-5)","background-image":"","background-repeat":"repeat","background-position":"center center","background-size":"auto","background-attachment":"scroll","background-type":"","background-media":"","overlay-type":"","overlay-color":"","overlay-opacity":"","overlay-gradient":""},"mobile":{"background-color":"var(--ast-global-color-5)","background-image":"","background-repeat":"repeat","background-position":"center center","background-size":"auto","background-attachment":"scroll","background-type":"","background-media":"","overlay-type":"","overlay-color":"","overlay-opacity":"","overlay-gradient":""}}},"product_brand":[],"product_cat":[58,60],"product_tag":[],"class_list":{"0":"post-5460","1":"product","2":"type-product","3":"status-publish","4":"has-post-thumbnail","6":"product_cat-all","7":"product_cat-detox","8":"desktop-align-center","9":"tablet-align-center","10":"mobile-align-center","12":"first","13":"instock","14":"shipping-taxable","15":"product-type-external"},"_links":{"self":[{"href":"https:\/\/coralforyou.eu\/ro\/wp-json\/wp\/v2\/product\/5460","targetHints":{"allow":["GET"]}}],"collection":[{"href":"https:\/\/coralforyou.eu\/ro\/wp-json\/wp\/v2\/product"}],"about":[{"href":"https:\/\/coralforyou.eu\/ro\/wp-json\/wp\/v2\/types\/product"}],"replies":[{"embeddable":true,"href":"https:\/\/coralforyou.eu\/ro\/wp-json\/wp\/v2\/comments?post=5460"}],"version-history":[{"count":0,"href":"https:\/\/coralforyou.eu\/ro\/wp-json\/wp\/v2\/product\/5460\/revisions"}],"wp:featuredmedia":[{"embeddable":true,"href":"https:\/\/coralforyou.eu\/ro\/wp-json\/wp\/v2\/media\/6284"}],"wp:attachment":[{"href":"https:\/\/coralforyou.eu\/ro\/wp-json\/wp\/v2\/media?parent=5460"}],"wp:term":[{"taxonomy":"product_brand","embeddable":true,"href":"https:\/\/coralforyou.eu\/ro\/wp-json\/wp\/v2\/product_brand?post=5460"},{"taxonomy":"product_cat","embeddable":true,"href":"https:\/\/coralforyou.eu\/ro\/wp-json\/wp\/v2\/product_cat?post=5460"},{"taxonomy":"product_tag","embeddable":true,"href":"https:\/\/coralforyou.eu\/ro\/wp-json\/wp\/v2\/product_tag?post=5460"}],"curies":[{"name":"wp","href":"https:\/\/api.w.org\/{rel}","templated":true}]}}