{"id":5463,"date":"2022-12-23T11:56:58","date_gmt":"2022-12-23T11:56:58","guid":{"rendered":"https:\/\/coralforyou.eu\/?post_type=product&#038;p=5463"},"modified":"2024-07-08T15:31:12","modified_gmt":"2024-07-08T15:31:12","slug":"parafight-coral-club","status":"publish","type":"product","link":"https:\/\/coralforyou.eu\/ro\/produs\/parafight-coral-club\/","title":{"rendered":"ParaFight Coral Club - cur\u0103\u021barea natural\u0103 a parazi\u021bilor"},"content":{"rendered":"<h1><b><a href=\"https:\/\/coralforyou.eu\/ro\/\"><span class=\"\">ParaFight Coral Club<\/span><\/a><span class=\"\">\u00a0\u00a0\u2013 cur\u0103\u021barea natural\u0103 a parazi\u021bilor<\/span><\/b><\/h1>\n<p>ParaFight este un supliment alimentar conceput pentru a sus\u021bine s\u0103n\u0103tatea general\u0103 \u0219i bun\u0103starea, sprijinind detoxifierea \u0219i \u00eendep\u0103rtarea natural\u0103 a parazi\u021bilor. Produsul este un puternic agent antiparazitar care optimizeaz\u0103 activitatea tractului digestiv \u0219i intensific\u0103 efectul de deparazitare.<\/p>\n<h2>ParaFight - compozi\u021bie \u0219i avantaje<\/h2>\n<p>Ingredientul principal al produsului este un extract din pericarp \u0219i frunze de nuc negru \u0219i juglon\u0103. Frunzele de nuc negru sunt cunoscute pentru aroma lor \u00eendr\u0103znea\u021b\u0103 \u0219i au fost asociate cu multe beneficii pentru s\u0103n\u0103tate, cum ar fi riscul redus de boli de inim\u0103 \u0219i pierderea \u00een greutate. Propriet\u0103\u021bile antioxidante \u0219i antibacteriene ale nucilor negre le fac utile \u00een tratamentul natural al infec\u021biilor parazitare \u0219i bacteriene.<\/p>\n<p>Un alt ingredient important din produsul Parafight este juglona, care inhib\u0103 activ ac\u021biunea bacteriilor \u0219i ciupercilor patogene. Ajut\u0103 la \u00eembun\u0103t\u0103\u021birea func\u021biei intestinale \u0219i asigur\u0103 formarea unui scaun moale. Flavonoidele \u0219i tinctura relaxeaz\u0103 mu\u0219chii netezi, reduc irita\u021bia \u0219i inflama\u021bia mucoaselor \u0219i contribuie la regenerarea acestora.<\/p>\n<p>Pe l\u00e2ng\u0103 efectul antiparazitar, Parafight are un efect cuprinz\u0103tor asupra \u00eentregului organism. Mul\u021bi consumatori au raportat c\u0103 este un copil miracol \u00een ceea ce prive\u0219te eficacitatea \u0219i beneficiile generale pentru s\u0103n\u0103tate.<\/p>\n<p>Se recomand\u0103 utilizarea sub supravegherea unui profesionist din domeniul s\u0103n\u0103t\u0103\u021bii \u0219i ca supliment pentru un stil de via\u021b\u0103 s\u0103n\u0103tos.<\/p>\n<h3><strong>Beneficiile utiliz\u0103rii Parafight:<\/strong><\/h3>\n<ul>\n<li>Efect natural de cur\u0103\u021bare de la parazi\u021bi: Produsul este conceput pentru a combate \u0219i elimina infec\u021biile parazitare din organism.<\/li>\n<li>\u00cembun\u0103t\u0103\u021birea func\u021biei digestive: Ingredientele active con\u021binute \u00een Parafight ajut\u0103 la optimizarea func\u021biei tractului digestiv \u0219i la \u00eembun\u0103t\u0103\u021birea regularit\u0103\u021bii mi\u0219c\u0103rilor intestinale.<\/li>\n<li>Intensificarea efectului de deparazitare: Produsul ajut\u0103 la eliminarea elementelor nedorite \u0219i a toxinelor din organism, care pot ajuta la men\u021binerea s\u0103n\u0103t\u0103\u021bii \u0219i a st\u0103rii bune pentru mai mult timp.<\/li>\n<li>Propriet\u0103\u021bi antioxidante \u0219i antibacteriene: Frunzele de nuc negru, un ingredient cheie \u00een produs, con\u021bin antioxidan\u021bi \u0219i propriet\u0103\u021bi antibacteriene care ajut\u0103 la protejarea organismului \u00eempotriva diferitelor boli.<\/li>\n<li>Risc redus de boli de inim\u0103: frunzele de nuc negru sunt cunoscute pentru reducerea riscului de boli de inim\u0103.<\/li>\n<li>Sc\u0103dere \u00een greutate: se spune c\u0103 produsul ajut\u0103 la pierderea \u00een greutate prin reducerea apetitului \u0219i digestia.<\/li>\n<li>Niveluri crescute de energie: produsul cre\u0219te capacitatea organismului de a elimina toxinele, care la r\u00e2ndul lor pot ajuta la \u00eembun\u0103t\u0103\u021birea nivelului de energie.<\/li>\n<li>Bun\u0103stare general\u0103 \u00eembun\u0103t\u0103\u021bit\u0103: mul\u021bi consumatori au raportat c\u0103 utilizarea Parafight i-a ajutat s\u0103 se simt\u0103 mai bine \u00een general, reduc\u00e2nd simptomele anumitor afec\u021biuni.<\/li>\n<\/ul>\n<p>Merit\u0103 men\u021bionat faptul c\u0103, ca \u0219i \u00een cazul oric\u0103rui supliment alimentar, este important s\u0103 v\u0103 consulta\u021bi cu medicul dumneavoastr\u0103 \u00eenainte de a lua Parafight pentru a v\u0103 asigura c\u0103 este potrivit pentru dvs. \u0219i pentru a discuta eventualele interac\u021biuni cu alte medicamente sau suplimente pe care le pute\u021bi lua.<\/p>\n<h3>ParaFight - cine \u00eel poate folosi?<\/h3>\n<p>Parafight este un produs antiparazitar destinat persoanelor care pot fi expuse riscului de infectii parazitare sau care pot dezvolta simptome ale unei infectii parazitare. Se recomand\u0103 utilizarea sub supravegherea unui profesionist din domeniul s\u0103n\u0103t\u0103\u021bii. Este benefic pentru persoanele care doresc s\u0103 optimizeze activitatea tractului digestiv \u0219i s\u0103 creasc\u0103 efectul de deparazitare \u0219i este recomandat \u0219i ca prevenire general\u0103 a organismului.<\/p>\n<h3>Recenzii pentru Parafight:<\/h3>\n<h5>Ce spun consumatorii despre acest produs?<\/h5>\n<blockquote><p>\u201eFolosesc Parafight de c\u00e2teva s\u0103pt\u0103m\u00e2ni \u0219i am observat deja o \u00eembun\u0103t\u0103\u021bire semnificativ\u0103 a digestiei \u0219i a bun\u0103st\u0103rii mele generale. Produsul const\u0103 din ingrediente naturale precum frunzele de nuc negru \u0219i juglona, care \u00eempreun\u0103 lupt\u0103 eficient \u00eempotriva infec\u021biilor parazitare.<\/p>\n<p>De asemenea, apreciez c\u0103 ajut\u0103 la \u00eembun\u0103t\u0103\u021birea func\u021biei generale a tractului meu digestiv. Recomand acest produs tuturor celor care caut\u0103 o modalitate natural\u0103 de a lupta \u00eempotriva infec\u021biilor parazitare.\u201d <strong>E<\/strong><b>va, 23 de ani<\/b><\/p>\n<p>\u201eRecent am \u00eenceput s\u0103 folosesc Parafight \u0219i sunt foarte mul\u021bumit de rezultate. Ca persoan\u0103 predispus\u0103 la infec\u021bii parazitare, c\u0103utam o solu\u021bie natural\u0103 \u0219i eficient\u0103 la aceast\u0103 problem\u0103. Parafight con\u021bine un amestec puternic de ingrediente, cum ar fi frunze de nuc negru \u0219i juglone, care au propriet\u0103\u021bi anti-parazitare \u0219i anti-bacteriene.<\/p>\n<p>De c\u00e2nd am \u00eenceput s\u0103 folosesc acest supliment, am observat o \u00eembun\u0103t\u0103\u021bire a digestiei mele generale \u0219i a regularit\u0103\u021bii intestinului. De asemenea, m\u0103 simt mai energic \u0219i mai pu\u021bin predispus la infec\u021bii. Apreciez c\u0103 este f\u0103cut din ingrediente naturale \u0219i c\u0103 sus\u021bine s\u0103n\u0103tatea general\u0103 \u0219i bun\u0103starea.<\/p>\n<p>V\u0103 rug\u0103m s\u0103 re\u021bine\u021bi c\u0103 este important s\u0103 respecta\u021bi doza recomandat\u0103 \u0219i s\u0103 consulta\u021bi medicul dumneavoastr\u0103 \u00eenainte de utilizare, mai ales dac\u0103 sunte\u021bi gravid\u0103 sau ave\u021bi orice afec\u021biune medical\u0103. \u00cen general, recomand Parafight tuturor celor care caut\u0103 o modalitate natural\u0103 \u0219i eficient\u0103 de a-\u0219i sus\u021bine s\u0103n\u0103tatea \u0219i bun\u0103starea general\u0103.\u201d <strong>marc\u0103<\/strong><b>, 38 de ani<\/b><\/p><\/blockquote>\n<h3>ParaFight - de unde s\u0103 cump\u0103r \u0219i la ce pre\u021b?<\/h3>\n<p>Parafight este un produs exclusiv Coral Club \u0219i poate fi achizi\u021bionat doar din magazinele oficiale Coral Club -\u00a0<a href=\"https:\/\/pl.coral.club\/shop\/parafight.html?language=pl&amp;REF_CODE=160536579867&amp;utm_source=copy-link&amp;utm_medium=prod-recom\" target=\"_blank\" rel=\"noopener nofollow\">AICI<\/a>\u00a0. V\u0103 sf\u0103tuim insistent s\u0103 evita\u021bi orice platform\u0103 ter\u021b\u0103 parte, cum ar fi Amazon sau E-bay. Mai mult, dac\u0103 cump\u0103ra\u021bi produsul\u00a0\u00a0<a href=\"https:\/\/pl.coral.club\/shop\/parafight.html?language=pl&amp;REF_CODE=160536579867&amp;utm_source=copy-link&amp;utm_medium=prod-recom\" target=\"_blank\" rel=\"noopener nofollow\">AICI<\/a>\u00a0, ve\u021bi ob\u021bine pre\u021bul Parafight 20% mai mic.<\/p>\n<p>IMPORTANT: Suplimentele alimentare nu pot fi folosite ca \u00eenlocuitor pentru o diet\u0103 variat\u0103. Suplimentul alimentar trebuie p\u0103strat la \u00eendem\u00e2na copiilor mici. A nu se utiliza \u00een caz de intoleran\u021b\u0103 la oricare dintre ingredientele suplimentului alimentar.\u00a0<span class=\"VIpgJd-yAWNEb-VIpgJd-fmcmS-sn54Q\">ACEST PRODUS NU ESTE DESTINAT S\u0102 DIAGNOSTICE, TRATEAZ\u0102 SAU PREVENI NICIO BOL\u0102.<\/span><\/p>\n<p>&nbsp;<\/p>\n<h3 style=\"text-align: center;\"><a class=\"przycisk\" href=\"https:\/\/pl.coral.club\/shop\/parafight.html?language=pl&amp;REF_CODE=160536579867&amp;utm_source=copy-link&amp;utm_medium=prod-recom\" target=\"_blank\" rel=\"noopener nofollow\"><span class=\"VIpgJd-yAWNEb-VIpgJd-fmcmS-sn54Q\">CUMP\u0102R\u0102 AICI PARAFIGHT CORAL CLUB<\/span><\/a><\/h3>","protected":false},"excerpt":{"rendered":"<p><span class=\"\">ParaFight este un supliment alimentar conceput pentru a sus\u021bine s\u0103n\u0103tatea general\u0103 \u0219i bun\u0103starea, ajut\u00e2nd la detoxifiere.\u00a0<\/span>Produsul este un puternic agent antiparazitar care optimizeaz\u0103 activitatea tractului digestiv \u0219i intensific\u0103 efectul de deparazitare.<\/p>","protected":false},"featured_media":5506,"comment_status":"open","ping_status":"closed","template":"","meta":{"_monsterinsights_skip_tracking":false,"_monsterinsights_sitenote_active":false,"_monsterinsights_sitenote_note":"","_monsterinsights_sitenote_category":0,"site-sidebar-layout":"default","site-content-layout":"default","ast-site-content-layout":"default","site-content-style":"default","site-sidebar-style":"default","ast-global-header-display":"","ast-banner-title-visibility":"","ast-main-header-display":"","ast-hfb-above-header-display":"","ast-hfb-below-header-display":"","ast-hfb-mobile-header-display":"","site-post-title":"","ast-breadcrumbs-content":"","ast-featured-img":"","footer-sml-layout":"","theme-transparent-header-meta":"default","adv-header-id-meta":"","stick-header-meta":"","header-above-stick-meta":"","header-main-stick-meta":"","header-below-stick-meta":"","astra-migrate-meta-layouts":"default","ast-page-background-enabled":"default","ast-page-background-meta":{"desktop":{"background-color":"","background-image":"","background-repeat":"repeat","background-position":"center center","background-size":"auto","background-attachment":"scroll","background-type":"","background-media":"","overlay-type":"","overlay-color":"","overlay-opacity":"","overlay-gradient":""},"tablet":{"background-color":"","background-image":"","background-repeat":"repeat","background-position":"center center","background-size":"auto","background-attachment":"scroll","background-type":"","background-media":"","overlay-type":"","overlay-color":"","overlay-opacity":"","overlay-gradient":""},"mobile":{"background-color":"","background-image":"","background-repeat":"repeat","background-position":"center center","background-size":"auto","background-attachment":"scroll","background-type":"","background-media":"","overlay-type":"","overlay-color":"","overlay-opacity":"","overlay-gradient":""}},"ast-content-background-meta":{"desktop":{"background-color":"var(--ast-global-color-5)","background-image":"","background-repeat":"repeat","background-position":"center center","background-size":"auto","background-attachment":"scroll","background-type":"","background-media":"","overlay-type":"","overlay-color":"","overlay-opacity":"","overlay-gradient":""},"tablet":{"background-color":"var(--ast-global-color-5)","background-image":"","background-repeat":"repeat","background-position":"center center","background-size":"auto","background-attachment":"scroll","background-type":"","background-media":"","overlay-type":"","overlay-color":"","overlay-opacity":"","overlay-gradient":""},"mobile":{"background-color":"var(--ast-global-color-5)","background-image":"","background-repeat":"repeat","background-position":"center center","background-size":"auto","background-attachment":"scroll","background-type":"","background-media":"","overlay-type":"","overlay-color":"","overlay-opacity":"","overlay-gradient":""}}},"product_brand":[],"product_cat":[58,60],"product_tag":[],"class_list":{"0":"post-5463","1":"product","2":"type-product","3":"status-publish","4":"has-post-thumbnail","6":"product_cat-all","7":"product_cat-detox","8":"desktop-align-center","9":"tablet-align-center","10":"mobile-align-center","12":"first","13":"instock","14":"shipping-taxable","15":"product-type-external"},"_links":{"self":[{"href":"https:\/\/coralforyou.eu\/ro\/wp-json\/wp\/v2\/product\/5463","targetHints":{"allow":["GET"]}}],"collection":[{"href":"https:\/\/coralforyou.eu\/ro\/wp-json\/wp\/v2\/product"}],"about":[{"href":"https:\/\/coralforyou.eu\/ro\/wp-json\/wp\/v2\/types\/product"}],"replies":[{"embeddable":true,"href":"https:\/\/coralforyou.eu\/ro\/wp-json\/wp\/v2\/comments?post=5463"}],"version-history":[{"count":0,"href":"https:\/\/coralforyou.eu\/ro\/wp-json\/wp\/v2\/product\/5463\/revisions"}],"wp:featuredmedia":[{"embeddable":true,"href":"https:\/\/coralforyou.eu\/ro\/wp-json\/wp\/v2\/media\/5506"}],"wp:attachment":[{"href":"https:\/\/coralforyou.eu\/ro\/wp-json\/wp\/v2\/media?parent=5463"}],"wp:term":[{"taxonomy":"product_brand","embeddable":true,"href":"https:\/\/coralforyou.eu\/ro\/wp-json\/wp\/v2\/product_brand?post=5463"},{"taxonomy":"product_cat","embeddable":true,"href":"https:\/\/coralforyou.eu\/ro\/wp-json\/wp\/v2\/product_cat?post=5463"},{"taxonomy":"product_tag","embeddable":true,"href":"https:\/\/coralforyou.eu\/ro\/wp-json\/wp\/v2\/product_tag?post=5463"}],"curies":[{"name":"wp","href":"https:\/\/api.w.org\/{rel}","templated":true}]}}